{"id":316391,"date":"2024-03-13T00:04:07","date_gmt":"2024-03-12T23:04:07","guid":{"rendered":"https:\/\/www.moskito.cz\/produkt\/emerson-cqc-8-schliessmesser\/"},"modified":"2025-05-07T11:03:53","modified_gmt":"2025-05-07T10:03:53","slug":"emerson-cqc-8-schliessmesser","status":"publish","type":"product","link":"https:\/\/www.moskito.cz\/de\/produkt\/emerson-cqc-8-schliessmesser\/","title":{"rendered":"Emerson CQC-8 Schlie\u00dfmesser"},"content":{"rendered":"<p><strong>Emerson<\/strong> CQC-8 Schlie\u00dfmesser<\/p>\n<p>Wer liebt Kurven nicht? Der CQC-8 hat von Anfang bis Ende alle Kurven und liegt gut in der Hand. Dieses Messer ist taktischer Natur, aber funktional. Das CQC-8 eignet sich zum Campen, Wandern, Jagen oder Patrouillieren und ist ein Messer, das immer und \u00fcberall hart arbeitet.<\/p>\n<p>Nach so vielen Anfragen, dem CQC-8 eine Flossenmodifikation hinzuzuf\u00fcgen, haben wir endlich das erste Messer fertiggestellt.<br \/>\nWenn sich das Blatt in der ge\u00f6ffneten Position befindet, ist die Flossenlasche vollst\u00e4ndig verborgen. Drehen, winken oder mit dem Daumen und \u00f6ffnen Sie dieses ikonische Emerson-Design.<\/p>\n<p><strong>Das taktische Klappmesser CQC-8 von Emerson<\/strong> gilt seit langem als eines der besten Kampfdesigns, die wir je hergestellt haben. Ergonomie und Klingendesign vereinen sich zu einer perfekten Einheit. Es ist im Vorw\u00e4rts- und R\u00fcckw\u00e4rtsgang perfekt ausbalanciert. Es verf\u00fcgt \u00fcber eine einfache, aber effektive Aufw\u00e4rtsschlagklinge, gepaart mit unserer patentierten Emerson Wave-Funktion und jetzt einer Lagerflosse. Es hat die Ehre, zusammen mit dem Combat Karambit und dem CQC-7 zu unseren Top 3 der beliebtesten Messer zu geh\u00f6ren.<\/p>\n<p>\u201eDer Emerson CQC-8 ist seit Jahren in bestimmten Kreisen des ber\u00fchmten britischen SAS-Regiments ein Favorit und seit dem Bosnien-Konflikt im Einsatz. Er ist ein echter kampferprobter Veteran, der seit den 1980er Jahren Jahre lang gab es in jedem Theater Action. \u2013 30 Jahre und immer noch stark!\u201c<\/p>\n<p>Stahl: 154 CM<br \/>\nKlingenl\u00e4nge: 10,7 cm<br \/>\nL\u00e4nge des gesamten Messers: 25,8 cm<br \/>\nGriff: G-10<br \/>\nSchwarzer Clip<br \/>\nHergestellt in den USA<\/p>\n<p>&nbsp;<\/p>\n<p><iframe title=\"CQC-8 | Know Your Emerson\" width=\"800\" height=\"450\" src=\"https:\/\/www.youtube.com\/embed\/XdEsU0Txlqw?feature=oembed\" frameborder=\"0\" allow=\"accelerometer; autoplay; clipboard-write; encrypted-media; gyroscope; picture-in-picture; web-share\" allowfullscreen><\/iframe><\/p>\n<p>&nbsp;<\/p>\n<p>&nbsp;<\/p>\n<p>&nbsp;<\/p>\n","protected":false},"excerpt":{"rendered":"<p><strong>EMERSON-MESSER WERDEN VON DER ELITE DES MILIT\u00c4RS UND DER STRAFVERFOLGUNG GESUCHT<\/strong><br \/>\n<strong>VON TRUPPEN AUF DER GANZEN WELT UND SETZEN DEN STANDARD, AN DEM ALLE ANDEREN TAKTISCHEN MESSER BEURTEILT WERDEN.<\/strong><\/p>\n<p>Kostenloser Transport.<\/p>\n","protected":false},"featured_media":316358,"comment_status":"open","ping_status":"closed","template":"","meta":[],"pwb-brand":[3787],"product_brand":[],"product_cat":[3303,3285],"product_tag":[3669],"class_list":{"0":"post-316391","1":"product","2":"type-product","3":"status-publish","4":"has-post-thumbnail","6":"pwb-brand-emerson-de","7":"product_cat-schliesmesser","8":"product_cat-messer","9":"product_tag-b2b-de","11":"first","12":"outofstock","13":"taxable","14":"shipping-taxable","15":"purchasable","16":"product-type-simple"},"brands":[{"id":3787,"name":"Emerson","slug":"emerson-de"}],"_links":{"self":[{"href":"https:\/\/www.moskito.cz\/de\/wp-json\/wp\/v2\/product\/316391","targetHints":{"allow":["GET"]}}],"collection":[{"href":"https:\/\/www.moskito.cz\/de\/wp-json\/wp\/v2\/product"}],"about":[{"href":"https:\/\/www.moskito.cz\/de\/wp-json\/wp\/v2\/types\/product"}],"replies":[{"embeddable":true,"href":"https:\/\/www.moskito.cz\/de\/wp-json\/wp\/v2\/comments?post=316391"}],"wp:featuredmedia":[{"embeddable":true,"href":"https:\/\/www.moskito.cz\/de\/wp-json\/wp\/v2\/media\/316358"}],"wp:attachment":[{"href":"https:\/\/www.moskito.cz\/de\/wp-json\/wp\/v2\/media?parent=316391"}],"wp:term":[{"taxonomy":"pwb-brand","embeddable":true,"href":"https:\/\/www.moskito.cz\/de\/wp-json\/wp\/v2\/pwb-brand?post=316391"},{"taxonomy":"product_brand","embeddable":true,"href":"https:\/\/www.moskito.cz\/de\/wp-json\/wp\/v2\/product_brand?post=316391"},{"taxonomy":"product_cat","embeddable":true,"href":"https:\/\/www.moskito.cz\/de\/wp-json\/wp\/v2\/product_cat?post=316391"},{"taxonomy":"product_tag","embeddable":true,"href":"https:\/\/www.moskito.cz\/de\/wp-json\/wp\/v2\/product_tag?post=316391"}],"curies":[{"name":"wp","href":"https:\/\/api.w.org\/{rel}","templated":true}]}}