{"id":316398,"date":"2023-03-28T20:02:17","date_gmt":"2023-03-28T19:02:17","guid":{"rendered":"https:\/\/www.moskito.cz\/produkt\/verschlussmesser-cold-steel-mini-recon-1-clip-pt-in-10a-stone-wash\/"},"modified":"2024-03-13T09:02:10","modified_gmt":"2024-03-13T08:02:10","slug":"verschlussmesser-cold-steel-mini-recon-1-clip-pt-in-10a-stone-wash","status":"publish","type":"product","link":"https:\/\/www.moskito.cz\/de\/produkt\/verschlussmesser-cold-steel-mini-recon-1-clip-pt-in-10a-stone-wash\/","title":{"rendered":"Verschlussmesser Cold Steel MINI RECON 1 CLIP PT IN 10A STONE WASH"},"content":{"rendered":"<p>Verschlussmesser <strong>Cold Steel<\/strong> MINI RECON 1 CLIP PT IN 10A STONE WASH<\/p>\n<p><strong>Mini Recon<\/strong> \u2013 erh\u00e4ltlich in 3 Klingenformen, Clip-, Tanto- und Speerspitze, es gibt f\u00fcr jeden ein Messer und dieses Jahr sind sie mit ihren brandneuen spritzgegossenen Griffen, die die Kosten niedrig halten, aber kaum Auswirkungen haben, um einiges g\u00fcnstiger auf ihrem legend\u00e4ren Ruf f\u00fcr St\u00e4rke und Robustheit.\u201c \u2013 Lynn Thompson<\/p>\n<p>Das Recon 1 ist eines der beliebtesten taktischen Klappmesser von Cold Steel.<\/p>\n<p>Beschreibung:<\/p>\n<p>Klingenmaterial: AUS-10A<br \/>\nGriffmaterial: GRN<br \/>\nSicherheit: Tri-Ad-Schloss<br \/>\nKlingenl\u00e4nge: 7,6 cm<br \/>\nGesamtl\u00e4nge: 17,8 cm<br \/>\nL\u00e4nge des gefalteten Messers: 10,2 cm<br \/>\nKlingenst\u00e4rke: 3 mm<br \/>\nGewicht: 100 g<br \/>\nKlingentyp: Clip Point<\/p>\n<p>&nbsp;<\/p>\n","protected":false},"excerpt":{"rendered":"<p><strong>Das Mini Recon 1 Clip Point Schlie\u00dfmesser mit glatter Schneide ist ein kleines und sehr leichtes Schlie\u00dfmesser, das perfekt in der Hand liegt.<\/strong><\/p>\n","protected":false},"featured_media":316400,"comment_status":"open","ping_status":"closed","template":"","meta":[],"pwb-brand":[3602],"product_brand":[],"product_cat":[3303,3285],"product_tag":[3669],"class_list":{"0":"post-316398","1":"product","2":"type-product","3":"status-publish","4":"has-post-thumbnail","6":"pwb-brand-kalter-stahl","7":"product_cat-schliesmesser","8":"product_cat-messer","9":"product_tag-b2b-de","11":"first","12":"instock","13":"taxable","14":"shipping-taxable","15":"purchasable","16":"product-type-simple"},"brands":[{"id":3602,"name":"Kalter Stahl","slug":"kalter-stahl"}],"_links":{"self":[{"href":"https:\/\/www.moskito.cz\/de\/wp-json\/wp\/v2\/product\/316398","targetHints":{"allow":["GET"]}}],"collection":[{"href":"https:\/\/www.moskito.cz\/de\/wp-json\/wp\/v2\/product"}],"about":[{"href":"https:\/\/www.moskito.cz\/de\/wp-json\/wp\/v2\/types\/product"}],"replies":[{"embeddable":true,"href":"https:\/\/www.moskito.cz\/de\/wp-json\/wp\/v2\/comments?post=316398"}],"wp:featuredmedia":[{"embeddable":true,"href":"https:\/\/www.moskito.cz\/de\/wp-json\/wp\/v2\/media\/316400"}],"wp:attachment":[{"href":"https:\/\/www.moskito.cz\/de\/wp-json\/wp\/v2\/media?parent=316398"}],"wp:term":[{"taxonomy":"pwb-brand","embeddable":true,"href":"https:\/\/www.moskito.cz\/de\/wp-json\/wp\/v2\/pwb-brand?post=316398"},{"taxonomy":"product_brand","embeddable":true,"href":"https:\/\/www.moskito.cz\/de\/wp-json\/wp\/v2\/product_brand?post=316398"},{"taxonomy":"product_cat","embeddable":true,"href":"https:\/\/www.moskito.cz\/de\/wp-json\/wp\/v2\/product_cat?post=316398"},{"taxonomy":"product_tag","embeddable":true,"href":"https:\/\/www.moskito.cz\/de\/wp-json\/wp\/v2\/product_tag?post=316398"}],"curies":[{"name":"wp","href":"https:\/\/api.w.org\/{rel}","templated":true}]}}