{"id":316514,"date":"2024-03-13T22:19:54","date_gmt":"2024-03-13T21:21:03","guid":{"rendered":"https:\/\/www.moskito.cz\/produkt\/emerson-super-karambit-stonewash-sf-klappmesser\/"},"modified":"2025-05-07T11:03:56","modified_gmt":"2025-05-07T10:03:56","slug":"emerson-super-karambit-stonewash-sf-klappmesser","status":"publish","type":"product","link":"https:\/\/www.moskito.cz\/de\/produkt\/emerson-super-karambit-stonewash-sf-klappmesser\/","title":{"rendered":"Emerson Super Karambit Stonewash SF Klappmesser"},"content":{"rendered":"<p><strong>Emerson<\/strong> Super Karambit Stonewash SF Klappmesser<\/p>\n<p>Der Emerson Super Karambit ist mit einer patentierten wellenf\u00f6rmigen \u00d6ffnungsfunktion oder einem Remote Pocket Opener ausgestattet. Im Notfall oder bei einem Unfall kann das Messer beim Herausziehen aus der Tasche einh\u00e4ndig ge\u00f6ffnet werden. Das Messer verf\u00fcgt \u00fcber eine hervorragende verst\u00e4rkte Spitzenkonstruktion, die die Spitze \u201eanhebt\u201c und eine Besch\u00e4digung der sehr feinen Spitze wie bei den Vorg\u00e4ngermodellen verhindert. Zweitens ist Emerson dazu \u00fcbergegangen, Abstandshalter mit Gewinde anstelle eines festen Abstandshalters wie bei den Modellen der vorherigen Generation zu verwenden. Dadurch wurde der Griff insbesondere im Ringbereich steifer. Beide \u00c4nderungen haben das Gesamtdesign und die Funktion des Messers erheblich verbessert.<\/p>\n<p>Materialien:<br \/>\nGriffe: Schwarzes G10-Epoxidharz\/Fiberglas<br \/>\nSchloss: Titan in Luftfahrtqualit\u00e4t<br \/>\nKlinge: 154 cm Edelstahl<br \/>\nOberfl\u00e4chenfinish: Stonewash<br \/>\nMahlgrad: Mei\u00dfelschliff<\/p>\n<p>Spezifikationen:<br \/>\nGesamtl\u00e4nge: 21 cm<br \/>\nKlingenl\u00e4nge: 8,5 cm<br \/>\nH\u00e4rte: 57-59 RC<br \/>\nFingerloch: 0,94 Zoll<br \/>\nGewicht: 5,5 Unzen.<br \/>\nHergestellt in den USA<\/p>\n<p>&nbsp;<\/p>\n","protected":false},"excerpt":{"rendered":"<p><strong>EMERSON-MESSER WERDEN VON DER ELITE DES MILIT\u00c4RS UND DER STRAFVERFOLGUNG GESUCHT<\/strong><br \/>\n<strong>VON TRUPPEN AUF DER GANZEN WELT UND SETZEN DEN STANDARD, AN DEM ALLE ANDEREN TAKTISCHEN MESSER BEURTEILT WERDEN.<\/strong><\/p>\n<p>Kostenloser Transport.<\/p>\n","protected":false},"featured_media":316484,"comment_status":"open","ping_status":"closed","template":"","meta":[],"pwb-brand":[3787],"product_brand":[],"product_cat":[3363,3285],"product_tag":[3669],"class_list":{"0":"post-316514","1":"product","2":"type-product","3":"status-publish","4":"has-post-thumbnail","6":"pwb-brand-emerson-de","7":"product_cat-karambits-de","8":"product_cat-messer","9":"product_tag-b2b-de","11":"first","12":"instock","13":"taxable","14":"shipping-taxable","15":"purchasable","16":"product-type-simple"},"brands":[{"id":3787,"name":"Emerson","slug":"emerson-de"}],"_links":{"self":[{"href":"https:\/\/www.moskito.cz\/de\/wp-json\/wp\/v2\/product\/316514","targetHints":{"allow":["GET"]}}],"collection":[{"href":"https:\/\/www.moskito.cz\/de\/wp-json\/wp\/v2\/product"}],"about":[{"href":"https:\/\/www.moskito.cz\/de\/wp-json\/wp\/v2\/types\/product"}],"replies":[{"embeddable":true,"href":"https:\/\/www.moskito.cz\/de\/wp-json\/wp\/v2\/comments?post=316514"}],"wp:featuredmedia":[{"embeddable":true,"href":"https:\/\/www.moskito.cz\/de\/wp-json\/wp\/v2\/media\/316484"}],"wp:attachment":[{"href":"https:\/\/www.moskito.cz\/de\/wp-json\/wp\/v2\/media?parent=316514"}],"wp:term":[{"taxonomy":"pwb-brand","embeddable":true,"href":"https:\/\/www.moskito.cz\/de\/wp-json\/wp\/v2\/pwb-brand?post=316514"},{"taxonomy":"product_brand","embeddable":true,"href":"https:\/\/www.moskito.cz\/de\/wp-json\/wp\/v2\/product_brand?post=316514"},{"taxonomy":"product_cat","embeddable":true,"href":"https:\/\/www.moskito.cz\/de\/wp-json\/wp\/v2\/product_cat?post=316514"},{"taxonomy":"product_tag","embeddable":true,"href":"https:\/\/www.moskito.cz\/de\/wp-json\/wp\/v2\/product_tag?post=316514"}],"curies":[{"name":"wp","href":"https:\/\/api.w.org\/{rel}","templated":true}]}}