{"id":316686,"date":"2024-03-14T20:02:32","date_gmt":"2024-03-14T19:05:57","guid":{"rendered":"https:\/\/www.moskito.cz\/produkt\/microtech-signature-series-makora-tactical-206-2ts-schiessmesser\/"},"modified":"2025-05-07T11:03:59","modified_gmt":"2025-05-07T10:03:59","slug":"microtech-signature-series-makora-tactical-206-2ts-schiessmesser","status":"publish","type":"product","link":"https:\/\/www.moskito.cz\/de\/produkt\/microtech-signature-series-makora-tactical-206-2ts-schiessmesser\/","title":{"rendered":"Microtech Signature Series Makora Tactical 206-2TS Schie\u00dfmesser"},"content":{"rendered":"<h3 data-pm-slice=\"1 1 []\"><strong>Microtech Signature Series Makora Tactical 206-2TS Schie\u00dfmesser<\/strong><\/h3>\n<p><strong>Das Makora Tactical 206-2TS der Microtech Signature Series<\/strong> ist <strong>ein OTF-Klappmesser (Out The Front) der Spitzenklasse,<\/strong> das <strong>die perfekte Kombination aus pr\u00e4ziser Verarbeitung, langlebigen Materialien und taktischem Design<\/strong> bietet. Dieses exklusive Modell <strong>ist nicht \u00fcberall erh\u00e4ltlich<\/strong> und daher <strong>sowohl f\u00fcr Sammler als auch f\u00fcr professionelle Anwender ein begehrtes Objekt<\/strong> . <\/p>\n<p>\ud83d\udfe2 <strong>Signature Series in limitierter Auflage \u2013 die Verf\u00fcgbarkeit ist sehr begrenzt!<\/strong><br \/>\n \ud83d\udfe2 <strong>Komplett amerikanische Produktion \u2013 Top-Qualit\u00e4t garantiert!<\/strong><\/p>\n<div>\n<hr>\n<\/div>\n<p>\ud83d\udccf <strong>Gesamtl\u00e4nge:<\/strong> 250 mm<br \/>\n\ud83d\udde1\ufe0f  <strong>Klingenl\u00e4nge:<\/strong> 101 mm<br \/>\n\ud83d\udccf  <strong>Klingenst\u00e4rke:<\/strong> 3,8 mm<br \/>\n\u2696\ufe0f  <strong>Gewicht:<\/strong> 130g<br \/>\n\ud83d\udee0\ufe0f <strong>Klingenmaterial:<\/strong> <strong>M390 \u2013 hochwertiger pulverbeschichteter Stahl mit extremer Haltbarkeit<\/strong><br \/>\n \ud83c\udfa8 <strong>Klingenoberfl\u00e4che:<\/strong> <strong>Tactical Two-Tone \u2013 eine Kombination aus schwarzem DLC und Satin-Finish<\/strong><br \/>\n \ud83d\udd29 <strong>:<\/strong> <strong>Schwarz eloxiertes Aluminium mit rutschfester Textur<\/strong><br \/>\n \ud83c\udfaf <strong>Mechanismus:<\/strong> <strong>OTF Double Action \u2013 blitzschnelles Aus- und Einfahren mit einem Knopf<\/strong><br \/>\n \ud83d\udd12 <strong>Sicherung:<\/strong> <strong>Sicherheitsverriegelung des OTF-Mechanismus<\/strong><br \/>\n \ud83d\udccc       <strong>Clip:<\/strong> <strong>Doppelseitiger tiefer Taschenclip f\u00fcr diskretes Tragen<\/strong><br \/>\n \ud83c\udf0d  <strong>Hergestellt in den USA<\/strong><\/p>\n<div>\n<hr>\n<\/div>\n<h3><strong>Haupteigenschaften:<\/strong><\/h3>\n<p>\u2714\ufe0f <strong>Einzigartiges Design der Signature Series<\/strong> \u2013 begrenzte Verf\u00fcgbarkeit und Sammlerwert.<br \/>\n\u2714\ufe0f <strong>M390 Stahl<\/strong> \u2013 extreme Verschlei\u00dffestigkeit und hohe Schnitthaltigkeit.<br \/>\n\u2714\ufe0f <strong>Taktisches Zweifarb-Finish<\/strong> \u2013 eine elegante und langlebige Kombination aus DLC- und Satin-Finish.<br \/>\n\u2714\ufe0f <strong>Leichtes, aber robustes Griffdesign<\/strong> \u2013 tolle Ergonomie und fester Halt.<br \/>\n\u2714\ufe0f <strong>OTF-Double-Action-Mechanismus<\/strong> \u2013 sofortige Reaktion auf das Dr\u00fccken der Taste.<br \/>\n\u2714\ufe0f <strong>Hergestellt in den USA<\/strong> \u2013 maximale Pr\u00e4zision und Qualit\u00e4t.<\/p>\n<div>\n<hr>\n<\/div>\n<h3><strong>Verwenden<\/strong><\/h3>\n<p>\ud83d\udd39 <strong>Taktischer Einsatz<\/strong> \u2013 Professionelles Werkzeug f\u00fcr Milit\u00e4r und Sicherheitskr\u00e4fte.<br \/>\n\ud83d\udd39 <strong>Everyday Carry (EDC)<\/strong> \u2013 Leicht, praktisch und einfach zu tragen.<br \/>\n\ud83d\udd39 <strong>Sammlerst\u00fcck<\/strong> \u2013   <strong>Exklusive Signature Series mit begrenzter Verf\u00fcgbarkeit.<\/strong><\/p>\n<div>\n<hr>\n<\/div>\n<h3><strong>Wartung und Schleifen<\/strong><\/h3>\n<p>\ud83d\udee1  <strong>Wartung:<\/strong><\/p>\n<ul data-spread=\"false\">\n<li>Wischen Sie die Klinge nach jedem Gebrauch mit einem trockenen Tuch ab und tragen Sie \u00d6l auf die beweglichen Teile auf.<\/li>\n<li>Reinigen Sie den OTF-Mechanismus regelm\u00e4\u00dfig, um einen reibungslosen Betrieb zu gew\u00e4hrleisten.<\/li>\n<li>An einem trockenen Ort aufbewahren und vor Feuchtigkeit sch\u00fctzen.<\/li>\n<\/ul>\n<p>\ud83d\udd2a <strong>Schleifen:<\/strong><\/p>\n<ul data-spread=\"false\">\n<li>Verwenden Sie <strong>Diamant- oder Keramiksch\u00e4rfer<\/strong> .<\/li>\n<li>Empfohlener Schleifwinkel: <strong>20\u00b0\u201325\u00b0<\/strong> .<\/li>\n<\/ul>\n<div>\n<hr>\n<\/div>\n<h3><strong>Vorteile und Nachteile<\/strong><\/h3>\n<p>\u2705  <strong>Hochwertige M390-Klinge mit taktischem Finish.<\/strong><br \/>\n\u2705  <strong>Leichtes und robustes Griffdesign mit hervorragendem Halt.<\/strong><br \/>\n\u2705  <strong>OTF-Double-Action-Mechanismus \u2013 sofortiges Ausfahren\/Einfahren mit einer Taste.<\/strong><br \/>\n\u2705  <strong>Exklusive Signature Series Edition \u2013 sehr begrenzte Verf\u00fcgbarkeit.<\/strong><br \/>\n\u2705  <strong>Hergestellt in den USA \u2013 hochwertige Materialien und pr\u00e4zise Verarbeitung.<\/strong><\/p>\n<p>\u274c <strong>H\u00f6herer Preis \u2013 entspricht Exklusivit\u00e4t und hochwertigen Materialien.<\/strong><br \/>\n \u274c <strong>F\u00fcr eine optimale Leistung ist eine regelm\u00e4\u00dfige Wartung des Mechanismus erforderlich.<\/strong><\/p>\n<div>\n<hr>\n<\/div>\n<h3><strong>Abschluss<\/strong><\/h3>\n<p><strong>Das Makora Tactical 206-2TS der Microtech Signature Series<\/strong> ist <strong>das ultimative OTF-Messer<\/strong> <strong>, das Spitzentechnologie, luxuri\u00f6se Materialien und un\u00fcbertroffene Funktionalit\u00e4t<\/strong> vereint. Dieses <strong>exklusive Modell<\/strong> , das <strong>nicht \u00fcberall erh\u00e4ltlich ist<\/strong> , ist die ideale Wahl f\u00fcr <strong>Sammler, Profis und anspruchsvolle Benutzer<\/strong> , die <strong>das Beste auf dem Markt<\/strong> suchen. <\/p>\n<p>\ud83d\udfe2 <strong>Lebenslange Garantie<\/strong> \u2013 Garantiert lange Lebensdauer und st\u00f6rungsfreien Betrieb.<br \/>\n \ud83d\udfe2 <strong>Kostenloser Versand<\/strong> \u2013 <strong>Jetzt bestellen und kostenlosen Versand erhalten! \ud83d\ude9a<\/strong><\/p>\n<p>\ud83d\udce6 <strong>Die Verf\u00fcgbarkeit ist begrenzt \u2013 holen Sie sich Ihres so schnell wie m\u00f6glich!<\/strong><\/p>\n<p>&nbsp;<\/p>\n<p><iframe title=\"Microtech Combat Troodon Torture Test\" width=\"800\" height=\"450\" src=\"https:\/\/www.youtube.com\/embed\/xE9TeOFYEjg?feature=oembed\" frameborder=\"0\" allow=\"accelerometer; autoplay; clipboard-write; encrypted-media; gyroscope; picture-in-picture; web-share\" allowfullscreen><\/iframe><\/p>\n<p>&nbsp;<\/p>\n<p>&nbsp;<\/p>\n","protected":false},"excerpt":{"rendered":"<p><strong>Das Makora Tactical 206-2TS der Microtech Signature Series ist das ultimative OTF-Messer, das Spitzentechnologie, luxuri\u00f6se Materialien und un\u00fcbertroffene Funktionalit\u00e4t vereint. Dieses exklusive Modell, das nicht \u00fcberall erh\u00e4ltlich ist, ist die ideale Wahl f\u00fcr Sammler, Profis und anspruchsvolle Benutzer, die das Beste auf dem Markt suchen. <\/strong><\/p>\n<p><strong>\ud83d\udce6 Jetzt bestellen und versandkostenfrei erhalten \ud83d\ude9a<\/strong><\/p>\n","protected":false},"featured_media":316646,"comment_status":"open","ping_status":"closed","template":"","meta":[],"pwb-brand":[3278],"product_brand":[],"product_cat":[3285,3343],"product_tag":[3669],"class_list":{"0":"post-316686","1":"product","2":"type-product","3":"status-publish","4":"has-post-thumbnail","6":"pwb-brand-microtech-de","7":"product_cat-messer","8":"product_cat-schiesmesser","9":"product_tag-b2b-de","11":"first","12":"outofstock","13":"taxable","14":"shipping-taxable","15":"purchasable","16":"product-type-simple"},"brands":[{"id":3278,"name":"Microtech","slug":"microtech-de"}],"_links":{"self":[{"href":"https:\/\/www.moskito.cz\/de\/wp-json\/wp\/v2\/product\/316686","targetHints":{"allow":["GET"]}}],"collection":[{"href":"https:\/\/www.moskito.cz\/de\/wp-json\/wp\/v2\/product"}],"about":[{"href":"https:\/\/www.moskito.cz\/de\/wp-json\/wp\/v2\/types\/product"}],"replies":[{"embeddable":true,"href":"https:\/\/www.moskito.cz\/de\/wp-json\/wp\/v2\/comments?post=316686"}],"wp:featuredmedia":[{"embeddable":true,"href":"https:\/\/www.moskito.cz\/de\/wp-json\/wp\/v2\/media\/316646"}],"wp:attachment":[{"href":"https:\/\/www.moskito.cz\/de\/wp-json\/wp\/v2\/media?parent=316686"}],"wp:term":[{"taxonomy":"pwb-brand","embeddable":true,"href":"https:\/\/www.moskito.cz\/de\/wp-json\/wp\/v2\/pwb-brand?post=316686"},{"taxonomy":"product_brand","embeddable":true,"href":"https:\/\/www.moskito.cz\/de\/wp-json\/wp\/v2\/product_brand?post=316686"},{"taxonomy":"product_cat","embeddable":true,"href":"https:\/\/www.moskito.cz\/de\/wp-json\/wp\/v2\/product_cat?post=316686"},{"taxonomy":"product_tag","embeddable":true,"href":"https:\/\/www.moskito.cz\/de\/wp-json\/wp\/v2\/product_tag?post=316686"}],"curies":[{"name":"wp","href":"https:\/\/api.w.org\/{rel}","templated":true}]}}