{"id":316828,"date":"2024-03-14T21:14:26","date_gmt":"2024-03-14T20:16:44","guid":{"rendered":"https:\/\/www.moskito.cz\/produkt\/microtech-combat-troodon-shadow-signature-series-schiessmesser-142-3ct-dsh\/"},"modified":"2025-05-07T11:04:04","modified_gmt":"2025-05-07T10:04:04","slug":"microtech-combat-troodon-shadow-signature-series-schiessmesser-142-3ct-dsh","status":"publish","type":"product","link":"https:\/\/www.moskito.cz\/de\/produkt\/microtech-combat-troodon-shadow-signature-series-schiessmesser-142-3ct-dsh\/","title":{"rendered":"Microtech Combat Troodon Shadow Signature Series Schie\u00dfmesser 142-3CT-DSH"},"content":{"rendered":"<p><strong>Microtech<\/strong> Combat Troodon Shadow Signature Series Schie\u00dfmesser 142-3CT-DSH<\/p>\n<p>Das gr\u00f6\u00dfte OTF-Messer von Microtech Knives ist nach dem Troodon-Dinosaurier benannt. Combat Troodon ist eine wirklich gro\u00dfe Version des beliebten Troodon. Trotz seiner Gr\u00f6\u00dfe f\u00fchlt sich der Griff schlank und bequem an. Die Aktion ist nat\u00fcrlich von Microtech hervorragend, wie man es erwarten w\u00fcrde. Gro\u00df und b\u00f6se!<\/p>\n<p>Dieses limitierte Modell <strong>der Shadow-<\/strong> Signatur-Delta-Frag-Serie weist mehrere wesentliche Verbesserungen auf. Das eloxierte Aluminiumgeh\u00e4use mit schwarzer Scherbenstruktur l\u00e4sst Wasser, Schmutz und Ablagerungen durch den Griff flie\u00dfen. Doppelschneidige Dolchklinge aus M390-Edelstahl mit schwarzem DLC-Finish und vollst\u00e4ndiger Verzahnung auf einer Seite. Hardware und Glasbrecher mit schwarzem DLC-Finish. Beachten Sie, dass diese \u00fcber Standard-Torx-Hardware verf\u00fcgen, sodass sie ohne Spezialwerkzeug gewartet werden k\u00f6nnen. Mit Nickel-Bor beschichtete Innenteile sorgen f\u00fcr eine glattere und korrosivere Wirkung. Der Taschenclip ist mit der Seriennummer, dem Herstellungsdatum, dem Claw-Logo und dem Logo der Signaturserie tief eingraviert.<\/p>\n<p>Herkunftsland: USA<br \/>\nGriffmaterial: Aluminium<br \/>\nKlingenmaterial: M390<br \/>\nKlingenstil: Zweischneidiger Dolch<br \/>\nKlingenoberfl\u00e4chenbehandlung: DLC<br \/>\nKantentyp: Vollst\u00e4ndig gezahnt<br \/>\nModell\/Muster: Combat Troodon<br \/>\nMessertyp: Double-Action-Automatik-OTF<br \/>\nSchlosstyp: Vorne<br \/>\nL\u00e4nge ge\u00f6ffnet: 23 cm<br \/>\nL\u00e4nge geschlossen: 13 cm<\/p>\n<p><iframe title=\"Microtech Combat Troodon Torture Test\" width=\"800\" height=\"450\" src=\"https:\/\/www.youtube.com\/embed\/xE9TeOFYEjg?feature=oembed\" frameborder=\"0\" allow=\"accelerometer; autoplay; clipboard-write; encrypted-media; gyroscope; picture-in-picture; web-share\" allowfullscreen><\/iframe><\/p>\n<p>&nbsp;<\/p>\n<p>&nbsp;<\/p>\n","protected":false},"excerpt":{"rendered":"<p><strong>Im Laufe der Jahre hat Microtech\u00ae Knives Messer mit Leidenschaft und K\u00f6nnen gef\u00fcllt, um nahezu Kunstwerke zu schaffen, die den Gipfel der Funktionalit\u00e4t darstellen. Alle Teile werden in den USA hergestellt.<\/strong><br \/>\n<strong>F\u00fcr alle Microtech-Messer gilt eine lebenslange Garantie.<\/strong><\/p>\n<p><strong>Kostenloser Transport.<\/strong><\/p>\n","protected":false},"featured_media":316812,"comment_status":"open","ping_status":"closed","template":"","meta":[],"pwb-brand":[3278],"product_brand":[],"product_cat":[3285,3343],"product_tag":[3669],"class_list":{"0":"post-316828","1":"product","2":"type-product","3":"status-publish","4":"has-post-thumbnail","6":"pwb-brand-microtech-de","7":"product_cat-messer","8":"product_cat-schiesmesser","9":"product_tag-b2b-de","11":"first","12":"instock","13":"taxable","14":"shipping-taxable","15":"purchasable","16":"product-type-simple"},"brands":[{"id":3278,"name":"Microtech","slug":"microtech-de"}],"_links":{"self":[{"href":"https:\/\/www.moskito.cz\/de\/wp-json\/wp\/v2\/product\/316828","targetHints":{"allow":["GET"]}}],"collection":[{"href":"https:\/\/www.moskito.cz\/de\/wp-json\/wp\/v2\/product"}],"about":[{"href":"https:\/\/www.moskito.cz\/de\/wp-json\/wp\/v2\/types\/product"}],"replies":[{"embeddable":true,"href":"https:\/\/www.moskito.cz\/de\/wp-json\/wp\/v2\/comments?post=316828"}],"wp:featuredmedia":[{"embeddable":true,"href":"https:\/\/www.moskito.cz\/de\/wp-json\/wp\/v2\/media\/316812"}],"wp:attachment":[{"href":"https:\/\/www.moskito.cz\/de\/wp-json\/wp\/v2\/media?parent=316828"}],"wp:term":[{"taxonomy":"pwb-brand","embeddable":true,"href":"https:\/\/www.moskito.cz\/de\/wp-json\/wp\/v2\/pwb-brand?post=316828"},{"taxonomy":"product_brand","embeddable":true,"href":"https:\/\/www.moskito.cz\/de\/wp-json\/wp\/v2\/product_brand?post=316828"},{"taxonomy":"product_cat","embeddable":true,"href":"https:\/\/www.moskito.cz\/de\/wp-json\/wp\/v2\/product_cat?post=316828"},{"taxonomy":"product_tag","embeddable":true,"href":"https:\/\/www.moskito.cz\/de\/wp-json\/wp\/v2\/product_tag?post=316828"}],"curies":[{"name":"wp","href":"https:\/\/api.w.org\/{rel}","templated":true}]}}