{"id":316911,"date":"2024-03-14T21:58:02","date_gmt":"2024-03-14T21:04:03","guid":{"rendered":"https:\/\/www.moskito.cz\/produkt\/microtech-makora-carbon-signature-series-schiessmesser-206-3tcfis\/"},"modified":"2025-05-07T11:04:08","modified_gmt":"2025-05-07T10:04:08","slug":"microtech-makora-carbon-signature-series-schiessmesser-206-3tcfis","status":"publish","type":"product","link":"https:\/\/www.moskito.cz\/de\/produkt\/microtech-makora-carbon-signature-series-schiessmesser-206-3tcfis\/","title":{"rendered":"Microtech Makora Carbon Signature Series Schie\u00dfmesser 206-3TCFIS"},"content":{"rendered":"<p><strong>Microtech<\/strong> Makora Carbon Signature Series Schie\u00dfmesser 206-3TCFIS<\/p>\n<p><strong>Makora<\/strong> Refresh ist ein Design, das urspr\u00fcnglich aus dem Ultratech-Design hervorgegangen ist. Es hat insgesamt eine Ultratech-Form mit einer zus\u00e4tzlichen Spitze oben am Griff und dem Vorteil eines Griffeinsatzes. Zu den weiteren Verbesserungen der neuen Makora-Reihe geh\u00f6ren Rillen an der Basis der Klinge, \u00d6ffnungen an der Unterseite des Geh\u00e4uses und mit Nickel-Bor beschichtete Innenteile. Diese Verbesserungen machen die Aktion unglaublich reibungslos und zuverl\u00e4ssig und erleichtern auch die Wartung ein wenig.<\/p>\n<p>Dieses charakteristische Standardmodell verf\u00fcgt \u00fcber einen schwarzen taktischen Griff aus eloxiertem Aluminium mit einem Kohlefasereinsatz. Schwarze zweischneidige taktische Dolchklinge aus M390-Edelstahl. Schwarzes Design und schwarzer Taschenclip mit Signaturserie und Makora-Logos. Der Taschenclip verf\u00fcgt au\u00dferdem \u00fcber Modellinformationen, Seriennummer und Herstellungsdatum. Inneres Nickel-Bor. Das Modell der Signature-Serie wird Sie nicht entt\u00e4uschen!<\/p>\n<p>Herkunftsland: USA<br \/>\nGriffmaterial: Aluminium<br \/>\nKlingenmaterial: M390<br \/>\nKlingenstil: Zweischneidiger Dolch<br \/>\nKlingenoberfl\u00e4che: Schwarz<br \/>\nKantentyp: Vollst\u00e4ndig gezahnt<br \/>\nModell\/Muster: Makora<br \/>\nMessertyp: Double-Action-Automatik-OTF<br \/>\nKlingenl\u00e4nge: 8,25 cm<br \/>\nSchnittkante: 7,81 cm<br \/>\nL\u00e4nge geschlossen: 12,81 cm<br \/>\nGesamtl\u00e4nge: 21,3 cm<\/p>\n<p><iframe title=\"Microtech Combat Troodon Torture Test\" width=\"800\" height=\"450\" src=\"https:\/\/www.youtube.com\/embed\/xE9TeOFYEjg?feature=oembed\" frameborder=\"0\" allow=\"accelerometer; autoplay; clipboard-write; encrypted-media; gyroscope; picture-in-picture; web-share\" allowfullscreen><\/iframe><\/p>\n<p>&nbsp;<\/p>\n<p>&nbsp;<\/p>\n","protected":false},"excerpt":{"rendered":"<p><strong>Im Laufe der Jahre hat Microtech\u00ae Knives Messer mit Leidenschaft und K\u00f6nnen gef\u00fcllt, um nahezu Kunstwerke zu schaffen, die den Gipfel der Funktionalit\u00e4t darstellen. Alle Teile werden in den USA hergestellt.<\/strong><br \/>\n<strong>Alle Microtech-Messer haben eine lebenslange Garantie (mindestens 80.000 Zyklen, \u00d6ffnen und Schlie\u00dfen).<\/strong><\/p>\n<p><strong>Kostenloser Transport.<\/strong><\/p>\n","protected":false},"featured_media":316892,"comment_status":"open","ping_status":"closed","template":"","meta":[],"pwb-brand":[3278],"product_brand":[],"product_cat":[3285,3343],"product_tag":[3669],"class_list":{"0":"post-316911","1":"product","2":"type-product","3":"status-publish","4":"has-post-thumbnail","6":"pwb-brand-microtech-de","7":"product_cat-messer","8":"product_cat-schiesmesser","9":"product_tag-b2b-de","11":"first","12":"instock","13":"taxable","14":"shipping-taxable","15":"purchasable","16":"product-type-simple"},"brands":[{"id":3278,"name":"Microtech","slug":"microtech-de"}],"_links":{"self":[{"href":"https:\/\/www.moskito.cz\/de\/wp-json\/wp\/v2\/product\/316911","targetHints":{"allow":["GET"]}}],"collection":[{"href":"https:\/\/www.moskito.cz\/de\/wp-json\/wp\/v2\/product"}],"about":[{"href":"https:\/\/www.moskito.cz\/de\/wp-json\/wp\/v2\/types\/product"}],"replies":[{"embeddable":true,"href":"https:\/\/www.moskito.cz\/de\/wp-json\/wp\/v2\/comments?post=316911"}],"wp:featuredmedia":[{"embeddable":true,"href":"https:\/\/www.moskito.cz\/de\/wp-json\/wp\/v2\/media\/316892"}],"wp:attachment":[{"href":"https:\/\/www.moskito.cz\/de\/wp-json\/wp\/v2\/media?parent=316911"}],"wp:term":[{"taxonomy":"pwb-brand","embeddable":true,"href":"https:\/\/www.moskito.cz\/de\/wp-json\/wp\/v2\/pwb-brand?post=316911"},{"taxonomy":"product_brand","embeddable":true,"href":"https:\/\/www.moskito.cz\/de\/wp-json\/wp\/v2\/product_brand?post=316911"},{"taxonomy":"product_cat","embeddable":true,"href":"https:\/\/www.moskito.cz\/de\/wp-json\/wp\/v2\/product_cat?post=316911"},{"taxonomy":"product_tag","embeddable":true,"href":"https:\/\/www.moskito.cz\/de\/wp-json\/wp\/v2\/product_tag?post=316911"}],"curies":[{"name":"wp","href":"https:\/\/api.w.org\/{rel}","templated":true}]}}