{"id":317829,"date":"2021-08-21T09:48:11","date_gmt":"2024-03-14T22:02:44","guid":{"rendered":"https:\/\/www.moskito.cz\/produkt\/schiessmesser-microtech-ultratech-lord-red-122-1sl\/"},"modified":"2025-05-07T11:04:34","modified_gmt":"2025-05-07T10:04:34","slug":"schiessmesser-microtech-ultratech-lord-red-122-1sl","status":"publish","type":"product","link":"https:\/\/www.moskito.cz\/de\/produkt\/schiessmesser-microtech-ultratech-lord-red-122-1sl\/","title":{"rendered":"Schie\u00dfmesser Microtech Ultratech Lord Red 122-1SL"},"content":{"rendered":"<p>Schie\u00dfmesser <strong>Microtech<\/strong> Ultratech Lord Red 122-1SL.<\/p>\n<p>Ultratech wird f\u00fcr immer den Standard f\u00fcr alle Frontmesser setzen. Das Ultratech ist das urspr\u00fcngliche Double-Action-Frontmesser von Microtech und bildete die Basis der gesamten OTF-Linie. Im Laufe der Jahre wurde es mehrfach modifiziert und ist jedes Mal effizienter und zuverl\u00e4ssiger geworden. Diese Version verf\u00fcgt \u00fcber eine verbesserte Tri-Grip-Textur am Griff und am Daumenschieber f\u00fcr einen positiveren Kauf und eine wundersch\u00f6ne rote Klinge, die dem Schwert das Aussehen eines Lichtschwerts verleiht. Es verf\u00fcgt au\u00dferdem \u00fcber ein sehr cooles zweifarbiges Ringdesign an den Griffschrauben, dem Glasbrecher und dem Daumenschieber. Die Ultratech-Feder bleibt immer in der \u201eRuhe\u201c-Position, au\u00dfer im gedehnten Zustand. Dadurch wird sichergestellt, dass die zusammengedr\u00fcckte Feder nicht erm\u00fcdet und der Benutzer sicherstellt, dass das Messer beim Abfeuern effektiv funktioniert. Das geringe Gewicht des Ultratech, das \u00d6ffnen und Schlie\u00dfen mit einer Hand, die schlanke Form und die scharfe zweischneidige Skalpellklinge machen es zu einem einzigartigen Messer, das nur bei Microtech erh\u00e4ltlich ist. Dieses Messer hat immer wieder bewiesen, dass es jedem Hindernis standh\u00e4lt, und dieser Kuchen hat es in sich.<\/p>\n<p>Gesamtl\u00e4nge: 22 cm<br \/>\nKlingenl\u00e4nge: 8,6 cm<br \/>\nKlingenmaterial: B\u00f6hler M390<br \/>\nKlingenstil: Dolch<br \/>\nEins\u00e4tze: Flach<br \/>\nGriffmaterial: Aluminium<br \/>\nGewicht: 3,60 Unzen.<br \/>\nBenutzer: Rechte Hand<br \/>\nTaschenclip: Tip-Down<br \/>\nMessertyp: Double-Action OTF Automatic<br \/>\n\u00d6ffner: Daumenschieber<br \/>\nMarke: Microtech<br \/>\nModell: Ultratech<br \/>\nHerkunftsland: USA<br \/>\nBeste Verwendung: T\u00e4glich<\/p>\n<p>Das Ultratech wird f\u00fcr immer den Standard f\u00fcr alle Out-the-Front-Messer setzen. Das Ultratech ist das urspr\u00fcngliche Dual-Action-Out-the-Front-Messer von Microtech und bildet die Grundlage der gesamten OTF-Linie. Im Laufe der Jahre wurde es mehreren Modifikationen unterzogen, die jedes Mal effizienter und zuverl\u00e4ssiger wurden. Diese Version verf\u00fcgt \u00fcber die verbesserte Tri-Grip-Textur am Griff und am Daumenschieber f\u00fcr einen besseren Halt und eine wundersch\u00f6ne rote Klinge, die ihr das Aussehen eines Lichtschwerts verleiht. Es verf\u00fcgt au\u00dferdem \u00fcber ein sehr cooles zweifarbiges Ringdesign an den Griffschrauben, dem Glasbrecher und dem Daumenschieber. Die Feder des Ultratech bleibt stets in einer Ruheposition, au\u00dfer im ausgefahrenen Zustand. Dadurch wird sichergestellt, dass die zusammengedr\u00fcckte Feder nicht erm\u00fcdet und der Benutzer sicherstellt, dass das Messer beim Abfeuern effektiv funktioniert. Das geringe Gewicht des Ultratech, das \u00d6ffnen und Schlie\u00dfen mit einer Hand, die schlanke Form und die skalpellscharfe, doppelschneidige Klinge machen es zu einem einzigartigen Messer, das nur bei Microtech erh\u00e4ltlich ist. Dieses Messer hat immer wieder bewiesen, dass es jedem Hindernis standh\u00e4lt, und dieses hier ist optisch zweifellos der Beste.<br \/>\nSpezifikationen<\/p>\n<p>Automatisches \u00d6ffnen\/Schlie\u00dfen \u2013 Front\u00f6ffner<br \/>\nAktion: Dual Action \u2013 Automatisches Feuern\/Einfahren<br \/>\nKlingenstahl: Elmax-Edelstahl<br \/>\nKlingenl\u00e4nge: 3,46 Zoll<br \/>\nKlingenstil: Doppelschneide, glatt<br \/>\nGriffst\u00e4rke: 0,640 Zoll<br \/>\nGriffmaterial: 6061-T6 Tri-Grip-strukturiertes Aluminium mit Mil-Spec-Hartanodisierung<br \/>\nL\u00e4nge geschlossen: 4,84&#8243;<br \/>\nL\u00e4nge offen: 8,30&#8243;<br \/>\nMaterial des Taschenclips: Edelstahl 301<br \/>\nStandardoberteil: 6061-T6 AL-Legierung<br \/>\nAbzug: 303 Edelstahl<br \/>\nMantel: Nylon<br \/>\nFensterbrecher<br \/>\nHergestellt in den USA<\/p>\n<p>&nbsp;<\/p>\n","protected":false},"excerpt":{"rendered":"<p>Im Laufe der Jahre hat <strong>Microtech\u00ae Knives<\/strong> Messer mit Leidenschaft und K\u00f6nnen gef\u00fcllt, um nahezu Kunstwerke zu schaffen, die den Gipfel der Funktionalit\u00e4t darstellen. Alle Teile werden in den USA hergestellt.<br \/>\n<strong>F\u00fcr alle Microtech-Messer gilt eine lebenslange Garantie.<\/strong><\/p>\n<p><strong>Kostenloser Transport.<\/strong><\/p>\n","protected":false},"featured_media":317833,"comment_status":"open","ping_status":"closed","template":"","meta":[],"pwb-brand":[3278],"product_brand":[],"product_cat":[3285,3343],"product_tag":[3669],"class_list":{"0":"post-317829","1":"product","2":"type-product","3":"status-publish","4":"has-post-thumbnail","6":"pwb-brand-microtech-de","7":"product_cat-messer","8":"product_cat-schiesmesser","9":"product_tag-b2b-de","11":"first","12":"instock","13":"taxable","14":"shipping-taxable","15":"purchasable","16":"product-type-simple"},"brands":[{"id":3278,"name":"Microtech","slug":"microtech-de"}],"_links":{"self":[{"href":"https:\/\/www.moskito.cz\/de\/wp-json\/wp\/v2\/product\/317829","targetHints":{"allow":["GET"]}}],"collection":[{"href":"https:\/\/www.moskito.cz\/de\/wp-json\/wp\/v2\/product"}],"about":[{"href":"https:\/\/www.moskito.cz\/de\/wp-json\/wp\/v2\/types\/product"}],"replies":[{"embeddable":true,"href":"https:\/\/www.moskito.cz\/de\/wp-json\/wp\/v2\/comments?post=317829"}],"wp:featuredmedia":[{"embeddable":true,"href":"https:\/\/www.moskito.cz\/de\/wp-json\/wp\/v2\/media\/317833"}],"wp:attachment":[{"href":"https:\/\/www.moskito.cz\/de\/wp-json\/wp\/v2\/media?parent=317829"}],"wp:term":[{"taxonomy":"pwb-brand","embeddable":true,"href":"https:\/\/www.moskito.cz\/de\/wp-json\/wp\/v2\/pwb-brand?post=317829"},{"taxonomy":"product_brand","embeddable":true,"href":"https:\/\/www.moskito.cz\/de\/wp-json\/wp\/v2\/product_brand?post=317829"},{"taxonomy":"product_cat","embeddable":true,"href":"https:\/\/www.moskito.cz\/de\/wp-json\/wp\/v2\/product_cat?post=317829"},{"taxonomy":"product_tag","embeddable":true,"href":"https:\/\/www.moskito.cz\/de\/wp-json\/wp\/v2\/product_tag?post=317829"}],"curies":[{"name":"wp","href":"https:\/\/api.w.org\/{rel}","templated":true}]}}