{"id":317986,"date":"2023-07-02T21:17:18","date_gmt":"2024-03-15T08:00:35","guid":{"rendered":"https:\/\/www.moskito.cz\/produkt\/spyderco-lil-native-wharncliffe-kompression-c230gpwc-klappmesser\/"},"modified":"2025-05-07T11:04:42","modified_gmt":"2025-05-07T10:04:42","slug":"spyderco-lil-native-wharncliffe-kompression-c230gpwc-klappmesser","status":"publish","type":"product","link":"https:\/\/www.moskito.cz\/de\/produkt\/spyderco-lil-native-wharncliffe-kompression-c230gpwc-klappmesser\/","title":{"rendered":"Spyderco Lil&#8216; Native Wharncliffe Kompression C230GPWC Klappmesser"},"content":{"rendered":"<p><strong>Spyderco<\/strong> Lil&#8216; Native Wharncliffe Kompression C230GPWC Klappmesser<\/p>\n<p><strong>Spyderco<\/strong> hat eine lange und stolze Tradition in der Herstellung \u201ekleiner gro\u00dfer Messer\u201c \u2013 kompakte, leicht zu tragende Klappmesser, die weit \u00fcber ihre Gr\u00f6\u00dfe hinaus kraftvoll schneiden. Einige ihrer fr\u00fchen Designs wie das Executive und das Co-Pilot waren Vorreiter dieses Konzepts, aber das mittlerweile klassische Dragonfly trug zur Perfektionierung bei, indem es den 50\/50-Zeigefinger einf\u00fchrte \u2013 das Geheimnis, das daf\u00fcr sorgt, dass das kleine Messer bequem in jeder Hand liegt. Gr\u00f6\u00dfen.<\/p>\n<p>Im Laufe der Jahre haben wir die Familie der \u201ekleinen gro\u00dfen Messer\u201c um verschiedene weitere Modelle erweitert, aber nur wenige haben eine so treue Anh\u00e4ngerschaft wie das Lil\u2018 Native. Inspiriert durch den Ausdruck der f\u00fcnften Generation des legend\u00e4ren Native vereint der Lil&#8216; Native alle Merkmale und Vorteile dieses bew\u00e4hrten Designs in einem ultrakompakten, unglaublich leistungsstarken Schneidwerkzeug. Dar\u00fcber hinaus bietet es all diese Eigenschaften in einer eleganten, raffinierten Form, was es zu einem perfekten Kandidaten f\u00fcr die Aktentasche eines Mannes oder zum Tragen in der flachen Damentasche macht.<\/p>\n<p>Der 2017 eingef\u00fchrte Lil&#8216; Native war urspr\u00fcnglich mit zwei verschiedenen Verschlussoptionen erh\u00e4ltlich: einem hinteren Schloss wie sein Vorg\u00e4nger und dem beliebten Kompressionsschloss von Spyderco. Die Backlock-Version verf\u00fcgt \u00fcber einen Linerless-Griff aus G10-Schalen mit abziehbarer Beschichtung, einen hinteren Begrenzer aus Edelstahl und einen breiten Taschenclip mit vier Positionen und einer Fangriemen\u00f6se.<\/p>\n<p>Der Kompressionsverschluss des Lil Native basiert auf Edelstahleins\u00e4tzen, die in Griffschalen mit G10-Peel-Beschichtung eingebettet sind und die Grundlage f\u00fcr den Verriegelungsmechanismus des Messers bilden. Mit diesem charakteristischen Spyderco-Schloss k\u00f6nnen Sie das Messer mit einer Hand sicher schlie\u00dfen, ohne Ihre Finger in den Weg der Klinge zu bringen. Die Version mit Kompressionsverschluss des Lil&#8216; Native erm\u00f6glicht au\u00dferdem ein \u00e4u\u00dferst diskretes Tragen mit einem tiefen Taschendrahtclip, der zum Tragen auf der linken oder rechten Seite umklappbar ist.<\/p>\n<p>Im Jahr 2021 f\u00fcgte Spyderco eine dritte Version des Lil&#8216; Native in einem freischaltbaren Format hinzu. Ideal f\u00fcr Gerichtsbarkeiten, in denen das Tragen von Messern mit geschlossener Klinge nicht gestattet ist. Es verf\u00fcgt \u00fcber einen einzigartigen \u201eKerbgelenk\u201c-Mechanismus, der Federdruck und eine flache Kerbe nutzt, um die Messerklinge offen zu halten. Wenn diese Funktion mit der einh\u00e4ndigen \u00d6ffnungsm\u00f6glichkeit durch die charakteristische runde \u00d6ffnung der Klinge und den vielseitigen Tragem\u00f6glichkeiten des Taschenclips mit vier Positionen kombiniert wird, entsteht SLIPIT. Diese einzigartige Art von Spyderco-Messern vereint alle entscheidenden Merkmale ihrer revolution\u00e4ren CLIPIT-Plattform mit den rechtlichen und sozialfreundlichen Vorteilen einer Klinge ohne Rastung.<\/p>\n<p>Der kleine geb\u00fcrtige Wharncliffe<\/p>\n<p>Von den drei Basisversionen von Lil&#8216; Native ist das Compression Lock-Format in vielerlei Hinsicht das vielseitigste. Aufgrund seiner offenen Bauweise und der Tatsache, dass der Schieber im geschlossenen Zustand nicht b\u00fcndig mit dem Fl\u00fcgel abschlie\u00dft, bietet er mehr Platz f\u00fcr unterschiedliche Fl\u00fcgelformen.<\/p>\n<p>Diese Version von Lil&#8216; Native nutzt diese Gelegenheit voll aus, indem sie das klassische Wharncliffe-Profil mit geraden Kanten pr\u00e4sentiert. Die Klinge besteht aus rostfreiem CPM-S30V-Stahl und verf\u00fcgt \u00fcber einen vollst\u00e4ndig flachen Schliff f\u00fcr eine reibungsarme Klingengeometrie. Seine R\u00fcckseite ist anmutig nach unten gebogen, um an einer scharfen Spitze auf die Kante zu treffen und sorgt so f\u00fcr eine skalpellartige Pr\u00e4zision beim detaillierten Schneiden. Die perfekt gerade Schneide bietet eine hervorragende Hebelwirkung und schneidet mit voller Kraft \u00fcber die gesamte L\u00e4nge. Zusammengenommen machen diese Eigenschaften die Klinge von Lil&#8216; Native Wharncliffe f\u00fcr ihre Gr\u00f6\u00dfe unglaublich vielseitig und leistungsf\u00e4hig. Gleichzeitig misst es nur 2,44 Zoll (62 mm) in der L\u00e4nge \u2013 deutlich unter der gesetzlichen Klingenl\u00e4ngenbeschr\u00e4nkung f\u00fcr restriktive Gerichtsbarkeiten wie Chicago und Boston.<\/p>\n<p>Alle anderen Merkmale des Lil&#8216; Native Wharncliffe stimmen mit denen seines Blattspreite-Gegenst\u00fccks \u00fcberein, einschlie\u00dflich G10-Schalen mit abziehbarer Beschichtung, einem soliden Kompressionsverschlussmechanismus und einem doppelseitigen, tiefen Taschendrahtclip, der eine diskrete, linke Hand erm\u00f6glicht oder rechte Seite. faltbare Tragetasche. Wie alle Lil&#8216; Natives verf\u00fcgt es auch \u00fcber einen markanten 50\/50-Zeigefinger, der selbst gro\u00dfen H\u00e4nden einen bequemen Vier-Finger-Griff bietet.<\/p>\n<p>Die \u201eLittle Big Knives\u201c <strong>von Spyderco<\/strong> sind eine unglaubliche Kombination aus kompakter Gr\u00f6\u00dfe und umfassendem Service. Lil&#8216; Native Wharncliffe setzt diese Tradition stolz fort und setzt gleichzeitig neue Ma\u00dfst\u00e4be f\u00fcr Leistung und Zuverl\u00e4ssigkeit.<\/p>\n<p>Spezifikationen<br \/>\nKlingenl\u00e4nge: 6,2 cm<br \/>\nL\u00e4nge geschlossen: 8,8 cm<br \/>\nGesamtl\u00e4nge: 14,9 cm<br \/>\nKlingenst\u00e4rke: 0,32 cm<br \/>\nKlingenmaterial: CPM-S30V Edelstahl<br \/>\nKlingenstil: Wharncliffe<br \/>\nKlingenschliff: V\u00f6llig flach<br \/>\nOberfl\u00e4chenbehandlung der Klinge: satiniert<br \/>\nKlingenkante: Glatt<br \/>\nGriffmaterial: G10<br \/>\nGrifffarbe: Schwarz<br \/>\nVerriegelungsmechanismus: Kompressionsverschluss<br \/>\nTaschenclip: Ausklappbar, rechts\/links tragbar<br \/>\nModellnummer: C230GPWC<br \/>\nModellname: Lil&#8216; Native Wharncliffe<br \/>\nGewicht: 2,50 Unzen. (71g)<br \/>\nHergestellt in den USA<\/p>\n","protected":false},"excerpt":{"rendered":"<p><strong>Spyderco hat eine lange und stolze Tradition in der Herstellung von \u201ekleinen gro\u00dfen Messern\u201c \u2013 kompakten, leicht zu tragenden Klappmessern.<\/strong><\/p>\n","protected":false},"featured_media":317987,"comment_status":"open","ping_status":"closed","template":"","meta":[],"pwb-brand":[3427],"product_brand":[],"product_cat":[3285,3303],"product_tag":[3669],"class_list":{"0":"post-317986","1":"product","2":"type-product","3":"status-publish","4":"has-post-thumbnail","6":"pwb-brand-spyderco-de","7":"product_cat-messer","8":"product_cat-schliesmesser","9":"product_tag-b2b-de","11":"first","12":"instock","13":"taxable","14":"shipping-taxable","15":"purchasable","16":"product-type-simple"},"brands":[{"id":3427,"name":"Spyderco","slug":"spyderco-de"}],"_links":{"self":[{"href":"https:\/\/www.moskito.cz\/de\/wp-json\/wp\/v2\/product\/317986","targetHints":{"allow":["GET"]}}],"collection":[{"href":"https:\/\/www.moskito.cz\/de\/wp-json\/wp\/v2\/product"}],"about":[{"href":"https:\/\/www.moskito.cz\/de\/wp-json\/wp\/v2\/types\/product"}],"replies":[{"embeddable":true,"href":"https:\/\/www.moskito.cz\/de\/wp-json\/wp\/v2\/comments?post=317986"}],"wp:featuredmedia":[{"embeddable":true,"href":"https:\/\/www.moskito.cz\/de\/wp-json\/wp\/v2\/media\/317987"}],"wp:attachment":[{"href":"https:\/\/www.moskito.cz\/de\/wp-json\/wp\/v2\/media?parent=317986"}],"wp:term":[{"taxonomy":"pwb-brand","embeddable":true,"href":"https:\/\/www.moskito.cz\/de\/wp-json\/wp\/v2\/pwb-brand?post=317986"},{"taxonomy":"product_brand","embeddable":true,"href":"https:\/\/www.moskito.cz\/de\/wp-json\/wp\/v2\/product_brand?post=317986"},{"taxonomy":"product_cat","embeddable":true,"href":"https:\/\/www.moskito.cz\/de\/wp-json\/wp\/v2\/product_cat?post=317986"},{"taxonomy":"product_tag","embeddable":true,"href":"https:\/\/www.moskito.cz\/de\/wp-json\/wp\/v2\/product_tag?post=317986"}],"curies":[{"name":"wp","href":"https:\/\/api.w.org\/{rel}","templated":true}]}}