{"id":318098,"date":"2023-02-16T22:58:58","date_gmt":"2024-03-15T13:19:59","guid":{"rendered":"https:\/\/www.moskito.cz\/produkt\/beltrame-swinguard-cocobolo-schiessmesser\/"},"modified":"2025-05-07T11:04:49","modified_gmt":"2025-05-07T10:04:49","slug":"beltrame-swinguard-cocobolo-schiessmesser","status":"publish","type":"product","link":"https:\/\/www.moskito.cz\/de\/produkt\/beltrame-swinguard-cocobolo-schiessmesser\/","title":{"rendered":"Beltrame Swinguard Cocobolo Schie\u00dfmesser"},"content":{"rendered":"<p><strong>Beltrame<\/strong> Swinguard Cocobolo Schie\u00dfmesser<\/p>\n<p>Ein einzigartiges traditionelles Stilett, inspiriert vom Originalmodell der italienischen Springmesser von Frank Beltrame. Hier hat der Hersteller bestimmte Herstellungsm\u00e4ngel beseitigt und verbessert, was es zu einem zuverl\u00e4ssigen und pr\u00e4zisen Messer hinsichtlich Ausl\u00f6sung und Robustheit der Klinge in der ge\u00f6ffneten Position machte. Die Scheide ist mit einer kleinen Niete an der Klinge befestigt, die Eins\u00e4tze bestehen aus Messing und die Klinge besteht aus rostfreiem AISI 420 MA5M-Stahl mit einer H\u00e4rte von 56 HRC.<br \/>\nDas \u00d6ffnen erfolgt \u00fcber einen zentralen Knopf an der Vorderseite des Messers, w\u00e4hrend sich die Klingenentriegelung auf der R\u00fcckseite des Griffs befindet.<br \/>\nDieses Originalprodukt wird von der italienischen Firma Frank Beltrame von Hand zusammengebaut und montiert, niemals maschinell.<\/p>\n<p>Messerl\u00e4nge: 28 cm<br \/>\nKlingenl\u00e4nge: 12 cm<br \/>\nStahl: AISI 420 MA5M HRC 56 Edelstahl<br \/>\nGriff: Cocobolo-Holz<br \/>\nKlingentyp: Bajonett<br \/>\nSicherheit gegen unbeabsichtigtes \u00d6ffnen<\/p>\n","protected":false},"excerpt":{"rendered":"<p><strong>Beltrame-<\/strong> Messer werden seit 1953 in Italien hergestellt. Das Unternehmen wurde von Frank Beltram gegr\u00fcndet. Das Geheimnis der Herstellung dieser Stiletto-Messer ist Teil der Geschichte von Maniago, die vom Vater an den Sohn weitergegeben wurde.<br \/>\n<strong>Hergestellt in Italien.<\/strong><\/p>\n","protected":false},"featured_media":318099,"comment_status":"open","ping_status":"closed","template":"","meta":[],"pwb-brand":[3533],"product_brand":[],"product_cat":[3285,3343],"product_tag":[3669],"class_list":{"0":"post-318098","1":"product","2":"type-product","3":"status-publish","4":"has-post-thumbnail","6":"pwb-brand-beltrame-de","7":"product_cat-messer","8":"product_cat-schiesmesser","9":"product_tag-b2b-de","11":"first","12":"instock","13":"taxable","14":"shipping-taxable","15":"purchasable","16":"product-type-simple"},"brands":[{"id":3533,"name":"Beltrame","slug":"beltrame-de"}],"_links":{"self":[{"href":"https:\/\/www.moskito.cz\/de\/wp-json\/wp\/v2\/product\/318098","targetHints":{"allow":["GET"]}}],"collection":[{"href":"https:\/\/www.moskito.cz\/de\/wp-json\/wp\/v2\/product"}],"about":[{"href":"https:\/\/www.moskito.cz\/de\/wp-json\/wp\/v2\/types\/product"}],"replies":[{"embeddable":true,"href":"https:\/\/www.moskito.cz\/de\/wp-json\/wp\/v2\/comments?post=318098"}],"wp:featuredmedia":[{"embeddable":true,"href":"https:\/\/www.moskito.cz\/de\/wp-json\/wp\/v2\/media\/318099"}],"wp:attachment":[{"href":"https:\/\/www.moskito.cz\/de\/wp-json\/wp\/v2\/media?parent=318098"}],"wp:term":[{"taxonomy":"pwb-brand","embeddable":true,"href":"https:\/\/www.moskito.cz\/de\/wp-json\/wp\/v2\/pwb-brand?post=318098"},{"taxonomy":"product_brand","embeddable":true,"href":"https:\/\/www.moskito.cz\/de\/wp-json\/wp\/v2\/product_brand?post=318098"},{"taxonomy":"product_cat","embeddable":true,"href":"https:\/\/www.moskito.cz\/de\/wp-json\/wp\/v2\/product_cat?post=318098"},{"taxonomy":"product_tag","embeddable":true,"href":"https:\/\/www.moskito.cz\/de\/wp-json\/wp\/v2\/product_tag?post=318098"}],"curies":[{"name":"wp","href":"https:\/\/api.w.org\/{rel}","templated":true}]}}