{"id":318403,"date":"2024-03-16T10:49:17","date_gmt":"2024-03-16T09:50:10","guid":{"rendered":"https:\/\/www.moskito.cz\/produkt\/schiessmesser-microtech-makora-stonewashed-206-12odbis\/"},"modified":"2025-05-07T11:05:01","modified_gmt":"2025-05-07T10:05:01","slug":"schiessmesser-microtech-makora-stonewashed-206-12odbis","status":"publish","type":"product","link":"https:\/\/www.moskito.cz\/de\/produkt\/schiessmesser-microtech-makora-stonewashed-206-12odbis\/","title":{"rendered":"Schie\u00dfmesser Microtech Makora Stonewashed 206-12ODBIS"},"content":{"rendered":"<p>Schie\u00dfmesser <strong>Microtech<\/strong> Makora Stonewashed 206-12ODBIS<\/p>\n<p><strong>Makora<\/strong> -Serie<br \/>\nFast 20 Jahre nach seiner Erstver\u00f6ffentlichung kehrt <strong>Makora<\/strong> zur\u00fcck! Dieses klassische <strong>Microtech<\/strong> OTF-Messer wurde mit einem aktualisierten Design und verbesserter Technologie wiederbelebt. Obwohl es dem Microtech Ultratech sehr \u00e4hnlich zu sein scheint, weist es einige subtile \u2013 und einige gravierende \u2013 Unterschiede auf. Es ist etwas dicker, etwas leichter und hat einen spitzen Griff und einen aktualisierten Glasbrecher. Beide Seiten des Griffs mit Kohlefasereinsatz sowie die Ober- und Unterseite des Griffs verf\u00fcgen \u00fcber L\u00f6cher, die mit den Rillen an der Basis der Klinge zusammenarbeiten, um die Funktionalit\u00e4t unter Wasser zu verbessern. Die Wirkung des Messers wird durch Innenteile aus Nickel und Bor verst\u00e4rkt, die die Reibung verringern und die Konsistenz verbessern. Dieser neue <strong>Makora<\/strong> zeigt, wie weit <strong>Microtech<\/strong> gekommen ist und beweist ihr Engagement f\u00fcr ihre Wurzeln.<\/p>\n<p>Spezifikationen<br \/>\nGesamtl\u00e4nge: 21,59 cm<br \/>\nStahl: M390<br \/>\nKlingenl\u00e4nge: 8,25 cm<br \/>\nKlingenstil: Dolch<br \/>\nFinish: Stonewash<br \/>\nKantenart: gezahnt, glatt<br \/>\nGriffmaterial: Aluminium<br \/>\nFarbe gr\u00fcn<br \/>\nGewicht: 3,32 Unzen<br \/>\nBenutzer: Rechte Hand<br \/>\nTaschenclip: Tip-Down<br \/>\nMessertyp: Double-Action-Automatik-OTF<br \/>\n\u00d6ffner: Schieben Sie Ihren Daumen<br \/>\nMarke: Microtech<br \/>\nModell: Makora<br \/>\nModellnummer: 206-12ODBIS<br \/>\nDesigner: Microtech<br \/>\nHerkunftsland: USA<br \/>\nBeste Verwendung: Alltagstragen, taktisch<\/p>\n<p><iframe title=\"Microtech Combat Troodon Torture Test\" width=\"800\" height=\"450\" src=\"https:\/\/www.youtube.com\/embed\/xE9TeOFYEjg?feature=oembed\" frameborder=\"0\" allow=\"accelerometer; autoplay; clipboard-write; encrypted-media; gyroscope; picture-in-picture; web-share\" allowfullscreen><\/iframe><\/p>\n<p>&nbsp;<\/p>\n","protected":false},"excerpt":{"rendered":"<p><strong>Im Laufe der Jahre hat Microtech\u00ae Knives Messer mit Leidenschaft und K\u00f6nnen gef\u00fcllt, um nahezu Kunstwerke zu schaffen, die den Gipfel der Funktionalit\u00e4t darstellen. Alle Teile werden in den USA hergestellt.<\/strong><br \/>\n<strong>Alle Microtech-Messer haben eine lebenslange Garantie (mindestens 80.000 Zyklen, \u00d6ffnen und Schlie\u00dfen).<\/strong><\/p>\n<p><strong>Kostenloser Transport.<\/strong><\/p>\n","protected":false},"featured_media":318381,"comment_status":"open","ping_status":"closed","template":"","meta":[],"pwb-brand":[3278],"product_brand":[],"product_cat":[3343,3285],"product_tag":[3669],"class_list":{"0":"post-318403","1":"product","2":"type-product","3":"status-publish","4":"has-post-thumbnail","6":"pwb-brand-microtech-de","7":"product_cat-schiesmesser","8":"product_cat-messer","9":"product_tag-b2b-de","11":"first","12":"instock","13":"sale","14":"taxable","15":"shipping-taxable","16":"purchasable","17":"product-type-simple"},"brands":[{"id":3278,"name":"Microtech","slug":"microtech-de"}],"_links":{"self":[{"href":"https:\/\/www.moskito.cz\/de\/wp-json\/wp\/v2\/product\/318403","targetHints":{"allow":["GET"]}}],"collection":[{"href":"https:\/\/www.moskito.cz\/de\/wp-json\/wp\/v2\/product"}],"about":[{"href":"https:\/\/www.moskito.cz\/de\/wp-json\/wp\/v2\/types\/product"}],"replies":[{"embeddable":true,"href":"https:\/\/www.moskito.cz\/de\/wp-json\/wp\/v2\/comments?post=318403"}],"wp:featuredmedia":[{"embeddable":true,"href":"https:\/\/www.moskito.cz\/de\/wp-json\/wp\/v2\/media\/318381"}],"wp:attachment":[{"href":"https:\/\/www.moskito.cz\/de\/wp-json\/wp\/v2\/media?parent=318403"}],"wp:term":[{"taxonomy":"pwb-brand","embeddable":true,"href":"https:\/\/www.moskito.cz\/de\/wp-json\/wp\/v2\/pwb-brand?post=318403"},{"taxonomy":"product_brand","embeddable":true,"href":"https:\/\/www.moskito.cz\/de\/wp-json\/wp\/v2\/product_brand?post=318403"},{"taxonomy":"product_cat","embeddable":true,"href":"https:\/\/www.moskito.cz\/de\/wp-json\/wp\/v2\/product_cat?post=318403"},{"taxonomy":"product_tag","embeddable":true,"href":"https:\/\/www.moskito.cz\/de\/wp-json\/wp\/v2\/product_tag?post=318403"}],"curies":[{"name":"wp","href":"https:\/\/api.w.org\/{rel}","templated":true}]}}