{"id":318474,"date":"2022-11-01T22:18:06","date_gmt":"2022-11-01T21:18:06","guid":{"rendered":"https:\/\/www.moskito.cz\/produkt\/massives-messer-cold-steel-kanadisches-guertelmesser\/"},"modified":"2024-03-16T11:48:15","modified_gmt":"2024-03-16T10:48:15","slug":"massives-messer-cold-steel-kanadisches-guertelmesser","status":"publish","type":"product","link":"https:\/\/www.moskito.cz\/de\/produkt\/massives-messer-cold-steel-kanadisches-guertelmesser\/","title":{"rendered":"Massives Messer Cold Steel KANADISCHES G\u00dcRTELMESSER"},"content":{"rendered":"<p>Massives Messer <strong>Cold Steel<\/strong> KANADISCHES G\u00dcRTELMESSER.<\/p>\n<p>Das kanadische G\u00fcrtelmesser von Cold Steel ist von einem alten Klassiker aus den 50er Jahren inspiriert. Flug. Es verf\u00fcgt \u00fcber alle Funktionen, die das Original zu einem preisgekr\u00f6nten internationalen Favoriten gemacht haben, plus einige moderne Verbesserungen.<br \/>\nUnsere aktuelle Version besteht aus unter Null geh\u00e4rtetem deutschem 4116-Edelstahl und ist hohlgeschliffen, um eine unglaublich scharfe Kante zu erzielen. Im Gegensatz zu einigen Holzgriffen ist unser langlebiger Polypropylengriff stark genug, um harten St\u00f6\u00dfen standzuhalten, w\u00e4hrend er gleichzeitig leicht und bequem bleibt. Diese superleichte 2-Unzen-Klinge wird mit einer sicheren, flachen Polymerscheide geliefert, die das Tragen den ganzen Tag \u00fcber oder bei l\u00e4ngeren Jagd- oder Campingabenteuern erleichtert.<\/p>\n<p>PRODUKTPARAMETER<br \/>\nFarbe: Schwarz\/Silber<br \/>\nGesamtgr\u00f6\u00dfe: 215,9 mm<br \/>\nGriffl\u00e4nge: 114 mm<br \/>\nMantelmaterial: Secure-Ex\u00ae Mantel<br \/>\nGriffmaterial: Langes, schlagfestes Polypropylen<br \/>\nStahl: Deutscher 4116 Cryo-verg\u00fcteter Edelstahl<br \/>\nGewicht: 62,36 g<br \/>\nKlingenl\u00e4nge: 101,6 mm<br \/>\nKlingenst\u00e4rke: 2,5 mm<\/p>\n","protected":false},"excerpt":{"rendered":"<p><strong>Das Cold Steel Canadian Belt Knife ist ein solides Messer, das von einem Klassiker aus den 1950er Jahren inspiriert wurde.<\/strong><\/p>\n","protected":false},"featured_media":318475,"comment_status":"open","ping_status":"closed","template":"","meta":[],"pwb-brand":[3602],"product_brand":[],"product_cat":[3287,3285],"product_tag":[3669],"class_list":{"0":"post-318474","1":"product","2":"type-product","3":"status-publish","4":"has-post-thumbnail","6":"pwb-brand-kalter-stahl","7":"product_cat-solide-messer","8":"product_cat-messer","9":"product_tag-b2b-de","11":"first","12":"instock","13":"taxable","14":"shipping-taxable","15":"purchasable","16":"product-type-simple"},"brands":[{"id":3602,"name":"Kalter Stahl","slug":"kalter-stahl"}],"_links":{"self":[{"href":"https:\/\/www.moskito.cz\/de\/wp-json\/wp\/v2\/product\/318474","targetHints":{"allow":["GET"]}}],"collection":[{"href":"https:\/\/www.moskito.cz\/de\/wp-json\/wp\/v2\/product"}],"about":[{"href":"https:\/\/www.moskito.cz\/de\/wp-json\/wp\/v2\/types\/product"}],"replies":[{"embeddable":true,"href":"https:\/\/www.moskito.cz\/de\/wp-json\/wp\/v2\/comments?post=318474"}],"wp:featuredmedia":[{"embeddable":true,"href":"https:\/\/www.moskito.cz\/de\/wp-json\/wp\/v2\/media\/318475"}],"wp:attachment":[{"href":"https:\/\/www.moskito.cz\/de\/wp-json\/wp\/v2\/media?parent=318474"}],"wp:term":[{"taxonomy":"pwb-brand","embeddable":true,"href":"https:\/\/www.moskito.cz\/de\/wp-json\/wp\/v2\/pwb-brand?post=318474"},{"taxonomy":"product_brand","embeddable":true,"href":"https:\/\/www.moskito.cz\/de\/wp-json\/wp\/v2\/product_brand?post=318474"},{"taxonomy":"product_cat","embeddable":true,"href":"https:\/\/www.moskito.cz\/de\/wp-json\/wp\/v2\/product_cat?post=318474"},{"taxonomy":"product_tag","embeddable":true,"href":"https:\/\/www.moskito.cz\/de\/wp-json\/wp\/v2\/product_tag?post=318474"}],"curies":[{"name":"wp","href":"https:\/\/api.w.org\/{rel}","templated":true}]}}