{"id":318677,"date":"2021-09-22T13:42:30","date_gmt":"2024-03-18T12:18:29","guid":{"rendered":"https:\/\/www.moskito.cz\/produkt\/feststehendes-messer-microtech-borka-blades-stonewashed-plain-serrated-201-12\/"},"modified":"2025-05-07T11:05:13","modified_gmt":"2025-05-07T10:05:13","slug":"feststehendes-messer-microtech-borka-blades-stonewashed-plain-serrated-201-12","status":"publish","type":"product","link":"https:\/\/www.moskito.cz\/de\/produkt\/feststehendes-messer-microtech-borka-blades-stonewashed-plain-serrated-201-12\/","title":{"rendered":"Feststehendes Messer Microtech Borka Blades Stonewashed Plain\/Serrated 201-12"},"content":{"rendered":"<p>Feststehendes Messer <strong>Microtech<\/strong> Borka Blades Stonewashed Plain\/Serrated 201-12.<\/p>\n<p>Das SBD Fixed Blade ist ein bedrohliches St\u00fcck des hauseigenen Messermachers Sebastjan Berenji, auch bekannt als Borka, basierend auf seinem SBK-Design. Es ist eine Weiterentwicklung des SBK, das die hohe Form der persischen Klinge hatte und diese durch eine breite zweischneidige Dolchform ersetzte, daher das D im Namen. Es verf\u00fcgt \u00fcber vier wundersch\u00f6ne Abschr\u00e4gungen, die in einer perfekten Spitze enden, einen sch\u00f6nen Fingerschutz und eine blutige Rille mit Blitzl\u00f6chern. Der Griff besteht aus sch\u00f6n gefr\u00e4stem G10 f\u00fcr einen angenehmen ergonomischen Griff und schafft eine perfekte Harmonie zwischen Benutzer und Werkzeug. Es ist an den richtigen Stellen geformt, sodass Sie das Messer in mehreren Griffen bewegen k\u00f6nnen. Der kompakte SBD strahlt taktisches K\u00f6nnen mit dem f\u00fcr Borka Blades typischen Stil aus und verf\u00fcgt \u00fcber eine Kydex-beschichtete Kohlefaser-Reibungsoberfl\u00e4che mit Tek-Lok. Hergestellt in den USA von Microtech Knives.<br \/>\nSpezifikationen<\/p>\n<p>Klingenl\u00e4nge: 11 cm<br \/>\nGesamtl\u00e4nge: 22,5 cm<br \/>\nKlingenmaterial: M390<br \/>\nKlingenstil: Doppelschneidiger Dolch<br \/>\nKlingenschliff: Flach<br \/>\nOberfl\u00e4chenbehandlung der Klinge: Stonewash<br \/>\nGriffmaterial: Gefr\u00e4stes schwarzes G10<br \/>\nMantelmaterial: Carbonfaser-Kydex<br \/>\nGewicht: 6,4 Unzen.<br \/>\nGewicht mit Scheide: 10,1 Unzen.<br \/>\nDesigner: Sebastijan Berenji<br \/>\nHergestellt in den USA<\/p>\n<p><iframe title=\"Microtech Combat Troodon Torture Test\" width=\"800\" height=\"450\" src=\"https:\/\/www.youtube.com\/embed\/xE9TeOFYEjg?feature=oembed\" frameborder=\"0\" allow=\"accelerometer; autoplay; clipboard-write; encrypted-media; gyroscope; picture-in-picture; web-share\" allowfullscreen><\/iframe><\/p>\n<p>&nbsp;<\/p>\n<p>Borka Blades SBD Double Edge Fixed Blade, Stonewash<br \/>\nMikrotechnik<\/p>\n<p>Die feststehende SBD-Klinge ist ein bedrohliches St\u00fcck des ma\u00dfgeschneiderten Messermachers Sebastijan Berenji, alias Borka, basierend auf seinem SBK-Design. Es ist eine Weiterentwicklung des SBK, das eine nach oben geschwungene persische Klingenform hatte und diese durch eine breite, doppelschneidige Dolchform ersetzte, daher das D im Namen. Es verf\u00fcgt \u00fcber vier wundersch\u00f6ne Abschr\u00e4gungen, die in einer perfekten Spitze m\u00fcnden, einen sch\u00f6nen Fingerschutz und eine Blutrinne mit Blitzl\u00f6chern. Der Griff besteht aus wundersch\u00f6n gefr\u00e4stem G10 f\u00fcr einen sch\u00f6nen ergonomischen Griff und schafft die perfekte Harmonie zwischen Benutzer und Instrument. Es ist genau an den richtigen Stellen konturiert, sodass Sie das Messer in mehreren Griffen bewegen k\u00f6nnen. Das kompakte SBD strahlt taktisches K\u00f6nnen mit dem f\u00fcr Borka Blades typischen Design aus und wird in einer kraftschl\u00fcssigen Kydex-Scheide mit Carbonfaser-Finish und Tek-Lok geliefert. Hergestellt in den USA von Microtech Knives.<br \/>\nSpezifikationen<\/p>\n<p>Klingenl\u00e4nge: 4,375 Zoll<br \/>\nSchneide: 4,25&#8243;<br \/>\nGriffl\u00e4nge: 4,50&#8243;<br \/>\nGesamtl\u00e4nge: 9,0&#8243;<br \/>\nKlingenmaterial: Der Klingenstahl f\u00fcr dieses Jahr wird M390 sein \u2013 solange der Metallvorrat reicht, k\u00f6nnen die Klingen auch aus Elmax oder CTS-240P sein<br \/>\nKlingenst\u00e4rke: 0,195 Zoll<br \/>\nKlingenstil: Doppelschneidiger Dolch<br \/>\nKlingenschliff: Flach<br \/>\nKlingenfinish: Stonewash<br \/>\nGriffmaterial: Gefr\u00e4stes schwarzes G10<br \/>\nGriffst\u00e4rke: 0,68 Zoll<br \/>\nMantelmaterial: Kydex mit Karbonfaser-Finish<br \/>\nGewicht: 6,4 Unzen.<br \/>\nGewicht mit Scheide: 10,1 Unzen.<br \/>\nDesigner: Sebastijan Berenji<br \/>\nHergestellt in den USA<\/p>\n<p>&nbsp;<\/p>\n","protected":false},"excerpt":{"rendered":"<div class=\"elementor-element elementor-element-bbb542b elementor-widget elementor-widget-woocommerce-product-short-description\" data-id=\"bbb542b\" data-element_type=\"widget\" data-widget_type=\"woocommerce-product-short-description.default\">\n<div class=\"elementor-widget-container\">\n<div class=\"woocommerce-product-details__short-description\">\n<p>Im Laufe der Jahre hat <strong>Microtech\u00ae Knives<\/strong> Messer mit Leidenschaft und K\u00f6nnen gef\u00fcllt, um nahezu Kunstwerke zu schaffen, die den Gipfel der Funktionalit\u00e4t darstellen. Alle Teile werden in den USA hergestellt.<br \/>\n<strong>F\u00fcr alle Microtech-Messer gilt eine lebenslange Garantie.<\/strong><\/p>\n<p><strong>Kostenloser Transport.<\/strong><\/p>\n<\/div>\n<\/div>\n<\/div>\n<p>&nbsp;<\/p>\n<p>&nbsp;<\/p>\n","protected":false},"featured_media":318687,"comment_status":"open","ping_status":"closed","template":"","meta":[],"pwb-brand":[3278],"product_brand":[],"product_cat":[3287,3285],"product_tag":[3669],"class_list":{"0":"post-318677","1":"product","2":"type-product","3":"status-publish","4":"has-post-thumbnail","6":"pwb-brand-microtech-de","7":"product_cat-solide-messer","8":"product_cat-messer","9":"product_tag-b2b-de","11":"first","12":"instock","13":"taxable","14":"shipping-taxable","15":"purchasable","16":"product-type-simple"},"brands":[{"id":3278,"name":"Microtech","slug":"microtech-de"}],"_links":{"self":[{"href":"https:\/\/www.moskito.cz\/de\/wp-json\/wp\/v2\/product\/318677","targetHints":{"allow":["GET"]}}],"collection":[{"href":"https:\/\/www.moskito.cz\/de\/wp-json\/wp\/v2\/product"}],"about":[{"href":"https:\/\/www.moskito.cz\/de\/wp-json\/wp\/v2\/types\/product"}],"replies":[{"embeddable":true,"href":"https:\/\/www.moskito.cz\/de\/wp-json\/wp\/v2\/comments?post=318677"}],"wp:featuredmedia":[{"embeddable":true,"href":"https:\/\/www.moskito.cz\/de\/wp-json\/wp\/v2\/media\/318687"}],"wp:attachment":[{"href":"https:\/\/www.moskito.cz\/de\/wp-json\/wp\/v2\/media?parent=318677"}],"wp:term":[{"taxonomy":"pwb-brand","embeddable":true,"href":"https:\/\/www.moskito.cz\/de\/wp-json\/wp\/v2\/pwb-brand?post=318677"},{"taxonomy":"product_brand","embeddable":true,"href":"https:\/\/www.moskito.cz\/de\/wp-json\/wp\/v2\/product_brand?post=318677"},{"taxonomy":"product_cat","embeddable":true,"href":"https:\/\/www.moskito.cz\/de\/wp-json\/wp\/v2\/product_cat?post=318677"},{"taxonomy":"product_tag","embeddable":true,"href":"https:\/\/www.moskito.cz\/de\/wp-json\/wp\/v2\/product_tag?post=318677"}],"curies":[{"name":"wp","href":"https:\/\/api.w.org\/{rel}","templated":true}]}}