{"id":318769,"date":"2022-10-08T11:56:42","date_gmt":"2024-03-18T12:47:32","guid":{"rendered":"https:\/\/www.moskito.cz\/produkt\/feststehendes-messer-microtech-bastinelli-creations-signature-series-215-1-dlcs\/"},"modified":"2025-05-07T11:05:15","modified_gmt":"2025-05-07T10:05:15","slug":"feststehendes-messer-microtech-bastinelli-creations-signature-series-215-1-dlcs","status":"publish","type":"product","link":"https:\/\/www.moskito.cz\/de\/produkt\/feststehendes-messer-microtech-bastinelli-creations-signature-series-215-1-dlcs\/","title":{"rendered":"Feststehendes Messer Microtech\/Bastinelli Creations Signature Series 215-1 DLCS"},"content":{"rendered":"<p>Feststehendes Messer <strong>Microtech\/Bastinelli<\/strong> Creations Signature Series 215-1 DLCS.<\/p>\n<p>Das Feather ist ein Messer, das seine Arbeit einfach erledigt. Kein Schnickschnack, kein Schnickschnack, es ist ein bearbeitetes St\u00fcck D2-Werkzeugstahl mit einer verheerenden Falkenklinge, einem kleinen Ring und einer hervorragenden Textur am Griff. Diese einteilige feststehende Klinge l\u00e4sst sich blitzschnell aus der Scheide ziehen und ist sofort einsatzbereit. Die mitgelieferte Friktionsschnitt-Kydexscheide verf\u00fcgt \u00fcber einen diskreten Trageclip (IWB), der das Messer griffbereit und einsatzbereit h\u00e4lt. Es gl\u00e4nzt in einem taktischen Notfallszenario, eignet sich aber genauso gut als feststehende Klinge f\u00fcr den t\u00e4glichen Gebrauch.<\/p>\n<p>Spezifikationen<br \/>\nKlingenl\u00e4nge: 7,5 cm<br \/>\nSchnittkante: 7,18 cm<br \/>\nGriffl\u00e4nge: 12,5 cm<br \/>\nGesamtl\u00e4nge: 20 cm<br \/>\nKlingenmaterial: Werkzeugstahl D2<br \/>\nKlingenst\u00e4rke: 0,36 cm<br \/>\nKlingenstil: Hawkbill<br \/>\nKlingenschliff: Flach<br \/>\nKlingenfinish: Schwarz DLC<br \/>\nGriffmaterial: Werkzeugstahl D2<br \/>\nMantelmaterial: Kydex mit IWB-Clip<br \/>\nGewicht: 2,4 Unzen.<br \/>\nGewicht mit Koffer: 3,7 Unzen.<br \/>\nHergestellt in den USA<\/p>\n<p><iframe title=\"Microtech Combat Troodon Torture Test\" width=\"800\" height=\"450\" src=\"https:\/\/www.youtube.com\/embed\/xE9TeOFYEjg?feature=oembed\" frameborder=\"0\" allow=\"accelerometer; autoplay; clipboard-write; encrypted-media; gyroscope; picture-in-picture; web-share\" allowfullscreen><\/iframe><\/p>\n<p>&nbsp;<\/p>\n<p>&nbsp;<\/p>\n","protected":false},"excerpt":{"rendered":"<p><strong>Im Laufe der Jahre hat Microtech\u00ae Knives Messer mit Leidenschaft und K\u00f6nnen gef\u00fcllt, um nahezu Kunstwerke zu schaffen, die den Gipfel der Funktionalit\u00e4t darstellen. Alle Teile werden in den USA hergestellt.<\/strong><br \/>\n<strong>F\u00fcr alle Microtech-Messer gilt eine lebenslange Garantie.<\/strong><\/p>\n<p><strong>Kostenloser Transport.<\/strong><\/p>\n","protected":false},"featured_media":318770,"comment_status":"open","ping_status":"closed","template":"","meta":[],"pwb-brand":[3278],"product_brand":[],"product_cat":[3285,3287],"product_tag":[3669],"class_list":{"0":"post-318769","1":"product","2":"type-product","3":"status-publish","4":"has-post-thumbnail","6":"pwb-brand-microtech-de","7":"product_cat-messer","8":"product_cat-solide-messer","9":"product_tag-b2b-de","11":"first","12":"outofstock","13":"taxable","14":"shipping-taxable","15":"purchasable","16":"product-type-simple"},"brands":[{"id":3278,"name":"Microtech","slug":"microtech-de"}],"_links":{"self":[{"href":"https:\/\/www.moskito.cz\/de\/wp-json\/wp\/v2\/product\/318769","targetHints":{"allow":["GET"]}}],"collection":[{"href":"https:\/\/www.moskito.cz\/de\/wp-json\/wp\/v2\/product"}],"about":[{"href":"https:\/\/www.moskito.cz\/de\/wp-json\/wp\/v2\/types\/product"}],"replies":[{"embeddable":true,"href":"https:\/\/www.moskito.cz\/de\/wp-json\/wp\/v2\/comments?post=318769"}],"wp:featuredmedia":[{"embeddable":true,"href":"https:\/\/www.moskito.cz\/de\/wp-json\/wp\/v2\/media\/318770"}],"wp:attachment":[{"href":"https:\/\/www.moskito.cz\/de\/wp-json\/wp\/v2\/media?parent=318769"}],"wp:term":[{"taxonomy":"pwb-brand","embeddable":true,"href":"https:\/\/www.moskito.cz\/de\/wp-json\/wp\/v2\/pwb-brand?post=318769"},{"taxonomy":"product_brand","embeddable":true,"href":"https:\/\/www.moskito.cz\/de\/wp-json\/wp\/v2\/product_brand?post=318769"},{"taxonomy":"product_cat","embeddable":true,"href":"https:\/\/www.moskito.cz\/de\/wp-json\/wp\/v2\/product_cat?post=318769"},{"taxonomy":"product_tag","embeddable":true,"href":"https:\/\/www.moskito.cz\/de\/wp-json\/wp\/v2\/product_tag?post=318769"}],"curies":[{"name":"wp","href":"https:\/\/api.w.org\/{rel}","templated":true}]}}