{"id":318836,"date":"2019-04-14T16:47:41","date_gmt":"2024-03-18T13:12:29","guid":{"rendered":"https:\/\/www.moskito.cz\/produkt\/boeker-leopard-damast-iii-klapp-damastmesser-110239dam\/"},"modified":"2025-07-11T07:48:27","modified_gmt":"2025-07-11T06:48:27","slug":"boeker-leopard-damast-iii-klapp-damastmesser-110239dam","status":"publish","type":"product","link":"https:\/\/www.moskito.cz\/de\/produkt\/boeker-leopard-damast-iii-klapp-damastmesser-110239dam\/","title":{"rendered":"B\u00f6ker Leopard-Damast III Klapp-Damastmesser 110239DAM"},"content":{"rendered":"<p>B\u00f6ker <strong>Leopard-Damast III<\/strong> Damast-Klappmesser 110239DAM.<\/p>\n<p>Viele B\u00f6ker-Kunden haben sie gebeten, die B\u00f6ker Leopard Damascus III Collection Edition mit Flossen und Daumenknauf anzubieten. Dieses Sammlermesser verf\u00fcgt \u00fcber einen wundersch\u00f6nen 180-lagigen Damasteinsatz aus Edelstahl, der kunstvoll von Hand in die Griffschale eingearbeitet ist. Dies verleiht dem Taschenmesser einen neuen Reiz, da der Damasteinsatz mit seinem eleganten Muster sehr gut mit der handgeschmiedeten Leopard-Damastklinge harmoniert. Der legend\u00e4re B\u00f6ker-Klingenstahl ist seit vielen Jahren ein Favorit in der Messer-Community. Es besteht aus einem Leopard-Panzerrohr, hat 300 Schichten und eine H\u00e4rte von 61 bis 63 HRC. Mit doppelseitigem Taschenclip (Falten\/Falten). Lieferung mit Rahmenetui, Echtheitszertifikat und individueller Seriennummer.<br \/>\nDamaststahl<\/p>\n<p>Als Damaststahl bezeichnet man eine Stahlsorte, die sich im Mittelalter und in der fr\u00fchen Neuzeit gro\u00dfer Beliebtheit erfreute. Benannt wurde es nach der syrischen Stadt Damaskus, einem ehemaligen Handelszentrum f\u00fcr Messer und Schwerter mit diesem Klingentyp. Damaststahl wird heute nicht mehr so \u200b\u200bh\u00e4ufig verwendet wie Edelstahl oder Kohlenstoffstahl, wird aber dennoch wegen seines dekorativen Aussehens gesch\u00e4tzt.<\/p>\n<p>Damaststahl ist ein Verbundstahl, also Stahl aus zwei oder mehr Stahlbasen mit unterschiedlichen Eigenschaften. Das fertige Produkt weist eine deutlich sichtbare Textur aus abwechselnden Schichten von Grundmaterialien auf. Zur Herstellung eines Verbundwerkstoffs werden zwei oder mehr Stahlsorten verwendet, um ein Endprodukt zu erhalten, das ihre St\u00e4rken vereint. Damaststahl wurde entwickelt, um die Nachteile von Stahl als Material f\u00fcr die Herstellung von Schwertern, Messern und anderen Waffen auszugleichen. Die Verwendung von hartem oder weichem Stahl zur Herstellung von Klingen f\u00fchrte zu spezifischen Vor- und Nachteilen: Klingen aus hartem Stahl sind sehr stabil und lange haltbar, aber auch spr\u00f6de und brechen schnell. Klingen aus Weichstahl hingegen brechen nicht, sondern verbiegen sich schnell und verlieren ihre Sch\u00e4rfe.<\/p>\n<p>Die f\u00fcr Damaskus typische Kombination aus hartem und weichem Stahl f\u00fchrt zu einem Endprodukt, das nicht bricht (wie Baustahl) und dennoch eine gute Schnitthaltigkeit bietet (wie harter Stahl). Die Grundmaterialien von Damaststahl werden \u00fcblicherweise miteinander verschwei\u00dft. Die Stahllagen werden durch Schmieden nach dem Grundprinzip verschwei\u00dft: Feinere Stahllagen lassen sich besser und leichter verbinden. Es ist keine Seltenheit, mehrere hundert Schichten auf eine einzige Klinge zu schwei\u00dfen.<\/p>\n<p>Damaststahl spielt heute bei der Klingenherstellung keine Rolle mehr, da Monostahlprodukte (hergestellt aus einer Stahlsorte) verf\u00fcgbar sind, die dieselben Eigenschaften bieten, die bei Damaststahl durch die Kombination von zwei oder mehr Stahlsorten erreicht werden. Damaststahl wird immer noch wegen seines dekorativen \u00c4u\u00dferen und seiner langen Geschichte gesch\u00e4tzt.<\/p>\n<p>Gesamtl\u00e4nge: 22,5 cm<br \/>\nKlingenl\u00e4nge: 9,7 cm<br \/>\nKlingenst\u00e4rke: 3,5 mm<br \/>\nGewicht: 156 g<br \/>\nKlingenmaterial: Damaststahl<\/p>\n","protected":false},"excerpt":{"rendered":"<p>Die B\u00f6ker Solingen Manufaktur f\u00fchrt die deutsche Tradition ber\u00fchmter Messer seit 1869 fort.<br \/>\nKostenloser Transport.<\/p>\n","protected":false},"featured_media":318803,"comment_status":"open","ping_status":"closed","template":"","meta":[],"pwb-brand":[3422],"product_brand":[],"product_cat":[3420,3285],"product_tag":[],"class_list":{"0":"post-318836","1":"product","2":"type-product","3":"status-publish","4":"has-post-thumbnail","6":"pwb-brand-boker-de","7":"product_cat-damaszenermesser","8":"product_cat-messer","10":"first","11":"instock","12":"taxable","13":"shipping-taxable","14":"purchasable","15":"product-type-simple"},"brands":[{"id":3422,"name":"B\u00f6ker","slug":"boker-de"}],"_links":{"self":[{"href":"https:\/\/www.moskito.cz\/de\/wp-json\/wp\/v2\/product\/318836","targetHints":{"allow":["GET"]}}],"collection":[{"href":"https:\/\/www.moskito.cz\/de\/wp-json\/wp\/v2\/product"}],"about":[{"href":"https:\/\/www.moskito.cz\/de\/wp-json\/wp\/v2\/types\/product"}],"replies":[{"embeddable":true,"href":"https:\/\/www.moskito.cz\/de\/wp-json\/wp\/v2\/comments?post=318836"}],"wp:featuredmedia":[{"embeddable":true,"href":"https:\/\/www.moskito.cz\/de\/wp-json\/wp\/v2\/media\/318803"}],"wp:attachment":[{"href":"https:\/\/www.moskito.cz\/de\/wp-json\/wp\/v2\/media?parent=318836"}],"wp:term":[{"taxonomy":"pwb-brand","embeddable":true,"href":"https:\/\/www.moskito.cz\/de\/wp-json\/wp\/v2\/pwb-brand?post=318836"},{"taxonomy":"product_brand","embeddable":true,"href":"https:\/\/www.moskito.cz\/de\/wp-json\/wp\/v2\/product_brand?post=318836"},{"taxonomy":"product_cat","embeddable":true,"href":"https:\/\/www.moskito.cz\/de\/wp-json\/wp\/v2\/product_cat?post=318836"},{"taxonomy":"product_tag","embeddable":true,"href":"https:\/\/www.moskito.cz\/de\/wp-json\/wp\/v2\/product_tag?post=318836"}],"curies":[{"name":"wp","href":"https:\/\/api.w.org\/{rel}","templated":true}]}}