{"id":319041,"date":"2022-09-19T21:27:12","date_gmt":"2022-09-19T20:27:12","guid":{"rendered":"https:\/\/www.moskito.cz\/produkt\/festes-messer-extrema-ratio-nk3-zu-steinwaschen\/"},"modified":"2025-05-07T11:05:20","modified_gmt":"2025-05-07T10:05:20","slug":"festes-messer-extrema-ratio-nk3-zu-steinwaschen","status":"publish","type":"product","link":"https:\/\/www.moskito.cz\/de\/produkt\/festes-messer-extrema-ratio-nk3-zu-steinwaschen\/","title":{"rendered":"Festes Messer Extrema Ratio NK3 ZU STEINWASCHEN"},"content":{"rendered":"<p>Festes Messer <strong>Extrema Ratio<\/strong> NK3 ZU STEINWASCHEN.<\/p>\n<p>Hergestellt aus N690-Stahl, mit einer Blutrille auf der Klinge und einem Ring auf der R\u00fcckseite des Griffs. Dank der Kydexscheide kann es um den Hals getragen oder, zusammen mit anderem Spezialzubeh\u00f6r (muss separat erworben werden), am G\u00fcrtel oder am Holster des Extrema Ratio Cordura MOLLE-Systems befestigt werden. Es ist in den Versionen Schwarz, Stein und W\u00fcste erh\u00e4ltlich. Verf\u00fcgbar, aber nicht im Lieferumfang enthalten: BELT-CLIP (zur Befestigung des Holsters am G\u00fcrtel), Polymer UNDER SHIRT SYSTEM (f\u00fcr verdecktes Tragen)<\/p>\n<p>GEWICHT G: 95<br \/>\nGEWICHT UNZEN: 3,35<br \/>\nKLINGENL\u00c4NGE (MM): 70<br \/>\nKLINGENL\u00c4NGE (ZOLL): 2,75<br \/>\nGESAMTL\u00c4NGE (MM): 172<br \/>\nGESAMTL\u00c4NGE (H): 6,77<br \/>\nKLINGENST\u00c4RKE (MM): 6,3<br \/>\nKLINGENST\u00c4RKE (ZOLL): 0,24<br \/>\nKLINGENMATERIAL: B\u00d6HLER N690 STAHL (58HRC)<br \/>\nKLINGENOBERFL\u00c4CHENBEHANDLUNG: STONE WASHED<br \/>\nHAUPTGITTER: FLACH<br \/>\nGRIFFMATERIAL: B\u00d6HLER N690 STAHL (58HRC)<\/p>\n","protected":false},"excerpt":{"rendered":"<p>Extrema Ratio mit Sitz in Prato, Italien, entwirft und produziert seit 1997 leistungsstarke Kampf-, Milit\u00e4r-, K\u00fcchen-, Jagd- und taktische Messer und genie\u00dft einen Ruf f\u00fcr \u00fcberlegene Qualit\u00e4t, die in der Milit\u00e4r- und taktischen Messerbranche ihresgleichen sucht. Kostenloser Transport .<\/p>\n","protected":false},"featured_media":319046,"comment_status":"open","ping_status":"closed","template":"","meta":[],"pwb-brand":[3539],"product_brand":[],"product_cat":[3287,3285],"product_tag":[3669],"class_list":{"0":"post-319041","1":"product","2":"type-product","3":"status-publish","4":"has-post-thumbnail","6":"pwb-brand-extrema-verhaltnis","7":"product_cat-solide-messer","8":"product_cat-messer","9":"product_tag-b2b-de","11":"first","12":"outofstock","13":"taxable","14":"shipping-taxable","15":"purchasable","16":"product-type-simple"},"brands":[{"id":3539,"name":"Extrema-Verh\u00e4ltnis","slug":"extrema-verhaltnis"}],"_links":{"self":[{"href":"https:\/\/www.moskito.cz\/de\/wp-json\/wp\/v2\/product\/319041","targetHints":{"allow":["GET"]}}],"collection":[{"href":"https:\/\/www.moskito.cz\/de\/wp-json\/wp\/v2\/product"}],"about":[{"href":"https:\/\/www.moskito.cz\/de\/wp-json\/wp\/v2\/types\/product"}],"replies":[{"embeddable":true,"href":"https:\/\/www.moskito.cz\/de\/wp-json\/wp\/v2\/comments?post=319041"}],"wp:featuredmedia":[{"embeddable":true,"href":"https:\/\/www.moskito.cz\/de\/wp-json\/wp\/v2\/media\/319046"}],"wp:attachment":[{"href":"https:\/\/www.moskito.cz\/de\/wp-json\/wp\/v2\/media?parent=319041"}],"wp:term":[{"taxonomy":"pwb-brand","embeddable":true,"href":"https:\/\/www.moskito.cz\/de\/wp-json\/wp\/v2\/pwb-brand?post=319041"},{"taxonomy":"product_brand","embeddable":true,"href":"https:\/\/www.moskito.cz\/de\/wp-json\/wp\/v2\/product_brand?post=319041"},{"taxonomy":"product_cat","embeddable":true,"href":"https:\/\/www.moskito.cz\/de\/wp-json\/wp\/v2\/product_cat?post=319041"},{"taxonomy":"product_tag","embeddable":true,"href":"https:\/\/www.moskito.cz\/de\/wp-json\/wp\/v2\/product_tag?post=319041"}],"curies":[{"name":"wp","href":"https:\/\/api.w.org\/{rel}","templated":true}]}}