{"id":319117,"date":"2022-11-09T22:47:14","date_gmt":"2024-03-18T14:04:19","guid":{"rendered":"https:\/\/www.moskito.cz\/produkt\/feststehendes-messer-extrema-ratio-defender-2-schwarz\/"},"modified":"2025-05-07T11:05:23","modified_gmt":"2025-05-07T10:05:23","slug":"feststehendes-messer-extrema-ratio-defender-2-schwarz","status":"publish","type":"product","link":"https:\/\/www.moskito.cz\/de\/produkt\/feststehendes-messer-extrema-ratio-defender-2-schwarz\/","title":{"rendered":"Feststehendes Messer Extrema Ratio DEFENDER 2 SCHWARZ"},"content":{"rendered":"<p>Feststehendes Messer <strong>Extrema Ratio<\/strong> DEFENDER 2 SCHWARZ.<\/p>\n<p>Kampfvariante des Scout 2-Modells mit ultraflachem Design. Die 118-mm-Klinge wird durch die Durchblutung in ihrer Struktur aufgelockert. Es wird in zwei Versionen hergestellt: mit Einzelschutz und Obergriff oder in der DG-Version mit Doppelschutz f\u00fcr einen sichereren Halt bei Ausfallschritten. Wird mit einem schwarzen Kydex-Holster mit MOLLE-Systembefestigung geliefert. Erh\u00e4ltlich in zwei Versionen: BLACK und STONE WASHED<\/p>\n<p>GEWICHT G: 135<br \/>\nGEWICHT: 4,76 oz<br \/>\nKLINGENL\u00c4NGE (MM): 118<br \/>\nKLINGENL\u00c4NGE (IN): 4,64<br \/>\nGESAMTL\u00c4NGE (MM): 232<br \/>\nGESAMTL\u00c4NGE (H): 9,13<br \/>\nKLINGENST\u00c4RKE (MM): 5<br \/>\nKLINGENST\u00c4RKE (V): 0,19<br \/>\nKLINGENMATERIAL: B\u00d6HLER N690 STAHL (58HRC)<br \/>\nMESSERFINISH: MIL-C-13924 BR\u00dcNIEREN<br \/>\nKLINGENPFEIL: FLACHDRAHT<br \/>\nGRIFFMATERIAL: FORPRENE<\/p>\n<p>&nbsp;<\/p>\n","protected":false},"excerpt":{"rendered":"<p>Extrema Ratio mit Sitz in Prato, Italien, entwirft und produziert seit 1997 leistungsstarke Kampf-, Milit\u00e4r-, K\u00fcchen-, Jagd- und taktische Messer und genie\u00dft einen Ruf f\u00fcr \u00fcberlegene Qualit\u00e4t, die in der Milit\u00e4r- und taktischen Messerbranche ihresgleichen sucht. <strong>Kostenloser Transport.<\/strong><\/p>\n","protected":false},"featured_media":319118,"comment_status":"open","ping_status":"closed","template":"","meta":[],"pwb-brand":[3539],"product_brand":[],"product_cat":[3285,3287],"product_tag":[3669],"class_list":{"0":"post-319117","1":"product","2":"type-product","3":"status-publish","4":"has-post-thumbnail","6":"pwb-brand-extrema-verhaltnis","7":"product_cat-messer","8":"product_cat-solide-messer","9":"product_tag-b2b-de","11":"first","12":"instock","13":"taxable","14":"shipping-taxable","15":"purchasable","16":"product-type-simple"},"brands":[{"id":3539,"name":"Extrema-Verh\u00e4ltnis","slug":"extrema-verhaltnis"}],"_links":{"self":[{"href":"https:\/\/www.moskito.cz\/de\/wp-json\/wp\/v2\/product\/319117","targetHints":{"allow":["GET"]}}],"collection":[{"href":"https:\/\/www.moskito.cz\/de\/wp-json\/wp\/v2\/product"}],"about":[{"href":"https:\/\/www.moskito.cz\/de\/wp-json\/wp\/v2\/types\/product"}],"replies":[{"embeddable":true,"href":"https:\/\/www.moskito.cz\/de\/wp-json\/wp\/v2\/comments?post=319117"}],"wp:featuredmedia":[{"embeddable":true,"href":"https:\/\/www.moskito.cz\/de\/wp-json\/wp\/v2\/media\/319118"}],"wp:attachment":[{"href":"https:\/\/www.moskito.cz\/de\/wp-json\/wp\/v2\/media?parent=319117"}],"wp:term":[{"taxonomy":"pwb-brand","embeddable":true,"href":"https:\/\/www.moskito.cz\/de\/wp-json\/wp\/v2\/pwb-brand?post=319117"},{"taxonomy":"product_brand","embeddable":true,"href":"https:\/\/www.moskito.cz\/de\/wp-json\/wp\/v2\/product_brand?post=319117"},{"taxonomy":"product_cat","embeddable":true,"href":"https:\/\/www.moskito.cz\/de\/wp-json\/wp\/v2\/product_cat?post=319117"},{"taxonomy":"product_tag","embeddable":true,"href":"https:\/\/www.moskito.cz\/de\/wp-json\/wp\/v2\/product_tag?post=319117"}],"curies":[{"name":"wp","href":"https:\/\/api.w.org\/{rel}","templated":true}]}}