{"id":319255,"date":"2022-02-28T22:13:16","date_gmt":"2024-03-18T14:15:03","guid":{"rendered":"https:\/\/www.moskito.cz\/produkt\/verschlussmesser-giantmouse-ace-nimbus-v2-natural-canvas-micarta\/"},"modified":"2025-05-07T11:05:27","modified_gmt":"2025-05-07T10:05:27","slug":"verschlussmesser-giantmouse-ace-nimbus-v2-natural-canvas-micarta","status":"publish","type":"product","link":"https:\/\/www.moskito.cz\/de\/produkt\/verschlussmesser-giantmouse-ace-nimbus-v2-natural-canvas-micarta\/","title":{"rendered":"Verschlussmesser GiantMouse ACE NIMBUS V2 \u2013 NATURAL CANVAS MICARTA"},"content":{"rendered":"<p>Verschlussmesser <strong>GiantMouse<\/strong> ACE NIMBUS V2 \u2013 NATURAL CANVAS MICARTA.<\/p>\n<p>DIE RICHTIGEN MESSER.\u00ae<\/p>\n<p>Der urspr\u00fcngliche ACE Nimbus wurde als perfekter Outdoor-Begleiter entwickelt und mit Blick auf robuste nordische Messer entwickelt. Bei Version 2 haben wir uns entschieden, das Designkonzept \u201eWerkzeug\/Arbeitsmesser\u201c noch weiter zu entwickeln, indem wir die Griffschalen f\u00fcr einen ergonomischeren Griff abgerundet haben, Elmax-Stahl verwendet und die Lager durch unsere eigenen speziellen Bronzescheiben ersetzt haben.<\/p>\n<p>Das Nimbus ist ein starkes, leistungsf\u00e4higes Messer mit einem schlanken, n\u00fctzlichen Puuku-Klingenprofil und schneidet dank seines hohen Flachschliffs und der d\u00fcnnen Klinge wie ein Traum. Ein modern aussehender Ordner mit Zugriff und hervorragender Schneidleistung.<\/p>\n<p>Unsere Inspiration f\u00fcr den ACE Nimbus kam vom gleichnamigen klassischen d\u00e4nischen Motorrad. Das Nimbus-Motorrad wurde urspr\u00fcnglich 1915 vom d\u00e4nischen Designer Peder Fisker entworfen und von 1919 bis 1960 produziert. In einem Artikel \u00fcber den Nimbus Type C von 1957 schreibt \u201eMotorcycle Classics\u201c, dass der Nimbus \u201enicht die Maschine ist, die man braucht, um mit 80 Meilen pro Stunde \u00fcber die Interstate zu cruisen oder auf dem 12.000 Fu\u00df langen Independence Pass an Porsches vorbeizukommen.\u201c Dies war als Mehrzweck-Abschleppwagen gedacht; Lass es langsam laufen und es wird fast ewig laufen.<\/p>\n<p>In Anlehnung an das robuste, praktische Design des Nimbus-Motorrads ist dieses Messer unsere Interpretation eines gro\u00dfartigen \u201eWerkzeugmessers\u201c. Das GiantMouse ACE Nimbus ist ein Messer, das Sie in Ihrem Wintermantel, Rucksack, Ihrer Arbeitsjeans oder Ihrem Werkzeugkoffer aufbewahren m\u00f6chten. Die Art von Messer, die zur Stelle ist, wenn Sie sie brauchen. Dies ist ein Messer, an dem Sie viele Jahre lang Freude haben werden.<\/p>\n<p>SPEZIFIKATIONEN<br \/>\nMaterialien:<br \/>\nKlingenstahl: Elmax. Stonewash-Finish.<br \/>\nGriff: Nat\u00fcrliches Canvas-Micarta.<br \/>\nClip: Draht &#8211; doppelseitig.<br \/>\nAuskleidung: AISI 420 geh\u00e4rtet \u2013 perlgestrahlt.<br \/>\nDrehmechanismus: Unterlegscheiben aus Bronze.<br \/>\nVerriegelungsmechanismus: Liner Lock.<\/p>\n<p>Ma\u00dfe:<br \/>\nKlingenl\u00e4nge: 3 Zoll (76,2 mm) \u2013 gemessen von der Spitze bis zur Vorderseite des Rahmens<br \/>\nKlingenst\u00e4rke: 0,138 Zoll (3,5 mm)<br \/>\nGriffl\u00e4nge: 4,1875 Zoll (106,36 mm)<br \/>\nGesamtl\u00e4nge: 7,25&#8243; (184,15 mm)<br \/>\nGewicht: 3,8 oz (107,73 g)<\/p>\n","protected":false},"excerpt":{"rendered":"<p>Die Idee zu <strong>GiantMouse<\/strong> entstand eines Abends bei einem Drink auf der American Knife Show 2015. Die d\u00e4nischen Designer\/Messer Jens Ans\u00f8 und Jesper Voxnaes (Vox) beschlossen gemeinsam mit ihrem amerikanischen Unternehmerfreund Jim Wirth, dass sie eine bessere Mausefalle bauen k\u00f6nnten. sprechen. Eine Messermarke, die es schafft, erstaunliche Messerdesigns mit h\u00f6chstm\u00f6glicher Verarbeitungsqualit\u00e4t zu einem fairen Preis anzubieten und dabei eng mit ihrer Kundengemeinschaft verbunden zu bleiben.<\/p>\n<p><strong>Kostenloser Transport.<\/strong><\/p>\n","protected":false},"featured_media":319263,"comment_status":"open","ping_status":"closed","template":"","meta":[],"pwb-brand":[3803],"product_brand":[],"product_cat":[3285,3303],"product_tag":[],"class_list":{"0":"post-319255","1":"product","2":"type-product","3":"status-publish","4":"has-post-thumbnail","6":"pwb-brand-giantmouse-de","7":"product_cat-messer","8":"product_cat-schliesmesser","10":"first","11":"instock","12":"taxable","13":"shipping-taxable","14":"purchasable","15":"product-type-simple"},"brands":[{"id":3803,"name":"GiantMouse","slug":"giantmouse-de"}],"_links":{"self":[{"href":"https:\/\/www.moskito.cz\/de\/wp-json\/wp\/v2\/product\/319255","targetHints":{"allow":["GET"]}}],"collection":[{"href":"https:\/\/www.moskito.cz\/de\/wp-json\/wp\/v2\/product"}],"about":[{"href":"https:\/\/www.moskito.cz\/de\/wp-json\/wp\/v2\/types\/product"}],"replies":[{"embeddable":true,"href":"https:\/\/www.moskito.cz\/de\/wp-json\/wp\/v2\/comments?post=319255"}],"wp:featuredmedia":[{"embeddable":true,"href":"https:\/\/www.moskito.cz\/de\/wp-json\/wp\/v2\/media\/319263"}],"wp:attachment":[{"href":"https:\/\/www.moskito.cz\/de\/wp-json\/wp\/v2\/media?parent=319255"}],"wp:term":[{"taxonomy":"pwb-brand","embeddable":true,"href":"https:\/\/www.moskito.cz\/de\/wp-json\/wp\/v2\/pwb-brand?post=319255"},{"taxonomy":"product_brand","embeddable":true,"href":"https:\/\/www.moskito.cz\/de\/wp-json\/wp\/v2\/product_brand?post=319255"},{"taxonomy":"product_cat","embeddable":true,"href":"https:\/\/www.moskito.cz\/de\/wp-json\/wp\/v2\/product_cat?post=319255"},{"taxonomy":"product_tag","embeddable":true,"href":"https:\/\/www.moskito.cz\/de\/wp-json\/wp\/v2\/product_tag?post=319255"}],"curies":[{"name":"wp","href":"https:\/\/api.w.org\/{rel}","templated":true}]}}