{"id":319270,"date":"2021-04-27T21:08:05","date_gmt":"2024-03-18T14:15:04","guid":{"rendered":"https:\/\/www.moskito.cz\/produkt\/feststehendes-messer-extrema-ratio-nimbus-ordinanza\/"},"modified":"2025-07-11T07:54:50","modified_gmt":"2025-07-11T06:54:50","slug":"feststehendes-messer-extrema-ratio-nimbus-ordinanza","status":"publish","type":"product","link":"https:\/\/www.moskito.cz\/de\/produkt\/feststehendes-messer-extrema-ratio-nimbus-ordinanza\/","title":{"rendered":"Feststehendes Messer Extrema Ratio NIMBUS ORDINANZA"},"content":{"rendered":"<p>Feststehendes Messer <strong>Extrema Ratio<\/strong> NIMBUS ORDINANZA.<\/p>\n<p>NIMBUS wurde vom renommierten 183. bestellt und in Empfang genommen. vom Nembo (Airborne) Regiment durch eine \u00dcberpr\u00fcfung des bekannten Modells 39-09.<\/p>\n<p>Dieses Messer feiert die Schlacht von Case Grizzano, die am 19 April 1945 zwischen den Nembo-Fallschirmj\u00e4gern und den deutschen Fallschirmj\u00e4gern der 1. Division \u201eGreen Devils\u201c, ein 12-st\u00fcndiges, \u00e4u\u00dferst brutales und blutiges Nahkampfgefecht mit Schwertern.<\/p>\n<p>Ungeachtet der Tatsache, dass der Zweite Weltkrieg in wenigen Tagen endete und ein Drittel der Fallschirmj\u00e4ger auf dem Schlachtfeld fielen, gewann Nembo diese erbitterte Schlacht. Das NIMBUS ist viel mehr als nur ein Modell zur Feier eines Ereignisses, das Messer wurde aus technischer Sicht entwickelt, um tats\u00e4chlich f\u00fcr moderne Kampfzwecke eingesetzt zu werden.<\/p>\n<p>Besonderes Augenmerk wurde auf technische Merkmale wie Abmessungen, Form und Kydex-Umh\u00fcllung gelegt, um auf so unterschiedliche taktische Arten getragen zu werden.<\/p>\n<p>TECHNISCHES ARBEITSBLATT<br \/>\nGewicht g.: 203<br \/>\nGewicht ca.: 7,16<br \/>\nKlingenl\u00e4nge (mm): 141<br \/>\nKlingenl\u00e4nge (Zoll): 5,55<br \/>\nGesamtl\u00e4nge (mm): 263<br \/>\nGesamtl\u00e4nge (in Zoll): 10,35<br \/>\nKlingenst\u00e4rke (mm): 5<br \/>\nKlingenst\u00e4rke (in Zoll): 0,20<br \/>\nKlingenmaterial: B\u00f6HLER N690 STAHL (58HRC)<br \/>\nKlingenoberfl\u00e4che: HEATING MIL-C-13924<br \/>\nHauptgitter: FLACH<br \/>\nGriffmaterial: FORPREN<\/p>\n","protected":false},"excerpt":{"rendered":"<p>Extrema Ratio mit Sitz in Prato, Italien, entwirft und produziert seit 1997 leistungsstarke Kampf-, Milit\u00e4r-, K\u00fcchen-, Jagd- und taktische Messer und genie\u00dft einen Ruf f\u00fcr \u00fcberlegene Qualit\u00e4t, die in der Milit\u00e4r- und taktischen Messerbranche ihresgleichen sucht. Kostenloser Transport .<\/p>\n","protected":false},"featured_media":402342,"comment_status":"open","ping_status":"closed","template":"","meta":[],"pwb-brand":[3539],"product_brand":[],"product_cat":[3285,3287],"product_tag":[],"class_list":{"0":"post-319270","1":"product","2":"type-product","3":"status-publish","4":"has-post-thumbnail","6":"pwb-brand-extrema-verhaltnis","7":"product_cat-messer","8":"product_cat-solide-messer","10":"first","11":"instock","12":"taxable","13":"shipping-taxable","14":"purchasable","15":"product-type-simple"},"brands":[{"id":3539,"name":"Extrema-Verh\u00e4ltnis","slug":"extrema-verhaltnis"}],"_links":{"self":[{"href":"https:\/\/www.moskito.cz\/de\/wp-json\/wp\/v2\/product\/319270","targetHints":{"allow":["GET"]}}],"collection":[{"href":"https:\/\/www.moskito.cz\/de\/wp-json\/wp\/v2\/product"}],"about":[{"href":"https:\/\/www.moskito.cz\/de\/wp-json\/wp\/v2\/types\/product"}],"replies":[{"embeddable":true,"href":"https:\/\/www.moskito.cz\/de\/wp-json\/wp\/v2\/comments?post=319270"}],"wp:featuredmedia":[{"embeddable":true,"href":"https:\/\/www.moskito.cz\/de\/wp-json\/wp\/v2\/media\/402342"}],"wp:attachment":[{"href":"https:\/\/www.moskito.cz\/de\/wp-json\/wp\/v2\/media?parent=319270"}],"wp:term":[{"taxonomy":"pwb-brand","embeddable":true,"href":"https:\/\/www.moskito.cz\/de\/wp-json\/wp\/v2\/pwb-brand?post=319270"},{"taxonomy":"product_brand","embeddable":true,"href":"https:\/\/www.moskito.cz\/de\/wp-json\/wp\/v2\/product_brand?post=319270"},{"taxonomy":"product_cat","embeddable":true,"href":"https:\/\/www.moskito.cz\/de\/wp-json\/wp\/v2\/product_cat?post=319270"},{"taxonomy":"product_tag","embeddable":true,"href":"https:\/\/www.moskito.cz\/de\/wp-json\/wp\/v2\/product_tag?post=319270"}],"curies":[{"name":"wp","href":"https:\/\/api.w.org\/{rel}","templated":true}]}}