{"id":319345,"date":"2022-11-17T16:24:58","date_gmt":"2024-03-18T14:24:03","guid":{"rendered":"https:\/\/www.moskito.cz\/produkt\/extrema-ratio-doppelkornschaerfer\/"},"modified":"2025-05-07T11:05:28","modified_gmt":"2025-05-07T10:05:28","slug":"extrema-ratio-doppelkornschaerfer","status":"publish","type":"product","link":"https:\/\/www.moskito.cz\/de\/produkt\/extrema-ratio-doppelkornschaerfer\/","title":{"rendered":"Extrema Ratio DOPPELKORNSCH\u00c4RFER"},"content":{"rendered":"<p><strong>Extrema Ratio<\/strong> DOPPELKORNSCH\u00c4RFER<\/p>\n<p>Doppelkorn-Siliziumkarbid-Schleifscheibe. Es besteht aus einer Seite mit grober K\u00f6rnung (180) und einer Seite mit feiner K\u00f6rnung (400), um ein kraftvolleres Sch\u00e4rfen zu erm\u00f6glichen. Lieferung mit Cordura-Scheide.<\/p>\n","protected":false},"excerpt":{"rendered":"<p>Extrema Ratio mit Sitz in Prato, Italien, entwirft und produziert seit 1997 leistungsstarke Kampf-, Milit\u00e4r-, K\u00fcchen-, Jagd- und taktische Messer und genie\u00dft einen Ruf f\u00fcr \u00fcberlegene Qualit\u00e4t, die in der Milit\u00e4r- und taktischen Messerbranche ihresgleichen sucht.<\/p>\n","protected":false},"featured_media":319346,"comment_status":"open","ping_status":"closed","template":"","meta":[],"pwb-brand":[3539],"product_brand":[],"product_cat":[3346],"product_tag":[3669],"class_list":{"0":"post-319345","1":"product","2":"type-product","3":"status-publish","4":"has-post-thumbnail","6":"pwb-brand-extrema-verhaltnis","7":"product_cat-schleifscheiben-und-stahle","8":"product_tag-b2b-de","10":"first","11":"instock","12":"taxable","13":"shipping-taxable","14":"purchasable","15":"product-type-simple"},"brands":[{"id":3539,"name":"Extrema-Verh\u00e4ltnis","slug":"extrema-verhaltnis"}],"_links":{"self":[{"href":"https:\/\/www.moskito.cz\/de\/wp-json\/wp\/v2\/product\/319345","targetHints":{"allow":["GET"]}}],"collection":[{"href":"https:\/\/www.moskito.cz\/de\/wp-json\/wp\/v2\/product"}],"about":[{"href":"https:\/\/www.moskito.cz\/de\/wp-json\/wp\/v2\/types\/product"}],"replies":[{"embeddable":true,"href":"https:\/\/www.moskito.cz\/de\/wp-json\/wp\/v2\/comments?post=319345"}],"wp:featuredmedia":[{"embeddable":true,"href":"https:\/\/www.moskito.cz\/de\/wp-json\/wp\/v2\/media\/319346"}],"wp:attachment":[{"href":"https:\/\/www.moskito.cz\/de\/wp-json\/wp\/v2\/media?parent=319345"}],"wp:term":[{"taxonomy":"pwb-brand","embeddable":true,"href":"https:\/\/www.moskito.cz\/de\/wp-json\/wp\/v2\/pwb-brand?post=319345"},{"taxonomy":"product_brand","embeddable":true,"href":"https:\/\/www.moskito.cz\/de\/wp-json\/wp\/v2\/product_brand?post=319345"},{"taxonomy":"product_cat","embeddable":true,"href":"https:\/\/www.moskito.cz\/de\/wp-json\/wp\/v2\/product_cat?post=319345"},{"taxonomy":"product_tag","embeddable":true,"href":"https:\/\/www.moskito.cz\/de\/wp-json\/wp\/v2\/product_tag?post=319345"}],"curies":[{"name":"wp","href":"https:\/\/api.w.org\/{rel}","templated":true}]}}