{"id":319386,"date":"2023-08-10T15:14:08","date_gmt":"2024-03-18T14:28:54","guid":{"rendered":"https:\/\/www.moskito.cz\/produkt\/extrema-ratio-rao-ii-expeditions-verschlussmesser\/"},"modified":"2025-05-07T11:05:29","modified_gmt":"2025-05-07T10:05:29","slug":"extrema-ratio-rao-ii-expeditions-verschlussmesser","status":"publish","type":"product","link":"https:\/\/www.moskito.cz\/de\/produkt\/extrema-ratio-rao-ii-expeditions-verschlussmesser\/","title":{"rendered":"Extrema Ratio RAO II EXPEDITIONS Verschlussmesser"},"content":{"rendered":"<p><strong>Extrema Ratio<\/strong> RAO II EXPEDITIONS Verschlussmesser<\/p>\n<p>Die Expedition-Serie, eine neue Werkzeuglinie f\u00fcr professionelle Entdecker, begr\u00fc\u00dft ein Klappmessermodell, das RAO II Expeditions.<\/p>\n<p>Die Messer der Expedition-Serie bieten die gleiche Zuverl\u00e4ssigkeit und hohe Qualit\u00e4t wie alle anderen taktischen Werkzeuge von Extrema Ratio, die an milit\u00e4rische Spezialeinheiten und Strafverfolgungsbeh\u00f6rden geliefert werden. Rao II Expeditions ist ein Instrument, das dank seiner Struktur und trotz seiner Kompaktheit die gleichen Funktionalit\u00e4ten und Eigenschaften eines viel gr\u00f6\u00dferen und robusteren Produkts garantiert.<\/p>\n<p>Es hat wie jedes andere Modell der Expedition-Linie einen w\u00fcstenfarbenen Griff und ein Geh\u00e4use. Es verf\u00fcgt \u00fcber eine B\u00d6HLER-Stahlklinge aus N690 (58HRC) mit MIL-C-13924-Politur und Stonewashed-Finish (DARK STONE-Finish). Das Rao II Expeditions verf\u00fcgt \u00fcber einen ergonomischen Schuppengriff mit abgerundeten Spitzenwinkeln und eine Drop-Point-Klinge.<\/p>\n<p>Es ist vom Tanto-Klinge-RAO-Modell inspiriert, das vom italienischen 185\u00b0 Rgt verwendet wird. Anerkennung und Erwerb von Obiettivi \u201eFOLGORE\u201c (185\u00b0 RAO). Das neue Expedition-Klappmesser l\u00e4sst sich dank des \u00e4u\u00dferst robusten Verriegelungsmechanismus, der durch eine Sicherung unterst\u00fctzt wird, problemlos f\u00fcr schwere Arbeiten verwenden und ist somit eine wirklich solide Klinge.<\/p>\n<p>Der sch\u00fctzende Teil des Anticorodal-Griffs aus massivem Aluminium ist mit einem Gewindestift aus Stahl ausgestattet, der manuell durch zwei L\u00f6cher geschraubt werden kann; Dies wurde hinzugef\u00fcgt, um eine 100-prozentige Haltbarkeit des Verriegelungsmechanismus bei starker Beanspruchung und der durch das Gewicht des Werkzeugs verursachten Schlagkraft zu gew\u00e4hrleisten. Durch das Einschrauben des Stifts in diesen Sattel ist dem Benutzer maximale Sicherheit gew\u00e4hrleistet.<\/p>\n<p>Alle Modelle der Expeditions-Serie sind mit w\u00fcstenfarbenen Koffern und neben diversen Werkzeugen auch einem Feuerstahl zum Anz\u00fcnden von Feuern ausgestattet. Der RAO II Expeditions ist da keine Ausnahme und wird mit einer W\u00fcsten-Cordura-Tasche geliefert, die ein wesentlicher Bestandteil des Tragesystems ist.<\/p>\n<p>Mit diesem speziellen Holster k\u00f6nnen Sie das Messer mit geschlossener Klinge tragen, indem Sie es in einer speziellen Vordertasche verstauen, oder mit ge\u00f6ffneter Klinge, indem Sie es in einem speziellen Fach verstauen, das \u00fcber ein Sicherheitssystem bestehend aus einem Riemen mit Doppelclips verf\u00fcgt. Neben Feuerstahl gibt es auch einen Diamantsch\u00e4rfer. Das MOLLE-Befestigungssystem des Holsters erm\u00f6glicht das Tragen an taktischen Westen und normalen G\u00fcrteln.<\/p>\n<p>&nbsp;<\/p>\n<p>Gewicht g: 332<br \/>\nGewicht: 11,4 Unzen<br \/>\nKlingenl\u00e4nge: 11,9 cm<br \/>\nGesamtl\u00e4nge: 26,3 cm<br \/>\nKlingenst\u00e4rke: 0,6 cm<br \/>\nKlingenmaterial: B\u00f6HLER N690 STAHL (58HRC)<br \/>\nOberfl\u00e4chenbehandlung der Klinge: DARK STONE<br \/>\nHauptschliff: FLAT<br \/>\nGriffmaterial: KORROSIONSSCHUTZALUMINIUM<\/p>\n<p><iframe title=\"RAO II Expeditions - The sound of the adventure.\" width=\"800\" height=\"450\" src=\"https:\/\/www.youtube.com\/embed\/-eqW9x0DcNs?feature=oembed\" frameborder=\"0\" allow=\"accelerometer; autoplay; clipboard-write; encrypted-media; gyroscope; picture-in-picture; web-share\" allowfullscreen><\/iframe><\/p>\n<p>&nbsp;<\/p>\n<p>&nbsp;<\/p>\n","protected":false},"excerpt":{"rendered":"<p><strong>Die Messer der Expedition-Serie bieten die gleiche Zuverl\u00e4ssigkeit und hohe Qualit\u00e4t wie alle anderen taktischen Werkzeuge von Extrema Ratio, die an milit\u00e4rische Spezialeinheiten und Strafverfolgungsbeh\u00f6rden geliefert werden.<\/strong><\/p>\n","protected":false},"featured_media":319387,"comment_status":"open","ping_status":"closed","template":"","meta":[],"pwb-brand":[3539],"product_brand":[],"product_cat":[3285,3303],"product_tag":[3669],"class_list":{"0":"post-319386","1":"product","2":"type-product","3":"status-publish","4":"has-post-thumbnail","6":"pwb-brand-extrema-verhaltnis","7":"product_cat-messer","8":"product_cat-schliesmesser","9":"product_tag-b2b-de","11":"first","12":"outofstock","13":"taxable","14":"shipping-taxable","15":"purchasable","16":"product-type-simple"},"brands":[{"id":3539,"name":"Extrema-Verh\u00e4ltnis","slug":"extrema-verhaltnis"}],"_links":{"self":[{"href":"https:\/\/www.moskito.cz\/de\/wp-json\/wp\/v2\/product\/319386","targetHints":{"allow":["GET"]}}],"collection":[{"href":"https:\/\/www.moskito.cz\/de\/wp-json\/wp\/v2\/product"}],"about":[{"href":"https:\/\/www.moskito.cz\/de\/wp-json\/wp\/v2\/types\/product"}],"replies":[{"embeddable":true,"href":"https:\/\/www.moskito.cz\/de\/wp-json\/wp\/v2\/comments?post=319386"}],"wp:featuredmedia":[{"embeddable":true,"href":"https:\/\/www.moskito.cz\/de\/wp-json\/wp\/v2\/media\/319387"}],"wp:attachment":[{"href":"https:\/\/www.moskito.cz\/de\/wp-json\/wp\/v2\/media?parent=319386"}],"wp:term":[{"taxonomy":"pwb-brand","embeddable":true,"href":"https:\/\/www.moskito.cz\/de\/wp-json\/wp\/v2\/pwb-brand?post=319386"},{"taxonomy":"product_brand","embeddable":true,"href":"https:\/\/www.moskito.cz\/de\/wp-json\/wp\/v2\/product_brand?post=319386"},{"taxonomy":"product_cat","embeddable":true,"href":"https:\/\/www.moskito.cz\/de\/wp-json\/wp\/v2\/product_cat?post=319386"},{"taxonomy":"product_tag","embeddable":true,"href":"https:\/\/www.moskito.cz\/de\/wp-json\/wp\/v2\/product_tag?post=319386"}],"curies":[{"name":"wp","href":"https:\/\/api.w.org\/{rel}","templated":true}]}}