{"id":319407,"date":"2022-09-22T22:06:21","date_gmt":"2024-03-18T14:29:51","guid":{"rendered":"https:\/\/www.moskito.cz\/produkt\/feststehendes-messer-extrema-ratio-selvans-expeditions\/"},"modified":"2025-05-07T11:05:29","modified_gmt":"2025-05-07T10:05:29","slug":"feststehendes-messer-extrema-ratio-selvans-expeditions","status":"publish","type":"product","link":"https:\/\/www.moskito.cz\/de\/produkt\/feststehendes-messer-extrema-ratio-selvans-expeditions\/","title":{"rendered":"Feststehendes Messer Extrema Ratio SELVANS EXPEDITIONS"},"content":{"rendered":"<p>Feststehendes Messer <strong>Extrema Ratio<\/strong> SELVANS EXPEDITIONS.<\/p>\n<p>Die Expedition-Serie ist eine neue Werkzeugreihe f\u00fcr professionelle Entdecker.<\/p>\n<p>Die Messer der Expedition-Serie bieten die gleiche Zuverl\u00e4ssigkeit und hohe Qualit\u00e4t wie alle anderen taktischen Werkzeuge von Extrema Ratio, die an milit\u00e4rische Spezialeinheiten und Strafverfolgungsbeh\u00f6rden geliefert werden.<\/p>\n<p>Selvans Expeditions wurde in Zusammenarbeit zwischen Extrema Ratio und Master Advanced Instructor Daniele Dal Canto entwickelt. Es ist das Ergebnis einer Modifikation des ONTOS \u2013 eines milit\u00e4rischen \u00dcberlebensmessers \u2013 mit dem Ziel, seine Wirksamkeit als ziviles Werkzeug zu erh\u00f6hen.<\/p>\n<p>Der l\u00e4ngere Griff und die schwerere Klinge erm\u00f6glichen ein besseres Hacken und Schneiden. Im Lieferumfang enthalten sind ein Beutel aus W\u00fcstencord mit MOLLE-System, ein Sicherheitsschultergurt, ein Minigewehr mit Paracord aus brennbaren Fasern, das im Notfall und\/oder bei Unwettern eingesetzt werden kann, sowie ein Feuerstahl zum Anz\u00fcnden eines Feuers.<\/p>\n<p>Das verbesserte Survival-Kit (muss separat erworben werden) enth\u00e4lt: Pfeife, Taschenkettens\u00e4ge, Wasserreinigungstabletten, Kompass, Kupferdraht, Feuerstein und Anz\u00fcnder, LED-Licht, 2,5 m Paracord und Spitzer.<\/p>\n<p>GEWICHT G: 430<br \/>\nGEWICHT UNZEN: 15,2<br \/>\nKLINGENL\u00c4NGE (MM): 160<br \/>\nKLINGENL\u00c4NGE (ZOLL): 6,3<br \/>\nGESAMTL\u00c4NGE (MM): 312<br \/>\nGESAMTL\u00c4NGE (ZOLL): 12,3<br \/>\nKLINGENST\u00c4RKE (MM): 6,3<br \/>\nKLINGENST\u00c4RKE (ZOLL): 0,25<br \/>\nKLINGENMATERIAL: B\u00d6HLER N690 STAHL (58HRC)<br \/>\nKLINGENOBERFL\u00c4CHENBEHANDLUNG: DUNKLER STEIN<br \/>\nHAUPTGITTER: FLACH<br \/>\nGRIFFMATERIAL: FORPRENE<\/p>\n<p><iframe title=\"Extrema Ratio Expeditions Series\" width=\"800\" height=\"450\" src=\"https:\/\/www.youtube.com\/embed\/zzT5fOpMNQU?feature=oembed\" frameborder=\"0\" allow=\"accelerometer; autoplay; clipboard-write; encrypted-media; gyroscope; picture-in-picture; web-share\" allowfullscreen><\/iframe><\/p>\n<p>&nbsp;<\/p>\n<p>&nbsp;<\/p>\n","protected":false},"excerpt":{"rendered":"<p><strong>Extrema Ratio mit Sitz in Prato, Italien,<\/strong> entwirft und produziert seit 1997 leistungsstarke Kampf-, Milit\u00e4r-, K\u00fcchen-, Jagd- und taktische Messer und genie\u00dft einen Ruf f\u00fcr \u00fcberlegene Qualit\u00e4t, die in der Milit\u00e4r- und taktischen Messerbranche ihresgleichen sucht. <strong>Kostenloser Transport<\/strong> .<\/p>\n","protected":false},"featured_media":319408,"comment_status":"open","ping_status":"closed","template":"","meta":[],"pwb-brand":[3539],"product_brand":[],"product_cat":[3285,3287],"product_tag":[3669],"class_list":{"0":"post-319407","1":"product","2":"type-product","3":"status-publish","4":"has-post-thumbnail","6":"pwb-brand-extrema-verhaltnis","7":"product_cat-messer","8":"product_cat-solide-messer","9":"product_tag-b2b-de","11":"first","12":"instock","13":"taxable","14":"shipping-taxable","15":"purchasable","16":"product-type-simple"},"brands":[{"id":3539,"name":"Extrema-Verh\u00e4ltnis","slug":"extrema-verhaltnis"}],"_links":{"self":[{"href":"https:\/\/www.moskito.cz\/de\/wp-json\/wp\/v2\/product\/319407","targetHints":{"allow":["GET"]}}],"collection":[{"href":"https:\/\/www.moskito.cz\/de\/wp-json\/wp\/v2\/product"}],"about":[{"href":"https:\/\/www.moskito.cz\/de\/wp-json\/wp\/v2\/types\/product"}],"replies":[{"embeddable":true,"href":"https:\/\/www.moskito.cz\/de\/wp-json\/wp\/v2\/comments?post=319407"}],"wp:featuredmedia":[{"embeddable":true,"href":"https:\/\/www.moskito.cz\/de\/wp-json\/wp\/v2\/media\/319408"}],"wp:attachment":[{"href":"https:\/\/www.moskito.cz\/de\/wp-json\/wp\/v2\/media?parent=319407"}],"wp:term":[{"taxonomy":"pwb-brand","embeddable":true,"href":"https:\/\/www.moskito.cz\/de\/wp-json\/wp\/v2\/pwb-brand?post=319407"},{"taxonomy":"product_brand","embeddable":true,"href":"https:\/\/www.moskito.cz\/de\/wp-json\/wp\/v2\/product_brand?post=319407"},{"taxonomy":"product_cat","embeddable":true,"href":"https:\/\/www.moskito.cz\/de\/wp-json\/wp\/v2\/product_cat?post=319407"},{"taxonomy":"product_tag","embeddable":true,"href":"https:\/\/www.moskito.cz\/de\/wp-json\/wp\/v2\/product_tag?post=319407"}],"curies":[{"name":"wp","href":"https:\/\/api.w.org\/{rel}","templated":true}]}}