{"id":319593,"date":"2021-07-14T16:37:08","date_gmt":"2024-03-18T14:32:27","guid":{"rendered":"https:\/\/www.moskito.cz\/produkt\/feststehendes-messer-extrema-ratio-selvans-gruen\/"},"modified":"2025-05-07T11:05:32","modified_gmt":"2025-05-07T10:05:32","slug":"feststehendes-messer-extrema-ratio-selvans-gruen","status":"publish","type":"product","link":"https:\/\/www.moskito.cz\/de\/produkt\/feststehendes-messer-extrema-ratio-selvans-gruen\/","title":{"rendered":"Feststehendes Messer Extrema Ratio SELVANS GR\u00dcN"},"content":{"rendered":"<p>Feststehendes Messer <strong>Extrema Ratio<\/strong> SELVANS GR\u00dcN.<\/p>\n<p>SELVANS wurde in Zusammenarbeit zwischen Extrema Ratio und Chefausbilder Daniele Dal Canto von FISSS (Italian Survival Federation) entwickelt. Es handelt sich um eine Modifikation des ONTOS \u2013 eines milit\u00e4rischen \u00dcberlebensmessers \u2013 mit dem Ziel, dessen Wirksamkeit als ziviles Werkzeug zu erh\u00f6hen. Der l\u00e4ngere Griff und die schwerere Klinge erm\u00f6glichen ein besseres Hacken und Schneiden.<\/p>\n<p>Das verbesserte Survival-Kit (muss separat erworben werden) enth\u00e4lt: Pfeife, Taschenkettens\u00e4ge, Wasserreinigungstabletten, Kompass, Kupferdraht, Feuerstein und Schlaghammer, LED-Licht, 2,5 m Paracord und Spitzer. Verf\u00fcgbare Versionen: SELVANS DESERT, SELVANS GREEN.<br \/>\nTECHNISCHES ARBEITSBLATT<br \/>\nGewicht g.: 430<br \/>\nGewicht: 15,2 Unzen<br \/>\nKlingenl\u00e4nge (mm): 160<br \/>\nKlingenl\u00e4nge (Zoll): 6,3<br \/>\nGesamtl\u00e4nge (mm): 312<br \/>\nGesamtl\u00e4nge (Zoll): 12,3<br \/>\nKlingenst\u00e4rke (mm): 6,3<br \/>\nKlingenst\u00e4rke (Zoll): 0,25<br \/>\nKlingenmaterial: B\u00f6HLER N690 STAHL (58HRC)<br \/>\nKlingenfinish: MIL-C-13924<\/p>\n","protected":false},"excerpt":{"rendered":"<p>Extrema Ratio mit Sitz in Prato, Italien, entwirft und produziert seit 1997 leistungsstarke Kampf-, Milit\u00e4r-, K\u00fcchen-, Jagd- und taktische Messer und genie\u00dft einen Ruf f\u00fcr \u00fcberlegene Qualit\u00e4t, die in der Milit\u00e4r- und taktischen Messerbranche ihresgleichen sucht. Kostenloser Transport .<\/p>\n","protected":false},"featured_media":319604,"comment_status":"open","ping_status":"closed","template":"","meta":[],"pwb-brand":[3539],"product_brand":[],"product_cat":[3285,3287],"product_tag":[3669],"class_list":{"0":"post-319593","1":"product","2":"type-product","3":"status-publish","4":"has-post-thumbnail","6":"pwb-brand-extrema-verhaltnis","7":"product_cat-messer","8":"product_cat-solide-messer","9":"product_tag-b2b-de","11":"first","12":"instock","13":"taxable","14":"shipping-taxable","15":"purchasable","16":"product-type-simple"},"brands":[{"id":3539,"name":"Extrema-Verh\u00e4ltnis","slug":"extrema-verhaltnis"}],"_links":{"self":[{"href":"https:\/\/www.moskito.cz\/de\/wp-json\/wp\/v2\/product\/319593","targetHints":{"allow":["GET"]}}],"collection":[{"href":"https:\/\/www.moskito.cz\/de\/wp-json\/wp\/v2\/product"}],"about":[{"href":"https:\/\/www.moskito.cz\/de\/wp-json\/wp\/v2\/types\/product"}],"replies":[{"embeddable":true,"href":"https:\/\/www.moskito.cz\/de\/wp-json\/wp\/v2\/comments?post=319593"}],"wp:featuredmedia":[{"embeddable":true,"href":"https:\/\/www.moskito.cz\/de\/wp-json\/wp\/v2\/media\/319604"}],"wp:attachment":[{"href":"https:\/\/www.moskito.cz\/de\/wp-json\/wp\/v2\/media?parent=319593"}],"wp:term":[{"taxonomy":"pwb-brand","embeddable":true,"href":"https:\/\/www.moskito.cz\/de\/wp-json\/wp\/v2\/pwb-brand?post=319593"},{"taxonomy":"product_brand","embeddable":true,"href":"https:\/\/www.moskito.cz\/de\/wp-json\/wp\/v2\/product_brand?post=319593"},{"taxonomy":"product_cat","embeddable":true,"href":"https:\/\/www.moskito.cz\/de\/wp-json\/wp\/v2\/product_cat?post=319593"},{"taxonomy":"product_tag","embeddable":true,"href":"https:\/\/www.moskito.cz\/de\/wp-json\/wp\/v2\/product_tag?post=319593"}],"curies":[{"name":"wp","href":"https:\/\/api.w.org\/{rel}","templated":true}]}}