{"id":319819,"date":"2024-03-18T16:44:10","date_gmt":"2024-03-18T15:44:10","guid":{"rendered":"https:\/\/www.moskito.cz\/produkt\/dachs-knives-ares-stonewash-klappmesser\/"},"modified":"2025-05-07T11:05:37","modified_gmt":"2025-05-07T10:05:37","slug":"dachs-knives-ares-stonewash-klappmesser","status":"publish","type":"product","link":"https:\/\/www.moskito.cz\/de\/produkt\/dachs-knives-ares-stonewash-klappmesser\/","title":{"rendered":"Dachs Knives ARES Stonewash Klappmesser"},"content":{"rendered":"<p><strong>Dachsmesser<\/strong> mit ARES Stonewash<\/p>\n<p><strong>Das ARES-<\/strong> Klappmesser ist ein Messer mit gr\u00f6\u00dferen Abmessungen, das dennoch in der Tasche Platz findet und zum Alltagshelfer wird. Es kann im t\u00e4glichen Gebrauch beim Angeln, Jagen und sogar im taktischen Einsatz eingesetzt werden. Das Messer verf\u00fcgt \u00fcber Rillen auf der R\u00fcckseite, die f\u00fcr eine bequemere Auflage des Daumens sorgen und somit eine bessere Schneidtechnik erm\u00f6glichen.<br \/>\nDas <strong>ARES<\/strong> schlie\u00dfende LinerLock-Messer kann in verschiedenen Farben bestellt werden.<\/p>\n<p>Offene L\u00e4nge &#8211; 22,7 cm<br \/>\nGeschlossen \u2013 12,8 cm.<br \/>\nGewicht &#8211; 187g<br \/>\nKlinge &#8211; Edelstahl N690<br \/>\nGriff &#8211; Fundermax<br \/>\nClip &#8211; JA<br \/>\nOberfl\u00e4che \u2013 STONEWASH<br \/>\nSicherung &#8211; Linerlock, karbidisiert<br \/>\nSystem &#8211; Axiallager<\/p>\n","protected":false},"excerpt":{"rendered":"<p><strong>Das ARES-Klappmesser ist ein Messer mit gr\u00f6\u00dferen Abmessungen, das dennoch in der Tasche Platz findet und zum Alltagshelfer wird.<\/strong><\/p>\n<p><strong>Kostenloser Transport.<\/strong><\/p>\n","protected":false},"featured_media":319808,"comment_status":"open","ping_status":"closed","template":"","meta":[],"pwb-brand":[3808],"product_brand":[],"product_cat":[3303,3285],"product_tag":[3669],"class_list":{"0":"post-319819","1":"product","2":"type-product","3":"status-publish","4":"has-post-thumbnail","6":"pwb-brand-dackelmesser","7":"product_cat-schliesmesser","8":"product_cat-messer","9":"product_tag-b2b-de","11":"first","12":"instock","13":"taxable","14":"shipping-taxable","15":"purchasable","16":"product-type-simple"},"brands":[{"id":3808,"name":"Dackelmesser","slug":"dackelmesser"}],"_links":{"self":[{"href":"https:\/\/www.moskito.cz\/de\/wp-json\/wp\/v2\/product\/319819","targetHints":{"allow":["GET"]}}],"collection":[{"href":"https:\/\/www.moskito.cz\/de\/wp-json\/wp\/v2\/product"}],"about":[{"href":"https:\/\/www.moskito.cz\/de\/wp-json\/wp\/v2\/types\/product"}],"replies":[{"embeddable":true,"href":"https:\/\/www.moskito.cz\/de\/wp-json\/wp\/v2\/comments?post=319819"}],"wp:featuredmedia":[{"embeddable":true,"href":"https:\/\/www.moskito.cz\/de\/wp-json\/wp\/v2\/media\/319808"}],"wp:attachment":[{"href":"https:\/\/www.moskito.cz\/de\/wp-json\/wp\/v2\/media?parent=319819"}],"wp:term":[{"taxonomy":"pwb-brand","embeddable":true,"href":"https:\/\/www.moskito.cz\/de\/wp-json\/wp\/v2\/pwb-brand?post=319819"},{"taxonomy":"product_brand","embeddable":true,"href":"https:\/\/www.moskito.cz\/de\/wp-json\/wp\/v2\/product_brand?post=319819"},{"taxonomy":"product_cat","embeddable":true,"href":"https:\/\/www.moskito.cz\/de\/wp-json\/wp\/v2\/product_cat?post=319819"},{"taxonomy":"product_tag","embeddable":true,"href":"https:\/\/www.moskito.cz\/de\/wp-json\/wp\/v2\/product_tag?post=319819"}],"curies":[{"name":"wp","href":"https:\/\/api.w.org\/{rel}","templated":true}]}}