{"id":320361,"date":"2023-10-21T11:14:18","date_gmt":"2024-03-19T13:53:25","guid":{"rendered":"https:\/\/www.moskito.cz\/produkt\/schliessmesser-microtech-anax-titanium-blue-carbon-190c-7cfiti\/"},"modified":"2025-05-07T11:05:50","modified_gmt":"2025-05-07T10:05:50","slug":"schliessmesser-microtech-anax-titanium-blue-carbon-190c-7cfiti","status":"publish","type":"product","link":"https:\/\/www.moskito.cz\/de\/produkt\/schliessmesser-microtech-anax-titanium-blue-carbon-190c-7cfiti\/","title":{"rendered":"Schlie\u00dfmesser Microtech Anax Titanium Blue Carbon 190C-7CFITI"},"content":{"rendered":"<p>Schlie\u00dfmesser <strong>Microtech<\/strong> Anax Titanium Blue Carbon 190C-7CFITI<\/p>\n<p>Der von Microtech entworfene und von Rike Knife hergestellte Anax ist immer noch ein vollst\u00e4ndig integriertes Teil. Es hat eine erstaunliche Klingengr\u00f6\u00dfe und ein erstaunliches Verh\u00e4ltnis von Breite zu Griff und liefert viel Schneidkraft in einem d\u00fcnnen, schlanken und dennoch robusten Paket. Die Drop-Point-Klingenform ist ausgezeichnet \u2013 sie bietet viel Bauch zum Schneiden und verf\u00fcgt \u00fcber eine au\u00dfergew\u00f6hnlich starke Spitze f\u00fcr Stichkraft. Es besteht aus rostfreiem M390-Stahl, der ebenso \u00e4sthetisch sch\u00f6n ist wie jede Klinge. Die Anax-Gr\u00f6\u00dfe ist ideal, wenn Sie eine gr\u00f6\u00dfere EDC-Klinge bevorzugen, die sich problemlos in eine taktische Rolle integrieren l\u00e4sst. Der Griff besteht aus einem einzigen massiven St\u00fcck Titan und ist mit einem Carbonfasereinsatz in Pr\u00e4sentationsgr\u00f6\u00dfe akzentuiert. Alles an diesem Messer schreit nach Qualit\u00e4t und Sie m\u00f6chten es jeden Tag bei sich tragen. Sicherlich wird es im Handumdrehen zu einem Favoriten in der Sammlung. Wird mit einem Paar abnehmbarer Kabel und Bits f\u00fcr den Stift und die Hardware geliefert.<\/p>\n<p>Gesamtl\u00e4nge: 21,8 cm<br \/>\nKlingenl\u00e4nge: 9,4 cm<br \/>\nKlingenst\u00e4rke: 0,4 cm<br \/>\nKlingenstahl: M390<br \/>\nKlingenoberfl\u00e4chenbehandlung: DLC<br \/>\nGriffmaterial: 6AL-4V Titangriff, Kohlefasereinsatz,<br \/>\nGewicht: 5,0 Unzen<\/p>\n<p><iframe title=\"Microtech Combat Troodon Torture Test\" width=\"800\" height=\"450\" src=\"https:\/\/www.youtube.com\/embed\/xE9TeOFYEjg?feature=oembed\" frameborder=\"0\" allow=\"accelerometer; autoplay; clipboard-write; encrypted-media; gyroscope; picture-in-picture; web-share\" allowfullscreen><\/iframe><\/p>\n<p>&nbsp;<\/p>\n","protected":false},"excerpt":{"rendered":"<div class=\"elementor-element elementor-element-bbb542b elementor-widget elementor-widget-woocommerce-product-short-description\" data-id=\"bbb542b\" data-element_type=\"widget\" data-widget_type=\"woocommerce-product-short-description.default\">\n<div class=\"elementor-widget-container\">\n<div class=\"woocommerce-product-details__short-description\">\n<p><strong>Im Laufe der Jahre hat Microtech\u00ae Knives Messer mit Leidenschaft und K\u00f6nnen gef\u00fcllt, um nahezu Kunstwerke zu schaffen, die den Gipfel der Funktionalit\u00e4t darstellen. Alle Teile werden in den USA hergestellt.<\/strong><br \/>\n<strong>Alle Microtech-Messer haben eine lebenslange Garantie (mindestens 80.000 Zyklen, \u00d6ffnen und Schlie\u00dfen).<\/strong><\/p>\n<p><strong>Kostenloser Transport.<\/strong><\/p>\n<\/div>\n<\/div>\n<\/div>\n","protected":false},"featured_media":320362,"comment_status":"open","ping_status":"closed","template":"","meta":[],"pwb-brand":[3278],"product_brand":[],"product_cat":[3285,3303],"product_tag":[3669],"class_list":{"0":"post-320361","1":"product","2":"type-product","3":"status-publish","4":"has-post-thumbnail","6":"pwb-brand-microtech-de","7":"product_cat-messer","8":"product_cat-schliesmesser","9":"product_tag-b2b-de","11":"first","12":"instock","13":"taxable","14":"shipping-taxable","15":"purchasable","16":"product-type-simple"},"brands":[{"id":3278,"name":"Microtech","slug":"microtech-de"}],"_links":{"self":[{"href":"https:\/\/www.moskito.cz\/de\/wp-json\/wp\/v2\/product\/320361","targetHints":{"allow":["GET"]}}],"collection":[{"href":"https:\/\/www.moskito.cz\/de\/wp-json\/wp\/v2\/product"}],"about":[{"href":"https:\/\/www.moskito.cz\/de\/wp-json\/wp\/v2\/types\/product"}],"replies":[{"embeddable":true,"href":"https:\/\/www.moskito.cz\/de\/wp-json\/wp\/v2\/comments?post=320361"}],"wp:featuredmedia":[{"embeddable":true,"href":"https:\/\/www.moskito.cz\/de\/wp-json\/wp\/v2\/media\/320362"}],"wp:attachment":[{"href":"https:\/\/www.moskito.cz\/de\/wp-json\/wp\/v2\/media?parent=320361"}],"wp:term":[{"taxonomy":"pwb-brand","embeddable":true,"href":"https:\/\/www.moskito.cz\/de\/wp-json\/wp\/v2\/pwb-brand?post=320361"},{"taxonomy":"product_brand","embeddable":true,"href":"https:\/\/www.moskito.cz\/de\/wp-json\/wp\/v2\/product_brand?post=320361"},{"taxonomy":"product_cat","embeddable":true,"href":"https:\/\/www.moskito.cz\/de\/wp-json\/wp\/v2\/product_cat?post=320361"},{"taxonomy":"product_tag","embeddable":true,"href":"https:\/\/www.moskito.cz\/de\/wp-json\/wp\/v2\/product_tag?post=320361"}],"curies":[{"name":"wp","href":"https:\/\/api.w.org\/{rel}","templated":true}]}}