{"id":320451,"date":"2023-07-05T10:10:58","date_gmt":"2023-07-05T09:10:58","guid":{"rendered":"https:\/\/www.moskito.cz\/produkt\/spyderco-manix-2-lightweight-c101pcbl2-klappmesser\/"},"modified":"2024-03-19T15:19:14","modified_gmt":"2024-03-19T14:19:14","slug":"spyderco-manix-2-lightweight-c101pcbl2-klappmesser","status":"publish","type":"product","link":"https:\/\/www.moskito.cz\/de\/produkt\/spyderco-manix-2-lightweight-c101pcbl2-klappmesser\/","title":{"rendered":"Spyderco Manix 2 Lightweight C101PCBL2 Klappmesser"},"content":{"rendered":"<p><strong>Spyderco<\/strong> Manix 2 Lightweight C101PCBL2 Klappmesser<\/p>\n<p>Diese Eliteausf\u00fchrung des Manix 2 Lightweight kombiniert die Vorteile der Gewichtseinsparung, die volle Schneidleistung und die St\u00e4rke des Ball Bearing Lock-Mechanismus mit der verbesserten Schnitthaltigkeit und Korrosionsbest\u00e4ndigkeit des CPM-SPY27. Nachdem Spyderco jahrelang die besten Materialien verwendet hatte, die die weltweit f\u00fchrenden Stahlhersteller anbieten konnten, entschied er, dass es an der Zeit sei, eigene Materialien zu entwickeln. In enger Zusammenarbeit mit Crucible Industries entwickelten sie CPM-SPY27 \u2013 einen Partikelmetallurgie-Edelstahl, der eine propriet\u00e4re Legierungsmischung enth\u00e4lt, darunter Vanadium, Molybd\u00e4n, Niob, Stickstoff und Kobalt. Verst\u00e4rkt durch die verst\u00e4rkende Wirkung von Kobalt und den hochmodernen Tiegelpartikel-Metallurgieprozess wird diese bemerkenswerte Zusammensetzung exklusiv f\u00fcr Spyderco hergestellt und wird in ausgew\u00e4hlten in den USA hergestellten Modellen zum Einsatz kommen. Jedes aus diesem Stahl hergestellte Messer verf\u00fcgt au\u00dferdem \u00fcber eine charakteristische kobaltblaue Grifffarbe, um seinen Elite-Stammbaum zu unterstreichen.<\/p>\n<p>Der Manix 2 Lightweight-Griff ist aus kobaltblauem glasfaserverst\u00e4rktem Copolymer (FRCP) spritzgegossen und verf\u00fcgt \u00fcber Spydercos charakteristisches bidirektionales Texturierungsmuster, um einen sicheren Halt unter allen Umgebungsbedingungen zu gew\u00e4hrleisten. Der leichte FRCP-Griff hat das Gesamtgewicht des Messers auf nur 3 Unzen reduziert \u2013 42 Prozent leichter als das Manix 2 mit G10-Griff. Der doppelseitige Drahtclip erm\u00f6glicht ein bequemes Tragen f\u00fcr die linke oder rechte Hand und das gro\u00dfe Schl\u00fcsselbandloch erm\u00f6glicht die einfache Befestigung von Anh\u00e4ngern und Schl\u00fcsselb\u00e4ndern.<\/p>\n<p>Die Verbindung zwischen Klinge und Griff erfolgt \u00fcber den patentierten Ball Bearing Lock-Mechanismus von Spyderco. Dieses hochfeste Schloss besteht aus einem Kugellager, das in einen haltbaren Polymerk\u00e4fig eingebettet ist. Bei ge\u00f6ffneter Klinge treibt eine Druckfeder den K\u00e4fig nach vorne und klemmt das Kugellager zwischen der Rampe an der Klinge und dem zwischen den Griffh\u00e4lften verankerten Stahlrahmen fest. Durch Zur\u00fcckziehen des Kugellagers im K\u00e4fig wird die Verriegelung gel\u00f6st und die Klinge schlie\u00dft sanft, w\u00e4hrend Ihre Finger einen sicheren Abstand zur scharfen Kante haben.<br \/>\nSpezifikationen<\/p>\n<p>Klingenl\u00e4nge: 8,6 cm<br \/>\nSchnittkante: 7,3 cm<br \/>\nL\u00e4nge geschlossen: 11,8 cm<br \/>\nGesamtl\u00e4nge: 20,4 cm<br \/>\nKlingenmaterial: CPM-SPY27 Edelstahl<br \/>\nKlingenst\u00e4rke: 0,32 cm<br \/>\nKlingenstil: Blattform<br \/>\nKlingenschliff: V\u00f6llig flach<br \/>\nOberfl\u00e4chenbehandlung der Klinge: satiniert<br \/>\nGriffmaterial: Kobaltblaues FRCP (Glasfaserverst\u00e4rktes Copolymer)<br \/>\nGriffst\u00e4rke: 0,510 Zoll (13,0 mm)<br \/>\nEinsatzmaterial: Edelstahl<br \/>\nVerriegelungsmechanismus: Verriegelung mit Kugellager<br \/>\nStiftmontage: Unterlegscheiben<br \/>\nTaschenclip: Edelstahl (klappbar, rechts\/links tragend)<br \/>\nGewicht: 3,0 Unzen. (85g)<br \/>\nHergestellt in den USA<\/p>\n<p>&nbsp;<\/p>\n<p>&nbsp;<\/p>\n","protected":false},"excerpt":{"rendered":"<p>Diese Eliteausf\u00fchrung des Manix 2 Lightweight kombiniert die Vorteile der Gewichtseinsparung, die volle Schneidleistung und die St\u00e4rke des Ball Bearing Lock-Mechanismus mit der verbesserten Schnitthaltigkeit und Korrosionsbest\u00e4ndigkeit des CPM-SPY27.<\/p>\n","protected":false},"featured_media":320452,"comment_status":"open","ping_status":"closed","template":"","meta":[],"pwb-brand":[3427],"product_brand":[],"product_cat":[3303,3285],"product_tag":[3669],"class_list":{"0":"post-320451","1":"product","2":"type-product","3":"status-publish","4":"has-post-thumbnail","6":"pwb-brand-spyderco-de","7":"product_cat-schliesmesser","8":"product_cat-messer","9":"product_tag-b2b-de","11":"first","12":"instock","13":"taxable","14":"shipping-taxable","15":"purchasable","16":"product-type-simple"},"brands":[{"id":3427,"name":"Spyderco","slug":"spyderco-de"}],"_links":{"self":[{"href":"https:\/\/www.moskito.cz\/de\/wp-json\/wp\/v2\/product\/320451","targetHints":{"allow":["GET"]}}],"collection":[{"href":"https:\/\/www.moskito.cz\/de\/wp-json\/wp\/v2\/product"}],"about":[{"href":"https:\/\/www.moskito.cz\/de\/wp-json\/wp\/v2\/types\/product"}],"replies":[{"embeddable":true,"href":"https:\/\/www.moskito.cz\/de\/wp-json\/wp\/v2\/comments?post=320451"}],"wp:featuredmedia":[{"embeddable":true,"href":"https:\/\/www.moskito.cz\/de\/wp-json\/wp\/v2\/media\/320452"}],"wp:attachment":[{"href":"https:\/\/www.moskito.cz\/de\/wp-json\/wp\/v2\/media?parent=320451"}],"wp:term":[{"taxonomy":"pwb-brand","embeddable":true,"href":"https:\/\/www.moskito.cz\/de\/wp-json\/wp\/v2\/pwb-brand?post=320451"},{"taxonomy":"product_brand","embeddable":true,"href":"https:\/\/www.moskito.cz\/de\/wp-json\/wp\/v2\/product_brand?post=320451"},{"taxonomy":"product_cat","embeddable":true,"href":"https:\/\/www.moskito.cz\/de\/wp-json\/wp\/v2\/product_cat?post=320451"},{"taxonomy":"product_tag","embeddable":true,"href":"https:\/\/www.moskito.cz\/de\/wp-json\/wp\/v2\/product_tag?post=320451"}],"curies":[{"name":"wp","href":"https:\/\/api.w.org\/{rel}","templated":true}]}}