{"id":320582,"date":"2024-03-19T16:06:42","date_gmt":"2024-03-19T15:11:27","guid":{"rendered":"https:\/\/www.moskito.cz\/produkt\/microtech-combat-troodon-signature-series-shadow-damascus-black-142-16dlctsh-schiess-damastmesser\/"},"modified":"2025-05-07T11:05:54","modified_gmt":"2025-05-07T10:05:54","slug":"microtech-combat-troodon-signature-series-shadow-damascus-black-142-16dlctsh-schiess-damastmesser","status":"publish","type":"product","link":"https:\/\/www.moskito.cz\/de\/produkt\/microtech-combat-troodon-signature-series-shadow-damascus-black-142-16dlctsh-schiess-damastmesser\/","title":{"rendered":"Microtech Combat Troodon Signature Series Shadow Damascus Black 142-16DLCTSH Schie\u00df-Damastmesser"},"content":{"rendered":"<p><strong>Microtech Combat Troodon<\/strong> Signature Series Shadow Damascus Black 142-16DLCTSH Schie\u00df-Damastmesser<\/p>\n<p>Das Combat Troodon ist ein pr\u00e4zisionsgefertigtes taktisches Frontmesser. Es ist 25 % gr\u00f6\u00dfer als das Flaggschiff Troodon. Es verf\u00fcgt \u00fcber einen schlanken Griff, eine konturierte Form, radikale Designelemente und einen ausgekl\u00fcgelten internen Mechanismus, der die betriebliche Funktionalit\u00e4t und Zuverl\u00e4ssigkeit in gr\u00f6\u00dferem Ma\u00dfstab verbessert. Der Combat Troodon ist f\u00fcr eine breite Palette von Nutz- und Nahkampfanwendungen konzipiert. Zu den Aluminiumgriffen geh\u00f6ren ein Glasbrecher, der eine sehr coole Erg\u00e4nzung darstellt, und eine Ultem-Oberseite. Das Messer zeichnet sich durch die erstaunliche Ringbeschl\u00e4ge und den Steuerschalter f\u00fcr ein sehr glattes Aussehen sowie nat\u00fcrlich durch die laminierte Damastklinge aus.<br \/>\nSpezifikationen<\/p>\n<p>Aktion: Doppeltwirkendes automatisches Feuern und Ziehen<br \/>\nKlingenstahl: Damaskus<br \/>\nKlingenstil: Doppelschneidiger Dolch<br \/>\nKlingenl\u00e4nge: 9,37 cm<br \/>\nGriff: 6061-T6 Aluminium Mil Spec Hard Coat Elox<br \/>\nGriffst\u00e4rke: Formkegel Min. 0,304 Zoll, Max. 435 Zoll<br \/>\nL\u00e4nge ge\u00f6ffnet: 23 cm<br \/>\nTaschenclip: 301 federgeh\u00e4rtet, beidh\u00e4ndig verwendbar<br \/>\nGewicht: 5,4 Unzen.<br \/>\nHergestellt in den USA<\/p>\n<p><iframe title=\"Microtech Combat Troodon Torture Test\" width=\"800\" height=\"450\" src=\"https:\/\/www.youtube.com\/embed\/xE9TeOFYEjg?feature=oembed\" frameborder=\"0\" allow=\"accelerometer; autoplay; clipboard-write; encrypted-media; gyroscope; picture-in-picture; web-share\" allowfullscreen><\/iframe><\/p>\n<p>&nbsp;<\/p>\n<p>&nbsp;<\/p>\n","protected":false},"excerpt":{"rendered":"<div class=\"elementor-element elementor-element-bbb542b elementor-widget elementor-widget-woocommerce-product-short-description\" data-id=\"bbb542b\" data-element_type=\"widget\" data-widget_type=\"woocommerce-product-short-description.default\">\n<div class=\"elementor-widget-container\">\n<div class=\"woocommerce-product-details__short-description\">\n<p><strong>Im Laufe der Jahre hat Microtech\u00ae Knives Messer mit Leidenschaft und K\u00f6nnen gef\u00fcllt, um nahezu Kunstwerke zu schaffen, die den Gipfel der Funktionalit\u00e4t darstellen. Alle Teile werden in den USA hergestellt.<\/strong><br \/>\n<strong>F\u00fcr alle Microtech-Messer gilt eine lebenslange Garantie.<\/strong><\/p>\n<p><strong>Kostenloser Transport.<\/strong><\/p>\n<\/div>\n<\/div>\n<\/div>\n","protected":false},"featured_media":320533,"comment_status":"open","ping_status":"closed","template":"","meta":[],"pwb-brand":[3278],"product_brand":[],"product_cat":[3420,3285],"product_tag":[3669],"class_list":{"0":"post-320582","1":"product","2":"type-product","3":"status-publish","4":"has-post-thumbnail","6":"pwb-brand-microtech-de","7":"product_cat-damaszenermesser","8":"product_cat-messer","9":"product_tag-b2b-de","11":"first","12":"instock","13":"taxable","14":"shipping-taxable","15":"purchasable","16":"product-type-simple"},"brands":[{"id":3278,"name":"Microtech","slug":"microtech-de"}],"_links":{"self":[{"href":"https:\/\/www.moskito.cz\/de\/wp-json\/wp\/v2\/product\/320582","targetHints":{"allow":["GET"]}}],"collection":[{"href":"https:\/\/www.moskito.cz\/de\/wp-json\/wp\/v2\/product"}],"about":[{"href":"https:\/\/www.moskito.cz\/de\/wp-json\/wp\/v2\/types\/product"}],"replies":[{"embeddable":true,"href":"https:\/\/www.moskito.cz\/de\/wp-json\/wp\/v2\/comments?post=320582"}],"wp:featuredmedia":[{"embeddable":true,"href":"https:\/\/www.moskito.cz\/de\/wp-json\/wp\/v2\/media\/320533"}],"wp:attachment":[{"href":"https:\/\/www.moskito.cz\/de\/wp-json\/wp\/v2\/media?parent=320582"}],"wp:term":[{"taxonomy":"pwb-brand","embeddable":true,"href":"https:\/\/www.moskito.cz\/de\/wp-json\/wp\/v2\/pwb-brand?post=320582"},{"taxonomy":"product_brand","embeddable":true,"href":"https:\/\/www.moskito.cz\/de\/wp-json\/wp\/v2\/product_brand?post=320582"},{"taxonomy":"product_cat","embeddable":true,"href":"https:\/\/www.moskito.cz\/de\/wp-json\/wp\/v2\/product_cat?post=320582"},{"taxonomy":"product_tag","embeddable":true,"href":"https:\/\/www.moskito.cz\/de\/wp-json\/wp\/v2\/product_tag?post=320582"}],"curies":[{"name":"wp","href":"https:\/\/api.w.org\/{rel}","templated":true}]}}