{"id":320611,"date":"2021-03-23T21:56:34","date_gmt":"2024-03-19T15:16:04","guid":{"rendered":"https:\/\/www.moskito.cz\/produkt\/microtech-signature-series-ultratech-hellhound-119-1-dlctsh-schiessmesser\/"},"modified":"2025-07-11T07:53:54","modified_gmt":"2025-07-11T06:53:54","slug":"microtech-signature-series-ultratech-hellhound-119-1-dlctsh-schiessmesser","status":"publish","type":"product","link":"https:\/\/www.moskito.cz\/de\/produkt\/microtech-signature-series-ultratech-hellhound-119-1-dlctsh-schiessmesser\/","title":{"rendered":"Microtech Signature Series Ultratech Hellhound 119-1 DLCTSH Schie\u00dfmesser"},"content":{"rendered":"<p><strong>Microtech<\/strong> Signature Series Ultratech Hellhound 119-1 DLCTSH Schie\u00dfmesser.<\/p>\n<p><strong>Ultratech<\/strong> wird f\u00fcr immer den Standard f\u00fcr alle Frontmesser setzen. Das Ultratech ist das urspr\u00fcngliche Double-Action-Frontmesser von Microtech und bildete die Basis der gesamten OTF-Linie. Im Laufe der Jahre wurde es mehrfach modifiziert und ist jedes Mal effizienter und zuverl\u00e4ssiger geworden. Diese Version verf\u00fcgt \u00fcber eine verbesserte Tri-Grip-Textur am Daumenschieber f\u00fcr einen besseren Halt und einen abgerundeten, aber funktionellen Glasbrecher. Die schwarze Farbe des Aluminiumgriffs bildet einen sch\u00f6nen Kontrast zur schwarzen Farbe der Hardware und des Taschenclips. Die Ultratech-Feder bleibt immer in der \u201eRuhe\u201c-Position, au\u00dfer im gedehnten Zustand. Dadurch wird sichergestellt, dass die zusammengedr\u00fcckte Feder nicht erm\u00fcdet und der Benutzer sicherstellt, dass das Messer beim Abfeuern effektiv funktioniert. Das leichte, einh\u00e4ndig zu \u00f6ffnende und zu schlie\u00dfende Ultratech, die schlanke Form und die scharfe schwarze DLC- <strong>Hellhound-<\/strong> Tantoklinge machen es zu einem einzigartigen Messer, das nur bei <strong>Microtech<\/strong> erh\u00e4ltlich ist. Dieses Messer hat immer wieder bewiesen, dass es jedem Hindernis standh\u00e4lt.<\/p>\n<p>&nbsp;<\/p>\n<p>Automatisches \u00d6ffnen\/Schlie\u00dfen \u2013 Front\u00f6ffner<br \/>\nAktion: Doppelte Aktion \u2013 Automatisches Feuern\/Einfahren<br \/>\nKlingenstil: Hellhound Tanto, Black DLC<br \/>\nGriffmaterial: Schwarz eloxiertes Mil-Spec-Hartbeschichtungsaluminium 6061-T6<br \/>\nGesamtl\u00e4nge: 21 cm<br \/>\nKlingenl\u00e4nge: 8,5 cm<br \/>\nKlingenst\u00e4rke: 0,32 cm<br \/>\nKlingenmaterial: M390<br \/>\nKlingenstil: Tanto<br \/>\nMaterial des Taschenclips: 301 Edelstahl<br \/>\nStandard-Obermaterial: 6061-T6 AL-Legierung<br \/>\nAbzug: 303 Edelstahl<br \/>\nGewicht: 3,1 Unzen.<br \/>\nFensterbrecher<br \/>\nSchwarzer Hardware-DLC<br \/>\nHergestellt in den USA<\/p>\n<p>&nbsp;<\/p>\n<p><iframe title=\"Microtech Combat Troodon Torture Test\" width=\"800\" height=\"450\" src=\"https:\/\/www.youtube.com\/embed\/xE9TeOFYEjg?feature=oembed\" frameborder=\"0\" allow=\"accelerometer; autoplay; clipboard-write; encrypted-media; gyroscope; picture-in-picture; web-share\" allowfullscreen><\/iframe><\/p>\n<p>&nbsp;<\/p>\n<p>&nbsp;<\/p>\n","protected":false},"excerpt":{"rendered":"<p><strong>Im Laufe der Jahre hat Microtech\u00ae Knives Messer mit Leidenschaft und K\u00f6nnen gef\u00fcllt, um nahezu Kunstwerke zu schaffen, die den Gipfel der Funktionalit\u00e4t darstellen. Alle Teile werden in den USA hergestellt.<\/strong><br \/>\n<strong>Alle Microtech-Messer haben eine lebenslange Garantie (mindestens 80.000 Zyklen, \u00d6ffnen und Schlie\u00dfen).<\/strong><\/p>\n<p><strong>Kostenloser Transport.<\/strong><\/p>\n","protected":false},"featured_media":320612,"comment_status":"open","ping_status":"closed","template":"","meta":[],"pwb-brand":[3278],"product_brand":[],"product_cat":[3285,3343],"product_tag":[3669],"class_list":{"0":"post-320611","1":"product","2":"type-product","3":"status-publish","4":"has-post-thumbnail","6":"pwb-brand-microtech-de","7":"product_cat-messer","8":"product_cat-schiesmesser","9":"product_tag-b2b-de","11":"first","12":"instock","13":"taxable","14":"shipping-taxable","15":"purchasable","16":"product-type-simple"},"brands":[{"id":3278,"name":"Microtech","slug":"microtech-de"}],"_links":{"self":[{"href":"https:\/\/www.moskito.cz\/de\/wp-json\/wp\/v2\/product\/320611","targetHints":{"allow":["GET"]}}],"collection":[{"href":"https:\/\/www.moskito.cz\/de\/wp-json\/wp\/v2\/product"}],"about":[{"href":"https:\/\/www.moskito.cz\/de\/wp-json\/wp\/v2\/types\/product"}],"replies":[{"embeddable":true,"href":"https:\/\/www.moskito.cz\/de\/wp-json\/wp\/v2\/comments?post=320611"}],"wp:featuredmedia":[{"embeddable":true,"href":"https:\/\/www.moskito.cz\/de\/wp-json\/wp\/v2\/media\/320612"}],"wp:attachment":[{"href":"https:\/\/www.moskito.cz\/de\/wp-json\/wp\/v2\/media?parent=320611"}],"wp:term":[{"taxonomy":"pwb-brand","embeddable":true,"href":"https:\/\/www.moskito.cz\/de\/wp-json\/wp\/v2\/pwb-brand?post=320611"},{"taxonomy":"product_brand","embeddable":true,"href":"https:\/\/www.moskito.cz\/de\/wp-json\/wp\/v2\/product_brand?post=320611"},{"taxonomy":"product_cat","embeddable":true,"href":"https:\/\/www.moskito.cz\/de\/wp-json\/wp\/v2\/product_cat?post=320611"},{"taxonomy":"product_tag","embeddable":true,"href":"https:\/\/www.moskito.cz\/de\/wp-json\/wp\/v2\/product_tag?post=320611"}],"curies":[{"name":"wp","href":"https:\/\/api.w.org\/{rel}","templated":true}]}}