{"id":321626,"date":"2024-03-19T19:28:30","date_gmt":"2024-03-19T18:31:46","guid":{"rendered":"https:\/\/www.moskito.cz\/produkt\/schiessmesser-pro-tech-custom-godson-2024-godson-custom-003\/"},"modified":"2025-05-07T11:06:29","modified_gmt":"2025-05-07T10:06:29","slug":"schiessmesser-pro-tech-custom-godson-2024-godson-custom-003","status":"publish","type":"product","link":"https:\/\/www.moskito.cz\/de\/produkt\/schiessmesser-pro-tech-custom-godson-2024-godson-custom-003\/","title":{"rendered":"Schie\u00dfmesser Pro-Tech Custom Godson 2024.Godson.Custom.003"},"content":{"rendered":"<p>Schie\u00dfmesser <strong>Pro-Tech<\/strong> Custom Godson 2024.Godson.Custom.003<\/p>\n<p>Jedes <strong>Pro-Tech-<\/strong> Messer ist eine Mischung aus den besten verf\u00fcgbaren Materialien und einer Verpflichtung zur Handwerkskunst. Pro-Tech-Messer werden mit modernsten Herstellungsverfahren hergestellt, darunter: CNC-Bearbeitung, Drahterodieren, Laserschneiden usw. Hightech-Komponenten werden von engagierten und sorgf\u00e4ltigen Handwerkern in ihrem Werk in Artesia, Kalifornien, von Hand zusammengebaut und zusammengebaut. Sie fertigen ihre Messer in kleinen Mengen, sodass sie sich die Zeit nehmen k\u00f6nnen, jedes Messer individuell anzupassen und von Hand auf ein Niveau zu bringen, das bei Fabrikmessern selten zu finden ist. Ihre Serienmessermodelle bieten das beste Design, die beste Funktion und den besten Wert aller heute auf dem Markt erh\u00e4ltlichen Messer. Ihre ma\u00dfgeschneiderten Automatikmesser sind einzigartige Kunstwerke. Jedes der ma\u00dfgefertigten Messer in limitierter Auflage ist ein Beispiel f\u00fcr ein Erbe an Qualit\u00e4t. Egal f\u00fcr welches Messer Sie sich entscheiden, wir sind sicher, dass Sie mit Ihrem Kauf sehr zufrieden sein werden.<\/p>\n<p>Pro-Tech Knives ist stolz darauf, weltweit die erste Wahl f\u00fcr Strafverfolgungs- und Milit\u00e4rexperten zu sein. Pro-Tech-Messer sind auf Langlebigkeit ausgelegt. Dies ist die mit Spannung erwartete Version des beliebten Godfather AUTO-Messers mit einer 3,15-Zoll-Klinge. Italienische Inspiration und amerikanische Innovation haben ein weiteres herausragendes Automatikmesser mit Schraubenfeder geschaffen. Wie die urspr\u00fcngliche Godfather-4-Zoll-Klinge ist das Godson in einer Vielzahl von Stilen erh\u00e4ltlich und Materialien. Dieses ma\u00dfgeschneiderte Modell verf\u00fcgt \u00fcber eine 154 cm lange satinierte Klinge und Griffe aus bronzefarben eloxiertem Orangenschalen-Titan mit blau gezackter Mitte.<\/p>\n<p>Spezifikationen<br \/>\nKlingenl\u00e4nge: 8 cm<br \/>\nL\u00e4nge im geschlossenen Zustand: 11 cm<br \/>\nGesamtl\u00e4nge: 19 cm<br \/>\nKlingenmaterial: 154 cm Edelstahl<br \/>\nKlingenst\u00e4rke: 0,110 Zoll<br \/>\nKlingenstil: Speerspitze<br \/>\nKlingenschliff: Flach<br \/>\nKlingenoberfl\u00e4chenbehandlung: S\u00e4ure\u00e4tzung<br \/>\nGriffmaterial: Blau gezackte Titanzentren mit bronzeorangefarbenen Stiften<br \/>\nVerschlussmechanismus: Goldperlenknopf<br \/>\nTaschenclip: Titan (klappbar, rechter Verschlei\u00df)<br \/>\nGewicht: 3,5 Unzen.<br \/>\nHergestellt in den USA<\/p>\n","protected":false},"excerpt":{"rendered":"<p><strong>Unsere Produktionsmessermodelle bieten das beste Design, die beste Funktion und den besten Wert aller heute auf dem Markt erh\u00e4ltlichen Messer. Unsere ma\u00dfgefertigten Kunstmesser sind einzigartige Kunstwerke. Jedes unserer ma\u00dfgeschneiderten Messer in limitierter Auflage ist ein Beispiel f\u00fcr ein Erbe an Qualit\u00e4t. Egal f\u00fcr welches unserer Messer Sie sich entscheiden, wir sind sicher, dass Sie mit Ihrem Kauf sehr zufrieden sein werden.<\/strong><\/p>\n<p><strong>Vielen Dank f\u00fcr Ihr Interesse an unseren Qualit\u00e4tsmessern.<\/strong><\/p>\n<p>Kostenloser Transport.<\/p>\n","protected":false},"featured_media":321586,"comment_status":"open","ping_status":"closed","template":"","meta":[],"pwb-brand":[3818],"product_brand":[],"product_cat":[3285,3343],"product_tag":[3669],"class_list":{"0":"post-321626","1":"product","2":"type-product","3":"status-publish","4":"has-post-thumbnail","6":"pwb-brand-fur-tech","7":"product_cat-messer","8":"product_cat-schiesmesser","9":"product_tag-b2b-de","11":"first","12":"instock","13":"taxable","14":"shipping-taxable","15":"purchasable","16":"product-type-simple"},"brands":[{"id":3818,"name":"F\u00fcr Tech","slug":"fur-tech"}],"_links":{"self":[{"href":"https:\/\/www.moskito.cz\/de\/wp-json\/wp\/v2\/product\/321626","targetHints":{"allow":["GET"]}}],"collection":[{"href":"https:\/\/www.moskito.cz\/de\/wp-json\/wp\/v2\/product"}],"about":[{"href":"https:\/\/www.moskito.cz\/de\/wp-json\/wp\/v2\/types\/product"}],"replies":[{"embeddable":true,"href":"https:\/\/www.moskito.cz\/de\/wp-json\/wp\/v2\/comments?post=321626"}],"wp:featuredmedia":[{"embeddable":true,"href":"https:\/\/www.moskito.cz\/de\/wp-json\/wp\/v2\/media\/321586"}],"wp:attachment":[{"href":"https:\/\/www.moskito.cz\/de\/wp-json\/wp\/v2\/media?parent=321626"}],"wp:term":[{"taxonomy":"pwb-brand","embeddable":true,"href":"https:\/\/www.moskito.cz\/de\/wp-json\/wp\/v2\/pwb-brand?post=321626"},{"taxonomy":"product_brand","embeddable":true,"href":"https:\/\/www.moskito.cz\/de\/wp-json\/wp\/v2\/product_brand?post=321626"},{"taxonomy":"product_cat","embeddable":true,"href":"https:\/\/www.moskito.cz\/de\/wp-json\/wp\/v2\/product_cat?post=321626"},{"taxonomy":"product_tag","embeddable":true,"href":"https:\/\/www.moskito.cz\/de\/wp-json\/wp\/v2\/product_tag?post=321626"}],"curies":[{"name":"wp","href":"https:\/\/api.w.org\/{rel}","templated":true}]}}