{"id":321697,"date":"2024-03-19T20:21:31","date_gmt":"2024-03-19T19:27:53","guid":{"rendered":"https:\/\/www.moskito.cz\/produkt\/pro-tech-mordax-blade-show-texas-klappmesser-nr-31-von-100\/"},"modified":"2025-05-07T11:06:31","modified_gmt":"2025-05-07T10:06:31","slug":"pro-tech-mordax-blade-show-texas-klappmesser-nr-31-von-100","status":"publish","type":"product","link":"https:\/\/www.moskito.cz\/de\/produkt\/pro-tech-mordax-blade-show-texas-klappmesser-nr-31-von-100\/","title":{"rendered":"Pro-Tech Mordax-Blade Show Texas Klappmesser Nr. 31 von 100"},"content":{"rendered":"<p><strong>Pro-Tech Mordax<\/strong> -Blade Show Texas Klappmesser Nr. 31 von 100<\/p>\n<p><strong>Dieses Messer wurde nur f\u00fcr die Texas Show mit der Seriennummer 31 von 100 hergestellt.<\/strong><\/p>\n<p>Dieser Mordax von Pro-Tech verf\u00fcgt \u00fcber ein Ferrum Forge-Design und eine schwarze Drop-Point-Klinge. Der Griff hat einen gefr\u00e4sten schwarzen Aluminiumrahmen mit einer schwarzen Edelstahlspitze. Mosaikknopf.<\/p>\n<p>Pro-Tech-Messer<br \/>\nDie Kunst moderner Fertigungsqualit\u00e4t trifft auf altbew\u00e4hrte Handwerkskunst. Pro-Tech Knives, LLC ist ein familiengef\u00fchrtes Messerunternehmen, das seit 1998 hochwertige, in den USA hergestellte Messer herstellt. Jedes Pro-Tech-Messer ist eine Mischung aus den besten verf\u00fcgbaren Materialien und einer Verpflichtung zur Handwerkskunst. Unsere Messer werden mit modernsten Herstellungsverfahren hergestellt, darunter: CNC-Bearbeitung, Drahterodieren, Laserschneiden usw. High-Tech-Komponenten werden hier in unserer Fabrik von engagierten und f\u00fcrsorglichen Handwerkern von Hand zusammengebaut und zusammengebaut. Hergestellt in Amerika! Pro-Tech stellt hier in den guten alten USA einige der besten Messer der Welt her. Die meisten Komponenten f\u00fcr jedes Messer werden bei Pro-Tech selbst hergestellt. Wir beginnen mit Aluminiumstangen, handgeschmiedeten Damastkn\u00fcppeln, Stahl- und Titanblechen. Diese Premium-Rohstoffe werden hier unter einem Dach sorgf\u00e4ltig bearbeitet, geschliffen, entgratet, endbearbeitet, montiert, geschliffen, gepr\u00fcft und verpackt. Wir stellen kleine Mengen unserer Messer her, damit wir uns die Zeit nehmen k\u00f6nnen, jedes Messer individuell von Hand anzupassen und auf ein Niveau zu bringen, das bei Fabrikmessern selten zu finden ist. Unsere Produktionsmessermodelle bieten das beste Design, die beste Funktion und den besten Wert aller heute auf dem Markt erh\u00e4ltlichen Messer. Unsere ma\u00dfgefertigten Kunstmesser sind einzigartige Kunstwerke. Jedes unserer ma\u00dfgeschneiderten Messer in limitierter Auflage ist ein Beispiel f\u00fcr ein Erbe an Qualit\u00e4t. Egal f\u00fcr welches unserer Messer Sie sich entscheiden, wir sind sicher, dass Sie mit Ihrem Kauf sehr zufrieden sein werden.<\/p>\n<p>Gewicht 3,60 Unzen<br \/>\nGesamtl\u00e4nge: 21 cm<\/p>\n<p>Klingenl\u00e4nge: 8,75 cm<\/p>\n<p>Klingenoberfl\u00e4che: DLC-beschichtet<\/p>\n<p>Klingenmaterial: Magnacut<\/p>\n<p>Griffmaterial: 6061-T6 Aluminium<\/p>\n<p>Grifffarbe: Schwarz<\/p>\n<p>Benutzer: Rechte Hand<\/p>\n<p>Taschenclip: Tip-Up<\/p>\n<p>Messertyp: Manuell<\/p>\n<p><iframe title=\"Meet Pro-Tech Knives\" width=\"800\" height=\"450\" src=\"https:\/\/www.youtube.com\/embed\/0TueVbHVDY4?feature=oembed\" frameborder=\"0\" allow=\"accelerometer; autoplay; clipboard-write; encrypted-media; gyroscope; picture-in-picture; web-share\" allowfullscreen><\/iframe><\/p>\n<p>&nbsp;<\/p>\n","protected":false},"excerpt":{"rendered":"<p><strong>Unsere Produktionsmessermodelle bieten das beste Design, die beste Funktion und den besten Wert aller heute auf dem Markt erh\u00e4ltlichen Messer. Unsere ma\u00dfgefertigten Kunstmesser sind einzigartige Kunstwerke. Jedes unserer ma\u00dfgeschneiderten Messer in limitierter Auflage ist ein Beispiel f\u00fcr ein Erbe an Qualit\u00e4t. Egal f\u00fcr welches unserer Messer Sie sich entscheiden, wir sind sicher, dass Sie mit Ihrem Kauf sehr zufrieden sein werden.<\/strong><\/p>\n<p><strong>Vielen Dank f\u00fcr Ihr Interesse an unseren Qualit\u00e4tsmessern.<\/strong><\/p>\n<p>Kostenloser Transport.<\/p>\n","protected":false},"featured_media":321652,"comment_status":"open","ping_status":"closed","template":"","meta":[],"pwb-brand":[3818],"product_brand":[],"product_cat":[3285,3303],"product_tag":[3669],"class_list":{"0":"post-321697","1":"product","2":"type-product","3":"status-publish","4":"has-post-thumbnail","6":"pwb-brand-fur-tech","7":"product_cat-messer","8":"product_cat-schliesmesser","9":"product_tag-b2b-de","11":"first","12":"outofstock","13":"taxable","14":"shipping-taxable","15":"purchasable","16":"product-type-simple"},"brands":[{"id":3818,"name":"F\u00fcr Tech","slug":"fur-tech"}],"_links":{"self":[{"href":"https:\/\/www.moskito.cz\/de\/wp-json\/wp\/v2\/product\/321697","targetHints":{"allow":["GET"]}}],"collection":[{"href":"https:\/\/www.moskito.cz\/de\/wp-json\/wp\/v2\/product"}],"about":[{"href":"https:\/\/www.moskito.cz\/de\/wp-json\/wp\/v2\/types\/product"}],"replies":[{"embeddable":true,"href":"https:\/\/www.moskito.cz\/de\/wp-json\/wp\/v2\/comments?post=321697"}],"wp:featuredmedia":[{"embeddable":true,"href":"https:\/\/www.moskito.cz\/de\/wp-json\/wp\/v2\/media\/321652"}],"wp:attachment":[{"href":"https:\/\/www.moskito.cz\/de\/wp-json\/wp\/v2\/media?parent=321697"}],"wp:term":[{"taxonomy":"pwb-brand","embeddable":true,"href":"https:\/\/www.moskito.cz\/de\/wp-json\/wp\/v2\/pwb-brand?post=321697"},{"taxonomy":"product_brand","embeddable":true,"href":"https:\/\/www.moskito.cz\/de\/wp-json\/wp\/v2\/product_brand?post=321697"},{"taxonomy":"product_cat","embeddable":true,"href":"https:\/\/www.moskito.cz\/de\/wp-json\/wp\/v2\/product_cat?post=321697"},{"taxonomy":"product_tag","embeddable":true,"href":"https:\/\/www.moskito.cz\/de\/wp-json\/wp\/v2\/product_tag?post=321697"}],"curies":[{"name":"wp","href":"https:\/\/api.w.org\/{rel}","templated":true}]}}