{"id":321755,"date":"2024-03-19T21:02:39","date_gmt":"2024-03-19T20:06:44","guid":{"rendered":"https:\/\/www.moskito.cz\/produkt\/pro-tech-920-godfather-schiessmesser\/"},"modified":"2025-05-07T11:06:33","modified_gmt":"2025-05-07T10:06:33","slug":"pro-tech-920-godfather-schiessmesser","status":"publish","type":"product","link":"https:\/\/www.moskito.cz\/de\/produkt\/pro-tech-920-godfather-schiessmesser\/","title":{"rendered":"Pro-Tech 920 Godfather Schie\u00dfmesser"},"content":{"rendered":"<p><strong>Pro-Tech<\/strong> 920 Godfather Schie\u00dfmesser.<\/p>\n<p>Jedes <strong>Pro-Tech-<\/strong> Messer ist eine Mischung aus den besten verf\u00fcgbaren Materialien und einer Verpflichtung zur Handwerkskunst. Pro-Tech-Messer werden mit modernsten Herstellungsverfahren hergestellt, darunter: CNC-Bearbeitung, Drahterodieren, Laserschneiden usw. Hightech-Komponenten werden von engagierten und sorgf\u00e4ltigen Handwerkern in ihrem Werk in Artesia, Kalifornien, von Hand zusammengebaut und zusammengebaut. Sie fertigen ihre Messer in kleinen Mengen, sodass sie sich die Zeit nehmen k\u00f6nnen, jedes Messer individuell anzupassen und von Hand auf ein Niveau zu bringen, das bei Fabrikmessern selten zu finden ist. Ihre Serienmessermodelle bieten das beste Design, die beste Funktion und den besten Wert aller heute auf dem Markt erh\u00e4ltlichen Messer. Ihre ma\u00dfgeschneiderten Automatikmesser sind einzigartige Kunstwerke. Jedes der ma\u00dfgefertigten Messer in limitierter Auflage ist ein Beispiel f\u00fcr ein Erbe an Qualit\u00e4t. Egal f\u00fcr welches Messer Sie sich entscheiden, wir sind sicher, dass Sie mit Ihrem Kauf sehr zufrieden sein werden.<\/p>\n<p>Pro-Tech Knives ist stolz darauf, weltweit die erste Wahl f\u00fcr Strafverfolgungs- und Milit\u00e4rexperten zu sein. Pro-Tech-Messer sind auf Langlebigkeit ausgelegt. Dieses erstaunliche 4-Zoll-AUTO-Messer mit Klinge zeichnet sich durch den Einfluss des originalen italienischen AUTO-Messers im \u201eStiletto\u201c-Stil und die moderne Pr\u00e4zision der Pro-Tech-Spiralfeder aus. Die Godfather-Messer sind mit einem T6-6061-Aluminiumgriff ausgestattet, der aus Vollmaterial gefertigt ist. Konstruktion: Die Godfather-Klinge ist 10 cm lang und besteht aus 154 cm dickem Edelstahl, der auf 59 HRC w\u00e4rmebehandelt ist. Es stehen viele verschiedene Grifffarben, Klingenoberfl\u00e4chen und Einsatzmaterialien zur Verf\u00fcgung. Dieses Modell verf\u00fcgt \u00fcber einen schwarz eloxierten Aluminiumgriff und eine perlgestrahlte Klinge. Ganz gleich, f\u00fcr welche \u201eGodfather\u201c-Variante Sie sich entscheiden, Sie werden die Kombination aus un\u00fcbertroffenem Stil und Qualit\u00e4t genie\u00dfen.<\/p>\n<p>Spezifikationen:<br \/>\nKlingenl\u00e4nge: 10 cm<br \/>\nL\u00e4nge geschlossen: 14 cm<br \/>\nGesamtl\u00e4nge: 24 cm<br \/>\nKlingenmaterial: 154 cm Edelstahl<br \/>\nKlingenh\u00e4rte: 59HRC<br \/>\nKlingenstil: Speerspitze<br \/>\nKlingenschliff: Flach<br \/>\nKlingenoberfl\u00e4che: Perlengestrahlt<br \/>\nGriffmaterial: T6-6061 Aluminium, schwarz<br \/>\nVerriegelungsmechanismus: Knopf<br \/>\nTaschenclip: Schwarzer Edelstahl (klappbar, rechter Verschlei\u00df)<br \/>\nGewicht: 4,0 Unzen.<br \/>\nHergestellt in den USA<\/p>\n<p><iframe title=\"Meet Pro-Tech Knives\" width=\"800\" height=\"450\" src=\"https:\/\/www.youtube.com\/embed\/0TueVbHVDY4?feature=oembed\" frameborder=\"0\" allow=\"accelerometer; autoplay; clipboard-write; encrypted-media; gyroscope; picture-in-picture; web-share\" allowfullscreen><\/iframe><\/p>\n<p>&nbsp;<\/p>\n","protected":false},"excerpt":{"rendered":"<p><strong>Unsere Produktionsmessermodelle bieten das beste Design, die beste Funktion und den besten Wert aller heute auf dem Markt erh\u00e4ltlichen Messer. Unsere ma\u00dfgefertigten Kunstmesser sind einzigartige Kunstwerke. Jedes unserer ma\u00dfgeschneiderten Messer in limitierter Auflage ist ein Beispiel f\u00fcr ein Erbe an Qualit\u00e4t. Egal f\u00fcr welches unserer Messer Sie sich entscheiden, wir sind sicher, dass Sie mit Ihrem Kauf sehr zufrieden sein werden.<\/strong><\/p>\n<p><strong>Vielen Dank f\u00fcr Ihr Interesse an unseren Qualit\u00e4tsmessern.<\/strong><\/p>\n<p>Kostenloser Transport.<\/p>\n","protected":false},"featured_media":321702,"comment_status":"open","ping_status":"closed","template":"","meta":[],"pwb-brand":[3818],"product_brand":[],"product_cat":[3285,3343],"product_tag":[3669],"class_list":{"0":"post-321755","1":"product","2":"type-product","3":"status-publish","4":"has-post-thumbnail","6":"pwb-brand-fur-tech","7":"product_cat-messer","8":"product_cat-schiesmesser","9":"product_tag-b2b-de","11":"first","12":"instock","13":"taxable","14":"shipping-taxable","15":"purchasable","16":"product-type-simple"},"brands":[{"id":3818,"name":"F\u00fcr Tech","slug":"fur-tech"}],"_links":{"self":[{"href":"https:\/\/www.moskito.cz\/de\/wp-json\/wp\/v2\/product\/321755","targetHints":{"allow":["GET"]}}],"collection":[{"href":"https:\/\/www.moskito.cz\/de\/wp-json\/wp\/v2\/product"}],"about":[{"href":"https:\/\/www.moskito.cz\/de\/wp-json\/wp\/v2\/types\/product"}],"replies":[{"embeddable":true,"href":"https:\/\/www.moskito.cz\/de\/wp-json\/wp\/v2\/comments?post=321755"}],"wp:featuredmedia":[{"embeddable":true,"href":"https:\/\/www.moskito.cz\/de\/wp-json\/wp\/v2\/media\/321702"}],"wp:attachment":[{"href":"https:\/\/www.moskito.cz\/de\/wp-json\/wp\/v2\/media?parent=321755"}],"wp:term":[{"taxonomy":"pwb-brand","embeddable":true,"href":"https:\/\/www.moskito.cz\/de\/wp-json\/wp\/v2\/pwb-brand?post=321755"},{"taxonomy":"product_brand","embeddable":true,"href":"https:\/\/www.moskito.cz\/de\/wp-json\/wp\/v2\/product_brand?post=321755"},{"taxonomy":"product_cat","embeddable":true,"href":"https:\/\/www.moskito.cz\/de\/wp-json\/wp\/v2\/product_cat?post=321755"},{"taxonomy":"product_tag","embeddable":true,"href":"https:\/\/www.moskito.cz\/de\/wp-json\/wp\/v2\/product_tag?post=321755"}],"curies":[{"name":"wp","href":"https:\/\/api.w.org\/{rel}","templated":true}]}}