{"id":321921,"date":"2024-03-19T22:35:56","date_gmt":"2024-03-19T21:37:48","guid":{"rendered":"https:\/\/www.moskito.cz\/produkt\/schiessmesser-pro-tech-les-george-rockeye-lg307-gray\/"},"modified":"2025-05-07T11:06:37","modified_gmt":"2025-05-07T10:06:37","slug":"schiessmesser-pro-tech-les-george-rockeye-lg307-gray","status":"publish","type":"product","link":"https:\/\/www.moskito.cz\/de\/produkt\/schiessmesser-pro-tech-les-george-rockeye-lg307-gray\/","title":{"rendered":"Schie\u00dfmesser Pro-Tech Les George Rockeye LG307-GRAY"},"content":{"rendered":"<p>Schie\u00dfmesser <strong>Pro-Tech<\/strong> Les George Rockeye LG307-GRAY<\/p>\n<p>Jedes <strong>Pro-Tech-<\/strong> Messer ist eine Mischung aus den besten verf\u00fcgbaren Materialien und einer Verpflichtung zur Handwerkskunst. <strong>Pro-Tech-<\/strong> Messer werden mit modernsten Herstellungsverfahren hergestellt, darunter: CNC-Bearbeitung, Drahterodieren, Laserschneiden usw. Hightech-Komponenten werden von engagierten und sorgf\u00e4ltigen Handwerkern in ihrem Werk in Artesia, Kalifornien, von Hand zusammengebaut und zusammengebaut. Sie fertigen ihre Messer in kleinen Mengen, sodass sie sich die Zeit nehmen k\u00f6nnen, jedes Messer individuell anzupassen und von Hand auf ein Niveau zu bringen, das bei Fabrikmessern selten zu finden ist. Ihre Serienmessermodelle bieten das beste Design, die beste Funktion und den besten Wert aller heute auf dem Markt erh\u00e4ltlichen Messer. Ihre ma\u00dfgeschneiderten Automatikmesser sind einzigartige Kunstwerke. Jedes der ma\u00dfgefertigten Messer in limitierter Auflage ist ein Beispiel f\u00fcr ein Erbe an Qualit\u00e4t. Egal f\u00fcr welches Messer Sie sich entscheiden, wir sind sicher, dass Sie mit Ihrem Kauf sehr zufrieden sein werden.<\/p>\n<p><strong>Pro-Tech<\/strong> Knives ist stolz darauf, weltweit die erste Wahl f\u00fcr Strafverfolgungs- und Milit\u00e4rexperten zu sein. Pro-Tech-Messer sind auf Langlebigkeit ausgelegt. Das Rockeye AUTO ist das Ergebnis einer Zusammenarbeit zwischen Les George und Pro-Tech und verf\u00fcgt wie alle ihre Messer \u00fcber eine harte Schraubenfeder. Das LG307-GRAY verf\u00fcgt \u00fcber eine CPM-D2-Werkzeugstahlklinge mit falschem Spitzenkeil, Daumenschr\u00e4ge und verst\u00e4rkter Spitze f\u00fcr maximale Penetrationseffizienz ohne Beeintr\u00e4chtigung der Integrit\u00e4t. Die schwarze DLC-Beschichtung der Klinge ist extrem langlebig und eignet sich daher ideal f\u00fcr den harten Einsatz. Der Griff ist aus gefr\u00e4stem Flugzeugaluminium gefertigt, um Festigkeit und geringes Gewicht zu gew\u00e4hrleisten. Es ist ergonomisch, blitzschnell und einfach ein erstaunlicher Allrounder.<\/p>\n<p>Spezifikationen:<br \/>\nKlingenl\u00e4nge: 8,5 cm<br \/>\nL\u00e4nge geschlossen: 12,5 cm<br \/>\nGesamtl\u00e4nge: 21 cm<br \/>\nKlingenmaterial: CPM-D2 Werkzeugstahl<br \/>\nKlingenstil: Drop Point<br \/>\nKlingenschliff: Flach<br \/>\nKlingenfinish: Schwarz DLC<br \/>\nGriffmaterial: strukturiertes Aluminium T6-6061, grau<br \/>\nVerriegelungsmechanismus: Knopf<br \/>\nTaschenclip: Schwarzer Edelstahl (klappbar, rechter Verschlei\u00df)<br \/>\nGewicht: 4,5 Unzen.<br \/>\nDesigner: Les George<br \/>\nHergestellt in den USA<\/p>\n<p><iframe title=\"Meet Pro-Tech Knives\" width=\"800\" height=\"450\" src=\"https:\/\/www.youtube.com\/embed\/0TueVbHVDY4?feature=oembed\" frameborder=\"0\" allow=\"accelerometer; autoplay; clipboard-write; encrypted-media; gyroscope; picture-in-picture; web-share\" allowfullscreen><\/iframe><\/p>\n<p>&nbsp;<\/p>\n","protected":false},"excerpt":{"rendered":"<p><strong>Unsere Produktionsmessermodelle bieten das beste Design, die beste Funktion und den besten Wert aller heute auf dem Markt erh\u00e4ltlichen Messer. Unsere ma\u00dfgefertigten Kunstmesser sind einzigartige Kunstwerke. Jedes unserer ma\u00dfgeschneiderten Messer in limitierter Auflage ist ein Beispiel f\u00fcr ein Erbe an Qualit\u00e4t. Egal f\u00fcr welches unserer Messer Sie sich entscheiden, wir sind sicher, dass Sie mit Ihrem Kauf sehr zufrieden sein werden.<\/strong><\/p>\n<p><strong>Vielen Dank f\u00fcr Ihr Interesse an unseren Qualit\u00e4tsmessern.<\/strong><\/p>\n<p>Kostenloser Transport.<\/p>\n","protected":false},"featured_media":321874,"comment_status":"open","ping_status":"closed","template":"","meta":[],"pwb-brand":[3818],"product_brand":[],"product_cat":[3285,3343],"product_tag":[3669],"class_list":{"0":"post-321921","1":"product","2":"type-product","3":"status-publish","4":"has-post-thumbnail","6":"pwb-brand-fur-tech","7":"product_cat-messer","8":"product_cat-schiesmesser","9":"product_tag-b2b-de","11":"first","12":"outofstock","13":"taxable","14":"shipping-taxable","15":"purchasable","16":"product-type-simple"},"brands":[{"id":3818,"name":"F\u00fcr Tech","slug":"fur-tech"}],"_links":{"self":[{"href":"https:\/\/www.moskito.cz\/de\/wp-json\/wp\/v2\/product\/321921","targetHints":{"allow":["GET"]}}],"collection":[{"href":"https:\/\/www.moskito.cz\/de\/wp-json\/wp\/v2\/product"}],"about":[{"href":"https:\/\/www.moskito.cz\/de\/wp-json\/wp\/v2\/types\/product"}],"replies":[{"embeddable":true,"href":"https:\/\/www.moskito.cz\/de\/wp-json\/wp\/v2\/comments?post=321921"}],"wp:featuredmedia":[{"embeddable":true,"href":"https:\/\/www.moskito.cz\/de\/wp-json\/wp\/v2\/media\/321874"}],"wp:attachment":[{"href":"https:\/\/www.moskito.cz\/de\/wp-json\/wp\/v2\/media?parent=321921"}],"wp:term":[{"taxonomy":"pwb-brand","embeddable":true,"href":"https:\/\/www.moskito.cz\/de\/wp-json\/wp\/v2\/pwb-brand?post=321921"},{"taxonomy":"product_brand","embeddable":true,"href":"https:\/\/www.moskito.cz\/de\/wp-json\/wp\/v2\/product_brand?post=321921"},{"taxonomy":"product_cat","embeddable":true,"href":"https:\/\/www.moskito.cz\/de\/wp-json\/wp\/v2\/product_cat?post=321921"},{"taxonomy":"product_tag","embeddable":true,"href":"https:\/\/www.moskito.cz\/de\/wp-json\/wp\/v2\/product_tag?post=321921"}],"curies":[{"name":"wp","href":"https:\/\/api.w.org\/{rel}","templated":true}]}}