{"id":322036,"date":"2024-03-19T23:48:24","date_gmt":"2024-03-19T22:50:11","guid":{"rendered":"https:\/\/www.moskito.cz\/produkt\/schiessmesser-pro-tech-custom-emerson-stonewashed-2024-emerson-custom-003\/"},"modified":"2025-05-07T11:06:43","modified_gmt":"2025-05-07T10:06:43","slug":"schiessmesser-pro-tech-custom-emerson-stonewashed-2024-emerson-custom-003","status":"publish","type":"product","link":"https:\/\/www.moskito.cz\/de\/produkt\/schiessmesser-pro-tech-custom-emerson-stonewashed-2024-emerson-custom-003\/","title":{"rendered":"Schie\u00dfmesser Pro-Tech Custom Emerson Stonewashed 2024.Emerson.Custom.003"},"content":{"rendered":"<p>Schie\u00dfmesser <strong>Pro-Tech<\/strong> Custom Emerson Stonewashed 2024.Emerson.Custom.003<\/p>\n<p>Jedes <strong>Pro-Tech-<\/strong> Messer ist eine Mischung aus den besten verf\u00fcgbaren Materialien und einer Verpflichtung zur Handwerkskunst. <strong>Pro-Tech-<\/strong> Messer werden mit modernsten Herstellungsverfahren hergestellt, darunter: CNC-Bearbeitung, Drahterodieren, Laserschneiden usw. Hightech-Komponenten werden von engagierten und sorgf\u00e4ltigen Handwerkern in ihrem Werk in Artesia, Kalifornien, von Hand zusammengebaut und zusammengebaut. Sie fertigen ihre Messer in kleinen Mengen, sodass sie sich die Zeit nehmen k\u00f6nnen, jedes Messer individuell anzupassen und von Hand auf ein Niveau zu bringen, das bei Fabrikmessern selten zu finden ist. Ihre Serienmessermodelle bieten das beste Design, die beste Funktion und den besten Wert aller heute auf dem Markt erh\u00e4ltlichen Messer. Ihre ma\u00dfgeschneiderten Automatikmesser sind einzigartige Kunstwerke. Jedes der ma\u00dfgefertigten Messer in limitierter Auflage ist ein Beispiel f\u00fcr ein Erbe an Qualit\u00e4t. Egal f\u00fcr welches Messer Sie sich entscheiden, wir sind sicher, dass Sie mit Ihrem Kauf sehr zufrieden sein werden.<\/p>\n<p>Pro-Tech Knives ist stolz darauf, weltweit die erste Wahl f\u00fcr Strafverfolgungs- und Milit\u00e4rexperten zu sein. Pro-Tech-Messer sind auf Langlebigkeit ausgelegt. Dies ist die erste Messerkooperation zwischen Pro-Tech Knives und der Ikone des taktischen Messers Ernest Emerson, dem Pro-Tech\/Emerson CQC7 AUTO. Ernest Emerson stellt seit 1979 Messer her und hat sich den Ruf erworben, einige der gefragtesten taktischen Messerdesigns der Welt herzustellen. Der CQC7 ist vielleicht der ber\u00fchmteste seiner Entw\u00fcrfe und die Pro-Tech-Version mit Schraubenfeder wird nach den hohen Standards gebaut, f\u00fcr die Emerson bekannt ist. Herr Emerson war pers\u00f6nlich an jedem Detail dieses Kooperationsmessers beteiligt \u2013 das Ergebnis ist ein Messer, das Emerson-Fans und treue Pro-Tech-Kunden in der Tat sehr gl\u00fccklich machen wird.<\/p>\n<p>Die Aktion ist superstark und dennoch sanft. Es gibt einen sch\u00f6nen Kick, wenn die Klinge eingerastet ist. Der Emerson\/Pro-Tech CQC7 wurde erstmals au\u00dferhalb der Werkstatt auf der PKA-Messe (Professional Knife Maker&#8217;s Association) in Denver, Colorado, gesehen und gewann dort den Best Collaboration Award. Bei dieser Version handelt es sich um ein kundenspezifisches Modell CQC7A, das f\u00fcr die Texas BLADE Show 2024 in Fort Worth erstellt wurde und \u00fcber eine 3,25-Zoll-Speerklinge aus CPM-20CV-Stein mit zweifarbigen gold\/blauen \u201egezackten\u201c strukturierten Titangriffen und einem Perlmuttknopf verf\u00fcgt.<\/p>\n<p>Spezifikationen:<br \/>\nKlingenl\u00e4nge: 8,12 cm<br \/>\nL\u00e4nge geschlossen: 12 cm<br \/>\nGesamtl\u00e4nge: 21 cm<br \/>\nKlingenmaterial: CPM-20CV Edelstahl<br \/>\nKlingenstil: Speerspitze<br \/>\nKlingenschliff: Flach<br \/>\nOberfl\u00e4chenbehandlung der Klinge: Stonewash<br \/>\nGriffmaterial: Titan mit \u201eJigged\u201c-Textur, zweifarbig Gold\/Blau<br \/>\nSchlie\u00dfmechanismus: Perlmuttknopf<br \/>\nTaschenclip: Wide Deep Carry (Neigung, rechts)<br \/>\nGewicht: 4,1 Unzen.<br \/>\nHergestellt in den USA<\/p>\n<p><iframe title=\"Meet Pro-Tech Knives\" width=\"800\" height=\"450\" src=\"https:\/\/www.youtube.com\/embed\/0TueVbHVDY4?feature=oembed\" frameborder=\"0\" allow=\"accelerometer; autoplay; clipboard-write; encrypted-media; gyroscope; picture-in-picture; web-share\" allowfullscreen><\/iframe><\/p>\n<p>&nbsp;<\/p>\n","protected":false},"excerpt":{"rendered":"<p><strong>Unsere Produktionsmessermodelle bieten das beste Design, die beste Funktion und den besten Wert aller heute auf dem Markt erh\u00e4ltlichen Messer. Unsere ma\u00dfgefertigten Kunstmesser sind einzigartige Kunstwerke. Jedes unserer ma\u00dfgeschneiderten Messer in limitierter Auflage ist ein Beispiel f\u00fcr ein Erbe an Qualit\u00e4t. Egal f\u00fcr welches unserer Messer Sie sich entscheiden, wir sind sicher, dass Sie mit Ihrem Kauf sehr zufrieden sein werden.<\/strong><\/p>\n<p><strong>Vielen Dank f\u00fcr Ihr Interesse an unseren Qualit\u00e4tsmessern.<\/strong><\/p>\n<p>Kostenloser Transport.<\/p>\n","protected":false},"featured_media":321988,"comment_status":"open","ping_status":"closed","template":"","meta":[],"pwb-brand":[3818],"product_brand":[],"product_cat":[3285,3343],"product_tag":[3669],"class_list":{"0":"post-322036","1":"product","2":"type-product","3":"status-publish","4":"has-post-thumbnail","6":"pwb-brand-fur-tech","7":"product_cat-messer","8":"product_cat-schiesmesser","9":"product_tag-b2b-de","11":"first","12":"instock","13":"taxable","14":"shipping-taxable","15":"purchasable","16":"product-type-simple"},"brands":[{"id":3818,"name":"F\u00fcr Tech","slug":"fur-tech"}],"_links":{"self":[{"href":"https:\/\/www.moskito.cz\/de\/wp-json\/wp\/v2\/product\/322036","targetHints":{"allow":["GET"]}}],"collection":[{"href":"https:\/\/www.moskito.cz\/de\/wp-json\/wp\/v2\/product"}],"about":[{"href":"https:\/\/www.moskito.cz\/de\/wp-json\/wp\/v2\/types\/product"}],"replies":[{"embeddable":true,"href":"https:\/\/www.moskito.cz\/de\/wp-json\/wp\/v2\/comments?post=322036"}],"wp:featuredmedia":[{"embeddable":true,"href":"https:\/\/www.moskito.cz\/de\/wp-json\/wp\/v2\/media\/321988"}],"wp:attachment":[{"href":"https:\/\/www.moskito.cz\/de\/wp-json\/wp\/v2\/media?parent=322036"}],"wp:term":[{"taxonomy":"pwb-brand","embeddable":true,"href":"https:\/\/www.moskito.cz\/de\/wp-json\/wp\/v2\/pwb-brand?post=322036"},{"taxonomy":"product_brand","embeddable":true,"href":"https:\/\/www.moskito.cz\/de\/wp-json\/wp\/v2\/product_brand?post=322036"},{"taxonomy":"product_cat","embeddable":true,"href":"https:\/\/www.moskito.cz\/de\/wp-json\/wp\/v2\/product_cat?post=322036"},{"taxonomy":"product_tag","embeddable":true,"href":"https:\/\/www.moskito.cz\/de\/wp-json\/wp\/v2\/product_tag?post=322036"}],"curies":[{"name":"wp","href":"https:\/\/api.w.org\/{rel}","templated":true}]}}