{"id":322075,"date":"2022-04-26T14:54:00","date_gmt":"2024-03-20T10:21:25","guid":{"rendered":"https:\/\/www.moskito.cz\/produkt\/schiessmesser-beltrame-imit-buffalo-horn-bajonett\/"},"modified":"2025-05-07T11:06:45","modified_gmt":"2025-05-07T10:06:45","slug":"schiessmesser-beltrame-imit-buffalo-horn-bajonett","status":"publish","type":"product","link":"https:\/\/www.moskito.cz\/de\/produkt\/schiessmesser-beltrame-imit-buffalo-horn-bajonett\/","title":{"rendered":"Schie\u00dfmesser Beltrame Imit Buffalo Horn Bajonett"},"content":{"rendered":"<p>Schie\u00dfmesser <strong>Beltrame<\/strong> Imit Buffalo Horn Bajonett.<\/p>\n<p>Klassisches italienisches Stiletto-Imit. Bajonett 28 cm, traditionelles italienisches Federmesser. Die nach den Prinzipien italienischer Handwerkskunst handgefertigten Frank Beltrame Stiletto-Messer sind auf der ganzen Welt f\u00fcr ihre extreme Leichtigkeit und Haltbarkeit bekannt. Aufgrund seiner Eigenschaften eignet sich der italienische Dolch f\u00fcr den Einsatz in jeder Umgebung, von der Jagd bis zum Camping. Solide, langlebige Konstruktion, starke Klingen\u00f6ffnungsfeder ist das Markenzeichen der klassischen italienischen Frank Beltrame-Federg\u00fcrtel.<\/p>\n<p>Der mit einem B\u00fcffelhornimitat (Hornimitat) \u00fcberzogene Griff verleiht einen exklusiven Look. Mit einer polierten Nickeloberfl\u00e4che bietet es einen bequemen und sicheren Halt. Die Bediensicherheit wird durch die ergonomische Form des Griffs erh\u00f6ht, die ein Abrutschen der Hand beim Arbeiten verhindert. Messingnieten.<\/p>\n<p>Klinge \u2013 extrem scharf mit einem Spear-Point-Profil, 3,5 mm dick mit einer kurzen falschen Klinge zur Erh\u00f6hung der Durchdringungseigenschaften. Hergestellt aus leicht zu schleifendem Edelstahl AISI 420 MA5M, der sich durch hohe Korrosionsbest\u00e4ndigkeit auszeichnet. Geh\u00e4rteter Stahl 56 HRC. Ein \u00fcblicher, aus dem Flachschliff abgeleiteter Klingentyp bietet gute Schneid- und Durchdringungseigenschaften. Der Stahlschutz sch\u00fctzt die Hand vor ungewolltem Abrutschen und erm\u00f6glicht das Einklappen der Klinge bei Druck.<\/p>\n<p>Sperre \u2013 verhindert versehentliches Einklappen oder \u00d6ffnen der Klinge. Das automatische Messer wird \u00fcber einen festen Knopf am Griff ge\u00f6ffnet.<\/p>\n<p>Feder \u2013 Besonderes Augenmerk wird auf die Gestaltung der Feder (Edelstahl) gelegt: Die Klinge muss innerhalb weniger Hundertstelsekunden ge\u00f6ffnet werden (Merkmal der Stiletto-Messer). Die Beltrame-Komponente erzeugt beim \u00d6ffnen der Klinge ein charakteristisches Ger\u00e4usch (Klick), das es von anderen Federmessern unterscheidet.<\/p>\n<p>Spezifikationen:<br \/>\nProduktnummer: FB 28 \/ 81B<br \/>\nName: Klassischer italienischer Nadeldolch imitiertes B\u00fcffelhorn-Bajonett 28<br \/>\nStahlsorte: AISI 420 MA5M<br \/>\nRockwell-Klingenh\u00e4rte: 56 HRC<br \/>\nKlingenl\u00e4nge: 12 cm \/ 4,72 Zoll<br \/>\nKlingenst\u00e4rke: 0,35 cm \/ 1,13 Zoll<br \/>\nGesamtl\u00e4nge: 28 cm \/ 11,02 Zoll<br \/>\nGewicht: 134 g<br \/>\nKlinge: Glatt<br \/>\nKlingentyp: Speerspitze<br \/>\nMessersperre: Ja<br \/>\nGrifftyp: Stierhornimitat<br \/>\nHersteller: F.LLI Beltrame, Italien<\/p>\n<p>Beltrame-Messer werden seit 1953 in Italien hergestellt. Das Unternehmen wurde von Frank Beltram gegr\u00fcndet. Das Geheimnis der Herstellung dieser Stiletto-Messer ist Teil der Geschichte von Maniago, die vom Vater an den Sohn weitergegeben wurde. Als kleiner Junge half Frank in der Fabrik seines Vaters, wo er sp\u00e4ter als Lehrling seines Vaters zu arbeiten begann. Dar\u00fcber hinaus besuchte er eine Schule f\u00fcr traditionelles Besteck, wo er alles \u00fcber verschiedene Materialien, neueste Verarbeitungstechnologien und verschiedene Designstile lernte. Im Jahr 1958 begannen Frank und seine Familie mit der Herstellung automatischer Messer. Ein Jahr nachdem Franks Vater w\u00e4hrend seiner Arbeit in der Fabrik an einem Herzinfarkt starb, gr\u00fcndete Frank die Firma Beltrame. In den folgenden Jahren besch\u00e4ftigte er sich weiterhin mit Messern, geeigneten Materialien und Design. Schon nach kurzer Zeit kamen billige Nachahmungen aus Taiwan auf den Markt, traditionelle italienische Stiletto-Messer. Also musste sich Frank einem neuen Problem stellen. Gl\u00fccklicherweise spricht die Qualit\u00e4t dieser g\u00fcnstigen Messer f\u00fcr sich, jeder Sammler wei\u00df, dass es keine M\u00f6glichkeit gibt, sie mit einem echten Beltrame-Dolch zu vergleichen. Beltrame-Messer haben dank Franks Leidenschaft f\u00fcr diese Messer die Anerkennung der anspruchsvollsten Kunden der Welt gewonnen. Bei der Herstellung von Messern nutzt er seine langj\u00e4hrige Erfahrung, die er schon in jungen Jahren erworben hat. Im Jahr 2005 erhielten Beltrame-Messer das Maniago-Qualit\u00e4tszertifikat, mit dem sie die europ\u00e4ischen Qualit\u00e4tsstandards \u00fcbertrafen. Das bedeutet, dass diese Messer jedes Jahr auf ihre Materialqualit\u00e4t gepr\u00fcft werden.<\/p>\n","protected":false},"excerpt":{"rendered":"<p><strong>Beltrame-<\/strong> Messer werden seit 1953 in Italien hergestellt. Das Unternehmen wurde von Frank Beltram gegr\u00fcndet. Das Geheimnis der Herstellung dieser Stiletto-Messer ist Teil der Geschichte von Maniago, die vom Vater an den Sohn weitergegeben wurde.<br \/>\n<strong>Hergestellt in Italien.<\/strong><\/p>\n","protected":false},"featured_media":322076,"comment_status":"open","ping_status":"closed","template":"","meta":[],"pwb-brand":[3533],"product_brand":[],"product_cat":[3285,3343],"product_tag":[3669],"class_list":{"0":"post-322075","1":"product","2":"type-product","3":"status-publish","4":"has-post-thumbnail","6":"pwb-brand-beltrame-de","7":"product_cat-messer","8":"product_cat-schiesmesser","9":"product_tag-b2b-de","11":"first","12":"outofstock","13":"taxable","14":"shipping-taxable","15":"purchasable","16":"product-type-simple"},"brands":[{"id":3533,"name":"Beltrame","slug":"beltrame-de"}],"_links":{"self":[{"href":"https:\/\/www.moskito.cz\/de\/wp-json\/wp\/v2\/product\/322075","targetHints":{"allow":["GET"]}}],"collection":[{"href":"https:\/\/www.moskito.cz\/de\/wp-json\/wp\/v2\/product"}],"about":[{"href":"https:\/\/www.moskito.cz\/de\/wp-json\/wp\/v2\/types\/product"}],"replies":[{"embeddable":true,"href":"https:\/\/www.moskito.cz\/de\/wp-json\/wp\/v2\/comments?post=322075"}],"wp:featuredmedia":[{"embeddable":true,"href":"https:\/\/www.moskito.cz\/de\/wp-json\/wp\/v2\/media\/322076"}],"wp:attachment":[{"href":"https:\/\/www.moskito.cz\/de\/wp-json\/wp\/v2\/media?parent=322075"}],"wp:term":[{"taxonomy":"pwb-brand","embeddable":true,"href":"https:\/\/www.moskito.cz\/de\/wp-json\/wp\/v2\/pwb-brand?post=322075"},{"taxonomy":"product_brand","embeddable":true,"href":"https:\/\/www.moskito.cz\/de\/wp-json\/wp\/v2\/product_brand?post=322075"},{"taxonomy":"product_cat","embeddable":true,"href":"https:\/\/www.moskito.cz\/de\/wp-json\/wp\/v2\/product_cat?post=322075"},{"taxonomy":"product_tag","embeddable":true,"href":"https:\/\/www.moskito.cz\/de\/wp-json\/wp\/v2\/product_tag?post=322075"}],"curies":[{"name":"wp","href":"https:\/\/api.w.org\/{rel}","templated":true}]}}