{"id":322099,"date":"2022-04-16T15:43:58","date_gmt":"2024-03-20T10:27:42","guid":{"rendered":"https:\/\/www.moskito.cz\/produkt\/beltrame-stiletto-hirschhorn-bajonett-schiessmesser\/"},"modified":"2025-05-07T11:06:46","modified_gmt":"2025-05-07T10:06:46","slug":"beltrame-stiletto-hirschhorn-bajonett-schiessmesser","status":"publish","type":"product","link":"https:\/\/www.moskito.cz\/de\/produkt\/beltrame-stiletto-hirschhorn-bajonett-schiessmesser\/","title":{"rendered":"Beltrame Stiletto Hirschhorn-Bajonett 23 cm Klappmesser"},"content":{"rendered":"<div class=\"flex-1 overflow-hidden @container\/thread\">\n<div class=\"h-full\">\n<div class=\"react-scroll-to-bottom--css-quzxw-79elbk h-full\">\n<div class=\"react-scroll-to-bottom--css-quzxw-1n7m0yu\">\n<div class=\"flex flex-col text-sm md:pb-9\">\n<article class=\"w-full scroll-mb-[var(--thread-trailing-height,150px)] text-token-text-primary focus-visible:outline-2 focus-visible:outline-offset-[-4px]\" dir=\"auto\" data-testid=\"conversation-turn-53\" data-scroll-anchor=\"true\">\n<div class=\"m-auto text-base py-[18px] px-3 md:px-4 w-full md:px-5 lg:px-4 xl:px-5\">\n<div class=\"mx-auto flex flex-1 gap-4 text-base md:gap-5 lg:gap-6 md:max-w-3xl\">\n<div class=\"group\/conversation-turn relative flex w-full min-w-0 flex-col agent-turn\">\n<div class=\"flex-col gap-1 md:gap-3\">\n<div class=\"flex max-w-full flex-col flex-grow\">\n<div class=\"min-h-8 text-message flex w-full flex-col items-end gap-2 whitespace-normal break-words text-start [.text-message+&amp;]:mt-5\" dir=\"auto\" data-message-author-role=\"assistant\" data-message-id=\"7ad10b18-7fff-4e25-8f39-a6de18e1e608\" data-message-model-slug=\"gpt-4o-mini\">\n<div class=\"flex w-full flex-col gap-1 empty:hidden first:pt-[3px]\">\n<div class=\"markdown prose w-full break-words dark:prose-invert light\">\n<h3 data-pm-slice=\"1 1 []\">\u2694\ufe0f <strong>Beltrame Stiletto Hirschhorn Bajonettmesser 23 cm \u2013 Klassisch mit nat\u00fcrlichem Design<\/strong><\/h3>\n<p><strong>Das 23 cm lange Klappmesser Beltrame Stiletto Stag Horn Bayonet<\/strong> ist <strong>ein traditionelles italienisches Stilett<\/strong> , das <strong>Eleganz, Qualit\u00e4t und Funktionalit\u00e4t<\/strong> vereint. Der Griff aus echtem <strong>Hirschgeweih<\/strong> verleiht dem Messer ein einzigartiges nat\u00fcrliches Aussehen, w\u00e4hrend die <strong>Bajonettklinge<\/strong> f\u00fcr <strong>pr\u00e4zises Schneiden und lange Lebensdauer<\/strong> sorgt. Dieses Modell ist ideal f\u00fcr Sammler, aber auch f\u00fcr den allt\u00e4glichen Gebrauch.  <\/p>\n<div>\n<hr>\n<\/div>\n<h3>\u2728 <strong>Hauptmerkmale<\/strong><\/h3>\n<p>\ud83d\udd2a <strong>Klinge<\/strong> : <strong>440A Edelstahl<\/strong> \u2013 hohe Korrosionsbest\u00e4ndigkeit und einfaches Sch\u00e4rfen.<br \/>\n\ud83d\udccf <strong>Klingenl\u00e4nge<\/strong> : <strong>10 cm<\/strong> \u2013 ideal f\u00fcr den Alltag.<br \/>\n\ud83d\udcd0 <strong>Gesamtl\u00e4nge<\/strong> : <strong>23 cm<\/strong> \u2013 kompakt, aber effektiv genug.<br \/>\n\u2696\ufe0f <strong>Gewicht<\/strong> : <strong>ca. 150 g<\/strong> \u2013 leichtes, handliches Messer.<br \/>\n\ud83d\udd04 <strong>Mechanismus<\/strong> : <strong>Pop-up mit Sicherheitsverschluss<\/strong> \u2013 sofortiges \u00d6ffnen mit einem Druck.<br \/>\n\ud83d\udd17 <strong>Sicherheit<\/strong> : <strong>Hintere Sicherung<\/strong> \u2013 sichere Klingenverriegelung.<br \/>\n\ud83c\udf3f <strong>Griff<\/strong> : <strong>Hirschhorn<\/strong> \u2013 authentisches Naturmaterial, jedes St\u00fcck ist ein Original.<\/p>\n<div>\n<hr>\n<\/div>\n<h3>\ud83d\udccc <strong>Verwendung<\/strong><\/h3>\n<p>\u2705 <strong>Sammlerst\u00fcck<\/strong> \u2013 traditionelles italienisches Design und exklusive Materialien.<br \/>\n\u2705 <strong>Elegantes Taschenmesser<\/strong> \u2013 geeignet zum t\u00e4glichen Tragen.<br \/>\n\u2705 <strong>Stilvolles Geschenk<\/strong> \u2013 wird jeden Messer- und Klassikliebhaber erfreuen.<\/p>\n<div>\n<hr>\n<\/div>\n<h3>\ud83d\udd27 <strong>Wartung und Schleifen<\/strong><\/h3>\n<p>\ud83e\uddfc <strong>Reinigung<\/strong> : Wischen Sie die Klinge nach dem Gebrauch ab und tragen Sie regelm\u00e4\u00dfig \u00d6l auf die Mechanismusverbindung auf.<br \/>\n\ud83e\ude92 <strong>Sch\u00e4rfen<\/strong> : Verwenden Sie hochwertige Diamant- oder Keramiksch\u00e4rfer.<br \/>\n\ud83c\udf21\ufe0f <strong>Lagerung<\/strong> : Trocken lagern, Hirschgeweih kann empfindlich auf extreme Feuchtigkeit reagieren.<\/p>\n<div>\n<hr>\n<\/div>\n<h3>\u2705 <strong>Vorteile<\/strong><\/h3>\n<p>\u2714\ufe0f <strong>Griff aus echtem Hirschgeweih<\/strong> \u2013 einzigartige Optik und nat\u00fcrliche \u00c4sthetik.<br \/>\n\u2714\ufe0f <strong>Schneller Ausl\u00f6semechanismus<\/strong> \u2013 sofortige Reaktion mit einer Taste.<br \/>\n\u2714\ufe0f <strong>Kompakte Gr\u00f6\u00dfe<\/strong> \u2013 bequem zu tragen und zu handhaben.<br \/>\n\u2714\ufe0f <strong>Traditionelle Bajonettklinge<\/strong> \u2013 pr\u00e4zise Schneide mit elegantem Design.<\/p>\n<div>\n<hr>\n<\/div>\n<h3>\u274c <strong>Nachteile<\/strong><\/h3>\n<p>\u2757 <strong>H\u00f6herer Preis<\/strong> \u2013 entspricht hochwertigen Materialien und handgefertigter Verarbeitung.<br \/>\n\u2757 <strong>Hirschgeweih erfordert Pflege<\/strong> \u2013 es kann empfindlich auf extreme Bedingungen reagieren.<br \/>\n\u2757 <strong>Nicht f\u00fcr schwere Arbeiten geeignet<\/strong> \u2013 eher ein stilvolles Sammlermodell als ein Arbeitsger\u00e4t.<\/p>\n<div>\n<hr>\n<\/div>\n<h3>\ud83d\udd1a <strong>Fazit<\/strong><\/h3>\n<p><strong>Das Beltrame Stiletto Stag Horn Bajonett 23 cm<\/strong> ist <strong>ein klassisches italienisches Messer<\/strong> , das nicht nur Sammler ansprechen wird, sondern auch alle, die <strong>ein stilvolles, hochwertiges und zuverl\u00e4ssiges Klappmesser<\/strong> suchen. <strong>Wenn Sie Ihrer Sammlung ein St\u00fcck traditioneller Eleganz hinzuf\u00fcgen m\u00f6chten, ist dieses Modell die ideale Wahl.<\/strong><\/p>\n<p>\ud83d\udce2 <strong>Bestellen Sie jetzt und erweitern Sie Ihre Sammlung um einen authentischen italienischen Stiletto!<\/strong> \ud83d\uded2<\/p>\n<\/div>\n<\/div>\n<\/div>\n<\/div>\n<div class=\"pr-2 lg:pr-0\"><\/div>\n<\/div>\n<\/div>\n<\/div>\n<\/div>\n<\/article>\n<\/div>\n<\/div>\n<\/div>\n<\/div>\n<\/div>\n<div class=\"md:pt-0 dark:border-white\/20 md:border-transparent md:dark:border-transparent w-full\">\n<div>\n<div class=\"m-auto text-base px-3 md:px-4 w-full md:px-5 lg:px-4 xl:px-5\">\n<div class=\"mx-auto flex flex-1 gap-4 text-base md:gap-5 lg:gap-6 md:max-w-3xl\">\n<div class=\"flex justify-center\"><\/div>\n<\/div>\n<\/div>\n<\/div>\n<\/div>\n","protected":false},"excerpt":{"rendered":"<p><strong>Das Beltrame Stiletto Stag Horn Bajonett 23 cm ist ein klassisches italienisches Messer, das nicht nur Sammler ansprechen wird, sondern auch alle, die ein stilvolles, hochwertiges und zuverl\u00e4ssiges Klappmesser suchen. Wenn Sie Ihrer Sammlung ein St\u00fcck traditioneller Eleganz hinzuf\u00fcgen m\u00f6chten, ist dieses Modell die ideale Wahl. <\/strong><\/p>\n","protected":false},"featured_media":322102,"comment_status":"open","ping_status":"closed","template":"","meta":[],"pwb-brand":[3533],"product_brand":[],"product_cat":[3285,3343],"product_tag":[3669],"class_list":{"0":"post-322099","1":"product","2":"type-product","3":"status-publish","4":"has-post-thumbnail","6":"pwb-brand-beltrame-de","7":"product_cat-messer","8":"product_cat-schiesmesser","9":"product_tag-b2b-de","11":"first","12":"outofstock","13":"taxable","14":"shipping-taxable","15":"purchasable","16":"product-type-simple"},"brands":[{"id":3533,"name":"Beltrame","slug":"beltrame-de"}],"_links":{"self":[{"href":"https:\/\/www.moskito.cz\/de\/wp-json\/wp\/v2\/product\/322099","targetHints":{"allow":["GET"]}}],"collection":[{"href":"https:\/\/www.moskito.cz\/de\/wp-json\/wp\/v2\/product"}],"about":[{"href":"https:\/\/www.moskito.cz\/de\/wp-json\/wp\/v2\/types\/product"}],"replies":[{"embeddable":true,"href":"https:\/\/www.moskito.cz\/de\/wp-json\/wp\/v2\/comments?post=322099"}],"wp:featuredmedia":[{"embeddable":true,"href":"https:\/\/www.moskito.cz\/de\/wp-json\/wp\/v2\/media\/322102"}],"wp:attachment":[{"href":"https:\/\/www.moskito.cz\/de\/wp-json\/wp\/v2\/media?parent=322099"}],"wp:term":[{"taxonomy":"pwb-brand","embeddable":true,"href":"https:\/\/www.moskito.cz\/de\/wp-json\/wp\/v2\/pwb-brand?post=322099"},{"taxonomy":"product_brand","embeddable":true,"href":"https:\/\/www.moskito.cz\/de\/wp-json\/wp\/v2\/product_brand?post=322099"},{"taxonomy":"product_cat","embeddable":true,"href":"https:\/\/www.moskito.cz\/de\/wp-json\/wp\/v2\/product_cat?post=322099"},{"taxonomy":"product_tag","embeddable":true,"href":"https:\/\/www.moskito.cz\/de\/wp-json\/wp\/v2\/product_tag?post=322099"}],"curies":[{"name":"wp","href":"https:\/\/api.w.org\/{rel}","templated":true}]}}