{"id":322101,"date":"2023-09-27T20:58:58","date_gmt":"2024-03-20T10:27:42","guid":{"rendered":"https:\/\/www.moskito.cz\/produkt\/beltrame-stiletto-plastic-kris-schiessmesser\/"},"modified":"2025-06-25T16:02:48","modified_gmt":"2025-06-25T15:02:48","slug":"beltrame-stiletto-plastic-kris-schiessmesser","status":"publish","type":"product","link":"https:\/\/www.moskito.cz\/de\/produkt\/beltrame-stiletto-plastic-kris-schiessmesser\/","title":{"rendered":"Beltrame Stiletto Plastic Kris Schie\u00dfmesser"},"content":{"rendered":"<p><strong>Beltrame<\/strong> Stiletto Plastic Kris Schie\u00dfmesser<\/p>\n<p>Frank Beltrame Kris Black 28 cm, traditionelles italienisches Federmesser. Frank Beltrame Stiletto-Messer, handgefertigt nach den Prinzipien italienischer Handwerkskunst, sind f\u00fcr ihre extreme Leichtigkeit und Haltbarkeit weltber\u00fchmt. Aufgrund seiner Eigenschaften eignet sich der italienische Dolch f\u00fcr den Einsatz in jeder Umgebung, von der Jagd bis zum Camping. Robuste, langlebige Konstruktion, starke Klingen\u00f6ffnungsfeder, das ist das Merkmal der klassischen italienischen Frank Beltrame-Federmesser.<\/p>\n<p>Griff \u2013 mit harten Polymergriffen in Schwarz \u00fcberzogen. Mit einer polierten Nickeloberfl\u00e4che bietet es einen bequemen und sicheren Halt. Die Bediensicherheit wird durch die ergonomische Form des Griffs erh\u00f6ht, die ein Abrutschen der Hand beim Arbeiten verhindert. Messingnieten.<\/p>\n<p>Kris oder Keris ist ein indonesischer asymmetrischer Dolch, der sowohl eine Waffe als auch ein spirituelles Objekt ist und \u00fcber ein charakteristisches Klingenmuster verf\u00fcgt, das durch abwechselnde Laminierung von Eisen und vernickeltem Eisen entsteht. Das auf Java beheimatete Kris ist f\u00fcr seine charakteristische gewellte Klinge bekannt, obwohl viele auch gerade Klingen haben, und ist eine der Waffen, die h\u00e4ufig in der indonesischen Kampfkunst Pencak Silat verwendet werden.<\/p>\n<p>Klinge \u2013 extrem scharf mit Kris-Profil, 3,5 mm dick mit falscher Klinge f\u00fcr erh\u00f6hte Durchdringungseigenschaften. Hergestellt aus leicht zu schleifendem Edelstahl AISI 420 MA5M, der sich durch hohe Korrosionsbest\u00e4ndigkeit auszeichnet. Geh\u00e4rteter Stahl 56 HRC. Ein g\u00e4ngiger Klingentyp, abgeleitet vom Flachschliff f\u00fcr gute Schneid- und Durchdringungseigenschaften. Die Stele sch\u00fctzt die Hand vor versehentlichem Abrutschen und die Klinge l\u00e4sst sich durch Dr\u00fccken einklappen.<\/p>\n<p>Verriegelung \u2013 sch\u00fctzt vor versehentlichem Einklappen oder \u00d6ffnen der Klinge. Das \u00d6ffnen des automatischen Messers erfolgt \u00fcber einen festen Knopf am Griff.<\/p>\n<p>Feder \u2013 besonderes Augenmerk wird auf die Gestaltung der Federn (Edelstahl) gelegt: Das \u00d6ffnen der Klinge muss innerhalb weniger Hundertstelsekunden erfolgen (Merkmal von Stiletto-Messern). Folder Beltrame macht beim \u00d6ffnen der Klinge ein charakteristisches Ger\u00e4usch (Klick), das es von anderen Federmessern unterscheidet.<\/p>\n<p>Spezifikationen:<br \/>\nProduktnummer: FB 23\/37K<br \/>\nProduktname: Frank Beltrame Kris Black 23cm.<\/p>\n<p>Gesamtl\u00e4nge: 28 mm \/ 9,06 Zoll<br \/>\nKlingenl\u00e4nge: 12 cm.<br \/>\nKlingenst\u00e4rke: 0,35 cm \/ 0,14 Zoll<br \/>\nGewicht: 108,0 g \/ 3,81 Unzen<\/p>\n<p>Klingenmaterial: AISI 420 MA5M<br \/>\nKlingenh\u00e4rte: 56 HRC<br \/>\nKlingenschliff: flach<\/p>\n<p>Griffmaterial: Schwarzes Polymer<br \/>\nGrifffarbe: Schwarz<br \/>\nMaterial des Backspacers: Edelstahl<\/p>\n","protected":false},"excerpt":{"rendered":"<p><strong>Beltrame-Messer werden seit 1953 in Italien hergestellt. Das Unternehmen wurde von Frank Beltram gegr\u00fcndet. Das Geheimnis der Herstellung dieser Stiletto-Messer ist Teil der Geschichte von Maniago, die vom Vater an den Sohn weitergegeben wurde.<\/strong><br \/>\n<strong>Hergestellt in Italien.<\/strong><\/p>\n","protected":false},"featured_media":322103,"comment_status":"open","ping_status":"closed","template":"","meta":[],"pwb-brand":[3533],"product_brand":[],"product_cat":[3343,3285],"product_tag":[3669],"class_list":{"0":"post-322101","1":"product","2":"type-product","3":"status-publish","4":"has-post-thumbnail","6":"pwb-brand-beltrame-de","7":"product_cat-schiesmesser","8":"product_cat-messer","9":"product_tag-b2b-de","11":"first","12":"outofstock","13":"taxable","14":"shipping-taxable","15":"purchasable","16":"product-type-simple"},"brands":[{"id":3533,"name":"Beltrame","slug":"beltrame-de"}],"_links":{"self":[{"href":"https:\/\/www.moskito.cz\/de\/wp-json\/wp\/v2\/product\/322101","targetHints":{"allow":["GET"]}}],"collection":[{"href":"https:\/\/www.moskito.cz\/de\/wp-json\/wp\/v2\/product"}],"about":[{"href":"https:\/\/www.moskito.cz\/de\/wp-json\/wp\/v2\/types\/product"}],"replies":[{"embeddable":true,"href":"https:\/\/www.moskito.cz\/de\/wp-json\/wp\/v2\/comments?post=322101"}],"wp:featuredmedia":[{"embeddable":true,"href":"https:\/\/www.moskito.cz\/de\/wp-json\/wp\/v2\/media\/322103"}],"wp:attachment":[{"href":"https:\/\/www.moskito.cz\/de\/wp-json\/wp\/v2\/media?parent=322101"}],"wp:term":[{"taxonomy":"pwb-brand","embeddable":true,"href":"https:\/\/www.moskito.cz\/de\/wp-json\/wp\/v2\/pwb-brand?post=322101"},{"taxonomy":"product_brand","embeddable":true,"href":"https:\/\/www.moskito.cz\/de\/wp-json\/wp\/v2\/product_brand?post=322101"},{"taxonomy":"product_cat","embeddable":true,"href":"https:\/\/www.moskito.cz\/de\/wp-json\/wp\/v2\/product_cat?post=322101"},{"taxonomy":"product_tag","embeddable":true,"href":"https:\/\/www.moskito.cz\/de\/wp-json\/wp\/v2\/product_tag?post=322101"}],"curies":[{"name":"wp","href":"https:\/\/api.w.org\/{rel}","templated":true}]}}