{"id":322146,"date":"2020-12-08T21:17:07","date_gmt":"2024-03-20T10:30:57","guid":{"rendered":"https:\/\/www.moskito.cz\/produkt\/beltrame-stiletto-schiessmesser-aus-kunststoff\/"},"modified":"2025-10-25T05:20:21","modified_gmt":"2025-10-25T04:20:21","slug":"beltrame-stiletto-schiessmesser-aus-kunststoff","status":"publish","type":"product","link":"https:\/\/www.moskito.cz\/de\/produkt\/beltrame-stiletto-schiessmesser-aus-kunststoff\/","title":{"rendered":"Beltrame Stiletto Schie\u00dfmesser aus Kunststoff"},"content":{"rendered":"<p><strong>Beltrame<\/strong> Stiletto Schie\u00dfmesser aus Kunststoff.<\/p>\n<p>Klassisches italienisches Messer Stiletto Black Dagger 28 cm traditionelles italienisches Messer. Frank Beltrame Stiletto-Messer, vollst\u00e4ndig handgefertigt nach den Prinzipien italienischer Handwerkskunst, sind auf der ganzen Welt f\u00fcr ihre extreme Leichtigkeit und Haltbarkeit bekannt. Aufgrund seiner Eigenschaften eignet sich der italienische Dolch f\u00fcr den Einsatz in jeder Umgebung, von der Jagd bis zum Camping. Solide, langlebige Konstruktion, starke Klingen\u00f6ffnungsfeder ist das Markenzeichen der klassischen italienischen Frank Beltrame-Federg\u00fcrtel.<\/p>\n<p>Feder \u2013 Besonderes Augenmerk legt der Hersteller auf die Gestaltung der Feder (Edelstahl): Die Klinge muss innerhalb weniger Hundertstelsekunden ge\u00f6ffnet werden (Merkmal der Stiletto-Messer). Die Beltrame-Komponente erzeugt beim \u00d6ffnen der Klinge ein charakteristisches Ger\u00e4usch (Klick), das es von anderen Federmessern unterscheidet. Bei diesem Exemplar zieht der Kraftmoment beim \u00d6ffnen angenehm mit der Hand und zeigt die Kraft, die in den Beltrame-Federn schlummert.<\/p>\n<p>Sperre \u2013 verhindert versehentliches Einklappen oder \u00d6ffnen der Klinge. Das automatische Messer wird \u00fcber einen festen Knopf am Griff ge\u00f6ffnet.<\/p>\n<p>Klinge \u2013 extrem scharfe, pr\u00e4zise Klinge mit Dolchprofil, St\u00e4rke 3,5 mm, aus Edelstahl AISI 420 MA5M, leicht zu sch\u00e4rfen, gekennzeichnet durch hohe Korrosionsbest\u00e4ndigkeit. Geh\u00e4rteter Stahl 56 HRC. Ein \u00fcblicher, aus dem Flachschliff abgeleiteter Klingentyp bietet gute Schneid- und Durchdringungseigenschaften.<\/p>\n<p>Griff \u2013 mit schwarzer Hartpolymerbeschichtung \u00fcberzogen und mit poliertem Nickel veredelt, sorgt f\u00fcr einen bequemen und sicheren Halt. Der innere Teil des Griffs ist mit Messingeins\u00e4tzen versehen, die den \u00e4sthetischen Wert erh\u00f6hen. Die Bediensicherheit wird durch die ergonomische Form des Griffs erh\u00f6ht, die ein Abrutschen der Hand beim Arbeiten verhindert. Messingnieten.<\/p>\n<p>Spezifikationen:<br \/>\nProduktnummer: FB 28\/37<br \/>\nName: Klassischer italienischer Stiletto-Schwarzdolch 28<br \/>\nStahlsorte: AISI 420 MA5M<br \/>\nRockwell-Klingenh\u00e4rte: 56 HRC<br \/>\nKlingenl\u00e4nge: 12 cm \/ 4,72 Zoll<br \/>\nKlingenst\u00e4rke: 0,35 cm \/ 1,13 Zoll<br \/>\nGesamtl\u00e4nge: 28 cm \/ 11,02 Zoll<br \/>\nGewicht: 125 g<br \/>\nKlinge: Glatt<br \/>\nKlingentyp: Dolch (Dolch)<br \/>\nMessersperre: Ja<br \/>\nGrifftyp: Kunststoff<br \/>\nHersteller: F.LLI Beltrame, Italien<\/p>\n<p><strong>Beltrame-<\/strong> Messer werden seit 1953 in Italien hergestellt. Das Unternehmen wurde von Frank Beltram gegr\u00fcndet. Das Geheimnis der Herstellung dieser Stiletto-Messer ist Teil der Geschichte von Maniago, die vom Vater an den Sohn weitergegeben wurde. Als kleiner Junge half Frank in der Fabrik seines Vaters, wo er sp\u00e4ter als Lehrling seines Vaters zu arbeiten begann. Dar\u00fcber hinaus besuchte er eine Schule f\u00fcr traditionelles Besteck, wo er alles \u00fcber verschiedene Materialien, neueste Verarbeitungstechnologien und verschiedene Designstile lernte. Im Jahr 1958 begannen Frank und seine Familie mit der Herstellung automatischer Messer. Ein Jahr nachdem Franks Vater w\u00e4hrend seiner Arbeit in der Fabrik an einem Herzinfarkt starb, gr\u00fcndete Frank die Firma Beltrame. In den folgenden Jahren besch\u00e4ftigte er sich weiterhin mit Messern, geeigneten Materialien und Design. Schon nach kurzer Zeit kamen billige Nachahmungen aus Taiwan auf den Markt, traditionelle italienische Stiletto-Messer. Also musste sich Frank einem neuen Problem stellen. Gl\u00fccklicherweise spricht die Qualit\u00e4t dieser g\u00fcnstigen Messer f\u00fcr sich, jeder Sammler wei\u00df, dass es keine M\u00f6glichkeit gibt, sie mit einem echten Beltrame-Dolch zu vergleichen. Beltrame-Messer haben dank Franks Leidenschaft f\u00fcr diese Messer die Anerkennung der anspruchsvollsten Kunden der Welt gewonnen. Bei der Herstellung von Messern nutzt er seine langj\u00e4hrige Erfahrung, die er schon in jungen Jahren erworben hat. Im Jahr 2005 erhielten Beltrame-Messer das Maniago-Qualit\u00e4tszertifikat, mit dem sie die europ\u00e4ischen Qualit\u00e4tsstandards \u00fcbertrafen. Das bedeutet, dass diese Messer jedes Jahr auf ihre Materialqualit\u00e4t gepr\u00fcft werden.<\/p>\n<p>Zum Entriegeln der Klinge dient der drehbare Kropf aus Edelstahl oder Neusilber, ebenfalls aus Edelstahl AISI 420 rostfrei MA5M HRC 56. Das \u00d6ffnen erfolgt \u00fcber den Knopf in der Mitte des Griffs.<\/p>\n<p>Beschreibung<br \/>\nZum Entriegeln der Klinge dient der drehbare Kropf aus Edelstahl oder Neusilber, ebenfalls aus Edelstahl AISI 420 rostfrei MA5M HRC 56. Das \u00d6ffnen erfolgt \u00fcber den Knopf in der Mitte des Griffs.<br \/>\nDie Griffe k\u00f6nnen aus farbigem Kunststoff in den Farben Wei\u00df, Schwarz, Rot, Blau und Gr\u00fcn, dunklem Horn, blondem Horn und brasilianischem Horn, Palisander, Cocobolo, Olivenholz, Schlangenholz, Hirschhorn, Knochen, Abalone und Perlmutt gefertigt sein.<br \/>\nDie Liner bestehen aus Messing und die Feder besteht aus Edelstahl. Die Montage und Faltung erfolgt manuell durch <strong>Frank Beltrame<\/strong> , niemals durch eine Maschine.<br \/>\nDie Nieten an den Griffen sind aus Messing<br \/>\nDas Classic-Modell wird vollst\u00e4ndig von Hand mit Pr\u00e4zision und Genauigkeit zusammengebaut und verf\u00fcgt \u00fcber ein handgefertigtes Finish.<\/p>\n","protected":false},"excerpt":{"rendered":"<p><strong>Beltrame-<\/strong> Messer werden seit 1953 in Italien hergestellt. Das Unternehmen wurde von Frank Beltram gegr\u00fcndet. Das Geheimnis der Herstellung dieser Stiletto-Messer ist Teil der Geschichte von Maniago, die vom Vater an den Sohn weitergegeben wurde.<br \/>\n<strong>Hergestellt in Italien.<\/strong><\/p>\n","protected":false},"featured_media":256958,"comment_status":"open","ping_status":"closed","template":"","meta":[],"pwb-brand":[3533],"product_brand":[],"product_cat":[3285,3343],"product_tag":[3669],"class_list":{"0":"post-322146","1":"product","2":"type-product","3":"status-publish","4":"has-post-thumbnail","6":"pwb-brand-beltrame-de","7":"product_cat-messer","8":"product_cat-schiesmesser","9":"product_tag-b2b-de","11":"first","12":"outofstock","13":"taxable","14":"shipping-taxable","15":"purchasable","16":"product-type-simple"},"brands":[{"id":3533,"name":"Beltrame","slug":"beltrame-de"}],"_links":{"self":[{"href":"https:\/\/www.moskito.cz\/de\/wp-json\/wp\/v2\/product\/322146","targetHints":{"allow":["GET"]}}],"collection":[{"href":"https:\/\/www.moskito.cz\/de\/wp-json\/wp\/v2\/product"}],"about":[{"href":"https:\/\/www.moskito.cz\/de\/wp-json\/wp\/v2\/types\/product"}],"replies":[{"embeddable":true,"href":"https:\/\/www.moskito.cz\/de\/wp-json\/wp\/v2\/comments?post=322146"}],"wp:featuredmedia":[{"embeddable":true,"href":"https:\/\/www.moskito.cz\/de\/wp-json\/wp\/v2\/media\/256958"}],"wp:attachment":[{"href":"https:\/\/www.moskito.cz\/de\/wp-json\/wp\/v2\/media?parent=322146"}],"wp:term":[{"taxonomy":"pwb-brand","embeddable":true,"href":"https:\/\/www.moskito.cz\/de\/wp-json\/wp\/v2\/pwb-brand?post=322146"},{"taxonomy":"product_brand","embeddable":true,"href":"https:\/\/www.moskito.cz\/de\/wp-json\/wp\/v2\/product_brand?post=322146"},{"taxonomy":"product_cat","embeddable":true,"href":"https:\/\/www.moskito.cz\/de\/wp-json\/wp\/v2\/product_cat?post=322146"},{"taxonomy":"product_tag","embeddable":true,"href":"https:\/\/www.moskito.cz\/de\/wp-json\/wp\/v2\/product_tag?post=322146"}],"curies":[{"name":"wp","href":"https:\/\/api.w.org\/{rel}","templated":true}]}}