{"id":322244,"date":"2023-01-07T21:51:59","date_gmt":"2024-03-20T10:33:51","guid":{"rendered":"https:\/\/www.moskito.cz\/produkt\/andre-de-villiers-harpoon-f17-camo-frag-klappmesser\/"},"modified":"2025-05-07T11:06:57","modified_gmt":"2025-05-07T10:06:57","slug":"andre-de-villiers-harpoon-f17-camo-frag-klappmesser","status":"publish","type":"product","link":"https:\/\/www.moskito.cz\/de\/produkt\/andre-de-villiers-harpoon-f17-camo-frag-klappmesser\/","title":{"rendered":"Andre De Villiers HARPOON F17 CAMO FRAG Klappmesser"},"content":{"rendered":"<p><strong>Andre De Villiers<\/strong> HARPOON F17 CAMO FRAG Klappmesser<\/p>\n<p>Das Harpoon F17 ist ein taktisches Messer von Andre De Villiers, das m\u00f6glicherweise sein bisher raffiniertestes Design darstellt. Es weist Elemente des Vorg\u00e4ngermodells Butcher auf, aber die Hinzuf\u00fcgung einer zweiten Fingerrille und einer Daumenrampe in der Klinge tr\u00e4gt zu einer hervorragenden Ergonomie bei, \u00e4hnlich wie beim Hummer-Gegenst\u00fcck. Es ist geschmeidig, schnell, scharf und robust \u2013 wirklich alles, was Sie sich von einer taktischen Klinge w\u00fcnschen k\u00f6nnen, und eignet sich problemlos f\u00fcr EDC-, Jagd- oder \u00dcberlebensaufgaben. Der Harpoon F17 verf\u00fcgt \u00fcber eine Harpunenspeerklinge aus N690-Edelstahl mit schwarzem Stonewashed-Finish. Der Griff besteht aus Stone-Washed-Titan mit perfekt ausgef\u00fchrter Spannung an Daumenrampe und Backspacer.<\/p>\n<p>Das Titanschloss verf\u00fcgt \u00fcber einen integrierten Steck-\/Flip-Lock-Mechanismus, der f\u00fcr einen festen Verschluss sorgt und sich gleichzeitig sehr einfach l\u00f6sen l\u00e4sst. Die Bewegung, die auf einem K\u00e4fig-Gleitlager l\u00e4uft, ist, gelinde gesagt, sehr sanft. Die Schaltvorg\u00e4nge an den neu gestalteten Flossen und der Daumenrampe sind scharf und funktional, bei diesem erstaunlichen Design wurde nichts \u00fcbersehen. Der echte, doppelseitig gefr\u00e4ste Titan-Taschenclip des Harpoon wurde neu gestaltet, um einen besseren Halt in dicken Hosentaschen zu erm\u00f6glichen, und verf\u00fcgt \u00fcber ein rollendes Kugeldesign. Es sieht vielleicht nicht wie ein typisches Messer aus, aber wenn Sie es in die Hand nehmen, werden Sie von dem Design mit all den tollen Funktionen und der Tatsache, dass die Aktion den besten Flip-Designs der Branche ebenb\u00fcrtig ist, auf jeden Fall begeistert sein.<\/p>\n<p>Spezifikationen<br \/>\nKlingenl\u00e4nge: 10 cm<br \/>\nGesamtl\u00e4nge: 22 cm<br \/>\nKlingenmaterial: Edelstahl N690<br \/>\nKlingenstil: Harpune<br \/>\nKlingenschliff: Flach<br \/>\nKlingenfinish: Black Stonewash<br \/>\nGriffmaterial: Camo, gefr\u00e4stes Titan<br \/>\nVerriegelungsmechanismus: Rahmen<br \/>\nStiftbaugruppe: Lager<br \/>\nTaschenclip: Titan (klappbar\/abklappbar, rechts)<br \/>\nGewicht: 7,4 Unzen.<br \/>\nDesigner: Andre De Villiers<br \/>\nTitan-Backspacer<br \/>\nHergestellt in S\u00fcdafrika<\/p>\n","protected":false},"excerpt":{"rendered":"<p><strong>Andre de Villiers<\/strong> , Gr\u00fcnder von ADV Tactical aus S\u00fcdafrika, ist seit 1990 hauptberuflich Messermacher.<\/p>\n<p><strong>Dieses Messer ist eine Harpune, hol dir eine!<\/strong><\/p>\n","protected":false},"featured_media":322264,"comment_status":"open","ping_status":"closed","template":"","meta":[],"pwb-brand":[3826],"product_brand":[],"product_cat":[3285,3303],"product_tag":[3669],"class_list":{"0":"post-322244","1":"product","2":"type-product","3":"status-publish","4":"has-post-thumbnail","6":"pwb-brand-andre-de-villiers-de","7":"product_cat-messer","8":"product_cat-schliesmesser","9":"product_tag-b2b-de","11":"first","12":"instock","13":"taxable","14":"shipping-taxable","15":"purchasable","16":"product-type-simple"},"brands":[{"id":3826,"name":"Andre De Villiers","slug":"andre-de-villiers-de"}],"_links":{"self":[{"href":"https:\/\/www.moskito.cz\/de\/wp-json\/wp\/v2\/product\/322244","targetHints":{"allow":["GET"]}}],"collection":[{"href":"https:\/\/www.moskito.cz\/de\/wp-json\/wp\/v2\/product"}],"about":[{"href":"https:\/\/www.moskito.cz\/de\/wp-json\/wp\/v2\/types\/product"}],"replies":[{"embeddable":true,"href":"https:\/\/www.moskito.cz\/de\/wp-json\/wp\/v2\/comments?post=322244"}],"wp:featuredmedia":[{"embeddable":true,"href":"https:\/\/www.moskito.cz\/de\/wp-json\/wp\/v2\/media\/322264"}],"wp:attachment":[{"href":"https:\/\/www.moskito.cz\/de\/wp-json\/wp\/v2\/media?parent=322244"}],"wp:term":[{"taxonomy":"pwb-brand","embeddable":true,"href":"https:\/\/www.moskito.cz\/de\/wp-json\/wp\/v2\/pwb-brand?post=322244"},{"taxonomy":"product_brand","embeddable":true,"href":"https:\/\/www.moskito.cz\/de\/wp-json\/wp\/v2\/product_brand?post=322244"},{"taxonomy":"product_cat","embeddable":true,"href":"https:\/\/www.moskito.cz\/de\/wp-json\/wp\/v2\/product_cat?post=322244"},{"taxonomy":"product_tag","embeddable":true,"href":"https:\/\/www.moskito.cz\/de\/wp-json\/wp\/v2\/product_tag?post=322244"}],"curies":[{"name":"wp","href":"https:\/\/api.w.org\/{rel}","templated":true}]}}