{"id":322290,"date":"2023-06-11T21:12:01","date_gmt":"2024-03-20T10:33:54","guid":{"rendered":"https:\/\/www.moskito.cz\/produkt\/spyderco-assist-rescue-orange-c79psor-klappmesser\/"},"modified":"2024-03-20T11:33:54","modified_gmt":"2024-03-20T10:33:54","slug":"spyderco-assist-rescue-orange-c79psor-klappmesser","status":"publish","type":"product","link":"https:\/\/www.moskito.cz\/de\/produkt\/spyderco-assist-rescue-orange-c79psor-klappmesser\/","title":{"rendered":"Spyderco Assist Rescue Orange C79PSOR Klappmesser"},"content":{"rendered":"<p><strong>Spyderco<\/strong> Assist Rescue Orange C79PSOR Klappmesser<\/p>\n<p><strong>Spyderco<\/strong> benannte dieses Messer nach seiner Hauptarbeitsfunktion: Assist. Der Assist wurde f\u00fcr Notfall-\/Feuerwehr-\/Rettungsexperten (und gut ausger\u00fcstete Zivilisten) entwickelt, die sich darauf verlassen, dass ihre Messer unter Druck einwandfrei funktionieren. Trotz 25 Jahren Erfahrung in der Herstellung von Rettungsmessern bietet Spyderco weiterhin neue High-Tech-Funktionen und das Assist-Modell stellt das Neueste und Beste in dieser Messergattung dar.<\/p>\n<p>Die patentierte VG-10-Klinge mit stumpfer Spitze ist zu 80 Prozent mit SpyderEdged gezahnt und eignet sich zum aggressiven Schneiden von Sicherheitsgurten und faserigem Material. Wir haben den letzten Zentimeter der Spitze mit PlainEdge belassen, um Details zu schneiden (denken Sie an das Anspitzen eines Bleistifts). \u00dcber dem runden Loch platziert, platziert die Cobra Hood den Daumen direkt \u00fcber dem Loch, um die Klinge schnell zu entfalten, und dient dann als Hebelplattform f\u00fcr den Daumen. Ein Wellenmuster, das von der Oberseite der Klinge (erstellt von einem Feuerwehrmann aus Schweden) und entlang der Innenseite des Griffs geschnitten wurde, erm\u00f6glicht es, ein St\u00fcck Seil (zwischen die teilweise ge\u00f6ffnete Klinge und den Griff) zu legen und die Schere zu schlie\u00dfen \u2013 besonders praktisch Zum Schneiden von Seilen in und um Fleisch herum, ohne dass die Klingenmesser vollst\u00e4ndig ge\u00f6ffnet\/freigelegt werden m\u00fcssen. Der FRN Safety Orange Grip ist ein geformtes Wunderwerk aus bidirektionalen strukturierten Konturen und Ausbuchtungen, die sich ergonomisch um Ihre Handfl\u00e4che legen. Dr\u00fccken Sie die Klinge in der geschlossenen Position tiefer in den Griff und eine einziehbare, glasbrechende Hartmetallspitze ragt aus der Basis hervor. In kontrastierendem Schwarz befindet sich auf der R\u00fcckseite des Griffs eine schrille und aufmerksamkeitsstarke Survival-Pfeife. Links-\/rechtsh\u00e4ndiger Transfer, klappbare Spanndrahtschnalle.<\/p>\n<p>Spezifikationen<br \/>\nKlingenl\u00e4nge: 9,4 cm<br \/>\nSchnittkante: 8,1 cm<br \/>\nKlingenst\u00e4rke: 0,3 cm<br \/>\nGesamtl\u00e4nge: 21,3 cm<br \/>\nL\u00e4nge geschlossen: 12,4 cm<br \/>\nKlingenstahl: VG-10<br \/>\nGewicht: 4 Unzen. (115g)<br \/>\nGriffmaterial: orange FRN<br \/>\nHergestellt in Seki-City, Japan<\/p>\n","protected":false},"excerpt":{"rendered":"<p><strong>Spyderco benannte dieses Messer nach seiner Hauptarbeitsfunktion: Assist.<\/strong><\/p>\n","protected":false},"featured_media":322303,"comment_status":"open","ping_status":"closed","template":"","meta":[],"pwb-brand":[3427],"product_brand":[],"product_cat":[3303,3285],"product_tag":[3669],"class_list":{"0":"post-322290","1":"product","2":"type-product","3":"status-publish","4":"has-post-thumbnail","6":"pwb-brand-spyderco-de","7":"product_cat-schliesmesser","8":"product_cat-messer","9":"product_tag-b2b-de","11":"first","12":"outofstock","13":"taxable","14":"shipping-taxable","15":"purchasable","16":"product-type-simple"},"brands":[{"id":3427,"name":"Spyderco","slug":"spyderco-de"}],"_links":{"self":[{"href":"https:\/\/www.moskito.cz\/de\/wp-json\/wp\/v2\/product\/322290","targetHints":{"allow":["GET"]}}],"collection":[{"href":"https:\/\/www.moskito.cz\/de\/wp-json\/wp\/v2\/product"}],"about":[{"href":"https:\/\/www.moskito.cz\/de\/wp-json\/wp\/v2\/types\/product"}],"replies":[{"embeddable":true,"href":"https:\/\/www.moskito.cz\/de\/wp-json\/wp\/v2\/comments?post=322290"}],"wp:featuredmedia":[{"embeddable":true,"href":"https:\/\/www.moskito.cz\/de\/wp-json\/wp\/v2\/media\/322303"}],"wp:attachment":[{"href":"https:\/\/www.moskito.cz\/de\/wp-json\/wp\/v2\/media?parent=322290"}],"wp:term":[{"taxonomy":"pwb-brand","embeddable":true,"href":"https:\/\/www.moskito.cz\/de\/wp-json\/wp\/v2\/pwb-brand?post=322290"},{"taxonomy":"product_brand","embeddable":true,"href":"https:\/\/www.moskito.cz\/de\/wp-json\/wp\/v2\/product_brand?post=322290"},{"taxonomy":"product_cat","embeddable":true,"href":"https:\/\/www.moskito.cz\/de\/wp-json\/wp\/v2\/product_cat?post=322290"},{"taxonomy":"product_tag","embeddable":true,"href":"https:\/\/www.moskito.cz\/de\/wp-json\/wp\/v2\/product_tag?post=322290"}],"curies":[{"name":"wp","href":"https:\/\/api.w.org\/{rel}","templated":true}]}}