{"id":322298,"date":"2023-07-15T09:44:02","date_gmt":"2023-07-15T08:44:02","guid":{"rendered":"https:\/\/www.moskito.cz\/produkt\/andre-de-villiers-otf-schiessmesser-3\/"},"modified":"2025-05-07T11:07:01","modified_gmt":"2025-05-07T10:07:01","slug":"andre-de-villiers-otf-schiessmesser-3","status":"publish","type":"product","link":"https:\/\/www.moskito.cz\/de\/produkt\/andre-de-villiers-otf-schiessmesser-3\/","title":{"rendered":"Andre De Villiers OTF Schie\u00dfmesser"},"content":{"rendered":"<p>Andre De Villiers OTF Schie\u00dfmesser<\/p>\n<p>Andre\/ADV Tactical stellt die besten ma\u00dfgeschneiderten Messer der Welt her. Seine Messer sind nagelhart und komplett von Hand gefertigt.<\/p>\n<p>Eine wundersch\u00f6ne handgefertigte Frontautomatik mit doppelter Wirkung, die genau die richtige Gr\u00f6\u00dfe f\u00fcr den t\u00e4glichen Gebrauch hat.<\/p>\n<p>Das Messer verf\u00fcgt \u00fcber einen verbesserten geformten Griff mit einem strukturierten Schieber f\u00fcr einen positiveren Schuss. Die Messerfeder bleibt immer in der \u201eRuhe\u201c-Position, au\u00dfer beim Schie\u00dfen. Dadurch wird sichergestellt, dass die zusammengedr\u00fcckte Feder nicht erm\u00fcdet und der Benutzer sicherstellt, dass das Messer beim Abfeuern effektiv funktioniert. Die Farbe des Griffs ist gr\u00fcn.<\/p>\n<p>Die Klinge besteht aus D2-Stahl und hat die Form eines Dolches mit einer gezackten Kante auf der Oberseite, die sich besser zum Schneiden von Seilen, Pappe, Kleidung usw. eignet.<\/p>\n<p>und bleibt viel l\u00e4nger scharf als eine klassische Klinge. Die Farbe der Klinge ist schwarz.<\/p>\n<p>Das Messer verf\u00fcgt \u00fcber einen Stahlclip zum einfachen Tragen und ist mit einer Rolle versehen, damit der Clip die Tasche nicht zerrei\u00dft.<\/p>\n<p>Wirklich erstaunliche Handwerkskunst, ein Qualit\u00e4tsmesser mit ausgezeichnetem Design und pr\u00e4ziser Verarbeitung. Ein sehr gutes OTF-Messer zu einem erschwinglichen Preis.<\/p>\n<p>Spezifikationen:<\/p>\n<p>Klingenl\u00e4nge: 9 cm<br \/>\nGriffl\u00e4nge: 12,5 cm<br \/>\nGesamtl\u00e4nge: 21,5 cm<br \/>\nKlingenmaterial: Werkzeugstahl D2<br \/>\nKlingenschliff: Flach<br \/>\nKlingenoberfl\u00e4che: Schwarz<br \/>\nGriffmaterial: Eloxiertes Aluminium 6061-T6<\/p>\n<p>Designer: Andre De Villiers<\/p>\n","protected":false},"excerpt":{"rendered":"<p><strong>Andre\/ADV Tactical stellt die besten ma\u00dfgeschneiderten Messer der Welt her. Seine Messer sind nagelhart und komplett von Hand gefertigt. <\/strong><\/p>\n","protected":false},"featured_media":322311,"comment_status":"open","ping_status":"closed","template":"","meta":[],"pwb-brand":[3826],"product_brand":[],"product_cat":[3343,3285],"product_tag":[3669],"class_list":{"0":"post-322298","1":"product","2":"type-product","3":"status-publish","4":"has-post-thumbnail","6":"pwb-brand-andre-de-villiers-de","7":"product_cat-schiesmesser","8":"product_cat-messer","9":"product_tag-b2b-de","11":"first","12":"instock","13":"taxable","14":"shipping-taxable","15":"purchasable","16":"product-type-simple"},"brands":[{"id":3826,"name":"Andre De Villiers","slug":"andre-de-villiers-de"}],"_links":{"self":[{"href":"https:\/\/www.moskito.cz\/de\/wp-json\/wp\/v2\/product\/322298","targetHints":{"allow":["GET"]}}],"collection":[{"href":"https:\/\/www.moskito.cz\/de\/wp-json\/wp\/v2\/product"}],"about":[{"href":"https:\/\/www.moskito.cz\/de\/wp-json\/wp\/v2\/types\/product"}],"replies":[{"embeddable":true,"href":"https:\/\/www.moskito.cz\/de\/wp-json\/wp\/v2\/comments?post=322298"}],"wp:featuredmedia":[{"embeddable":true,"href":"https:\/\/www.moskito.cz\/de\/wp-json\/wp\/v2\/media\/322311"}],"wp:attachment":[{"href":"https:\/\/www.moskito.cz\/de\/wp-json\/wp\/v2\/media?parent=322298"}],"wp:term":[{"taxonomy":"pwb-brand","embeddable":true,"href":"https:\/\/www.moskito.cz\/de\/wp-json\/wp\/v2\/pwb-brand?post=322298"},{"taxonomy":"product_brand","embeddable":true,"href":"https:\/\/www.moskito.cz\/de\/wp-json\/wp\/v2\/product_brand?post=322298"},{"taxonomy":"product_cat","embeddable":true,"href":"https:\/\/www.moskito.cz\/de\/wp-json\/wp\/v2\/product_cat?post=322298"},{"taxonomy":"product_tag","embeddable":true,"href":"https:\/\/www.moskito.cz\/de\/wp-json\/wp\/v2\/product_tag?post=322298"}],"curies":[{"name":"wp","href":"https:\/\/api.w.org\/{rel}","templated":true}]}}