{"id":322302,"date":"2023-01-09T22:00:05","date_gmt":"2024-03-20T10:33:55","guid":{"rendered":"https:\/\/www.moskito.cz\/produkt\/feststehendes-messer-andre-de-villiers-knives-kudu-hunter-aus-10-kydexscheide\/"},"modified":"2025-05-07T11:07:02","modified_gmt":"2025-05-07T10:07:02","slug":"feststehendes-messer-andre-de-villiers-knives-kudu-hunter-aus-10-kydexscheide","status":"publish","type":"product","link":"https:\/\/www.moskito.cz\/de\/produkt\/feststehendes-messer-andre-de-villiers-knives-kudu-hunter-aus-10-kydexscheide\/","title":{"rendered":"Feststehendes Messer Andre De Villiers Knives Kudu Hunter AUS-10 Kydexscheide"},"content":{"rendered":"<p>Feststehendes Messer <strong>Andre De Villiers<\/strong> Knives Kudu Hunter AUS-10 Kydexscheide.<\/p>\n<p>Das Kudu Hunter Fixed Blade ist eines von Andres neuesten Angeboten und bietet in diesem Mehrzweckdesign eine gro\u00dfartige Balance zwischen Form und Funktion. Die breite Drop-Point-Klinge erinnert an die feststehende Harpoon-Klinge, jedoch ohne die spezielle Zollrampe. Es hat viel Bauch zum Schneiden und eine sch\u00f6ne scharfe Spitze zum Durchstechen, mit der charakteristischen ADV-Blutrille. Der Griff ist bei mehreren Griffen \u00e4u\u00dferst komfortabel und so geformt, dass er bei l\u00e4ngerem Gebrauch nicht erm\u00fcdet. Das Kydex-Holster verf\u00fcgt \u00fcber eine Kydex-G\u00fcrtelschlaufe, die einen einfachen \u00dcbergang zwischen normaler G\u00fcrteltrageweise und Scout-Trageweise f\u00fcr Links- oder Rechtsh\u00e4nder erm\u00f6glicht. Es ist ein wirklich hervorragendes Design f\u00fcr alles von Andre und einer unserer Favoriten.<\/p>\n<p>Spezifikationen<br \/>\nKlingenl\u00e4nge: 11,25<br \/>\nGesamtl\u00e4nge: 22,5 cm<br \/>\nKlingenmaterial: Edelstahl AUS-10<br \/>\nKlingenst\u00e4rke: 0,475 cm<br \/>\nKlingenstil: Drop Point<br \/>\nKlingenschliff: Flach<br \/>\nOberfl\u00e4chenbehandlung der Klinge: satiniert<br \/>\nGriffmaterial: schwarzes G10<br \/>\nGriffst\u00e4rke: 1,675 cm<br \/>\nMantelmaterial: Kydex<br \/>\nGewicht: 7,2 Unzen.<br \/>\nGewicht mit Koffer: 9,5 Unzen.<br \/>\nDesigner: Andre De Villiers<br \/>\nHergestellt in S\u00fcdafrika<\/p>\n","protected":false},"excerpt":{"rendered":"<p>F\u00fcgen Sie dieses unglaubliche Messer Ihrer Sammlung hinzu.<\/p>\n","protected":false},"featured_media":322314,"comment_status":"open","ping_status":"closed","template":"","meta":[],"pwb-brand":[3826],"product_brand":[],"product_cat":[3285,3287],"product_tag":[3669],"class_list":{"0":"post-322302","1":"product","2":"type-product","3":"status-publish","4":"has-post-thumbnail","6":"pwb-brand-andre-de-villiers-de","7":"product_cat-messer","8":"product_cat-solide-messer","9":"product_tag-b2b-de","11":"first","12":"instock","13":"taxable","14":"shipping-taxable","15":"purchasable","16":"product-type-simple"},"brands":[{"id":3826,"name":"Andre De Villiers","slug":"andre-de-villiers-de"}],"_links":{"self":[{"href":"https:\/\/www.moskito.cz\/de\/wp-json\/wp\/v2\/product\/322302","targetHints":{"allow":["GET"]}}],"collection":[{"href":"https:\/\/www.moskito.cz\/de\/wp-json\/wp\/v2\/product"}],"about":[{"href":"https:\/\/www.moskito.cz\/de\/wp-json\/wp\/v2\/types\/product"}],"replies":[{"embeddable":true,"href":"https:\/\/www.moskito.cz\/de\/wp-json\/wp\/v2\/comments?post=322302"}],"wp:featuredmedia":[{"embeddable":true,"href":"https:\/\/www.moskito.cz\/de\/wp-json\/wp\/v2\/media\/322314"}],"wp:attachment":[{"href":"https:\/\/www.moskito.cz\/de\/wp-json\/wp\/v2\/media?parent=322302"}],"wp:term":[{"taxonomy":"pwb-brand","embeddable":true,"href":"https:\/\/www.moskito.cz\/de\/wp-json\/wp\/v2\/pwb-brand?post=322302"},{"taxonomy":"product_brand","embeddable":true,"href":"https:\/\/www.moskito.cz\/de\/wp-json\/wp\/v2\/product_brand?post=322302"},{"taxonomy":"product_cat","embeddable":true,"href":"https:\/\/www.moskito.cz\/de\/wp-json\/wp\/v2\/product_cat?post=322302"},{"taxonomy":"product_tag","embeddable":true,"href":"https:\/\/www.moskito.cz\/de\/wp-json\/wp\/v2\/product_tag?post=322302"}],"curies":[{"name":"wp","href":"https:\/\/api.w.org\/{rel}","templated":true}]}}