{"id":322305,"date":"2023-04-05T20:29:19","date_gmt":"2023-04-05T19:29:19","guid":{"rendered":"https:\/\/www.moskito.cz\/produkt\/andre-de-villiers-scavenger-klappmesser-mit-titangriff-4\/"},"modified":"2025-05-07T11:07:02","modified_gmt":"2025-05-07T10:07:02","slug":"andre-de-villiers-scavenger-klappmesser-mit-titangriff-4","status":"publish","type":"product","link":"https:\/\/www.moskito.cz\/de\/produkt\/andre-de-villiers-scavenger-klappmesser-mit-titangriff-4\/","title":{"rendered":"Andre De Villiers Scavenger Klappmesser mit Titangriff"},"content":{"rendered":"<p><strong>Andre De Villiers Scavenger<\/strong> Klappmesser mit Titangriff<\/p>\n<p>Was Klappmesser angeht, gibt es nicht viel zu vergleichen mit der Scavenger-Integralflosse von Andre De Villiers und Rike Knives. Es ist aus mehreren Gr\u00fcnden wirklich anders als alles, was wir bisher getragen haben, und jeder davon hat mit seinem einsch\u00fcchternden Aussehen zu tun. Wir haben noch nie ein so aufwendig gestaltetes Gesamtdesign mit einem so perfekt umgesetzten einzigartigen Thema gesehen. Der R\u00fccken des Messers wurde so gestaltet, dass er die Skelettstruktur gestapelter Wirbel nachahmt, und dies \u00fcbertr\u00e4gt sich sogar auf den einzigartigen Taschenclip aus Knochen. Dieses Messer liegt unglaublich gut in der Hand, ist \u00e4u\u00dferst solide verarbeitet und l\u00e4sst sich kraftvoll \u00f6ffnen; Scavenger ist hier, um ein Zeichen zu setzen!<\/p>\n<p>Wenn man Messer wie dieses sieht, neigen sie im Allgemeinen dazu, Qualit\u00e4t zugunsten der \u00c4sthetik zu opfern, aber das ist beim Scavenger nicht zu 100 % der Fall. Dieses Messer ist ein echtes ADV-Ger\u00e4t, das einiges aush\u00e4lt und dabei gut aussieht. Als Andre nach einem Hersteller f\u00fcr dieses Design suchte, hatte er mehrere M\u00f6glichkeiten und entschied sich f\u00fcr Rike Knives, weil sie genau die Qualit\u00e4t liefern konnten, die er suchte. Andre wollte hier keine Standard-Herstellungskomponente, er wollte ein Messer, das qualitativ mit seinem Mid-Tech-Messer mithalten konnte, und es musste integral sein. Dieses Projekt hat lange auf sich warten lassen und wir glauben, dass Rike mit diesem Projekt einen Volltreffer gelandet hat. Es handelt sich um ein einzigartiges Design, das sich hervorragend als vielseitiges EDC- oder taktisches Messer eignet, auf das Sie sich im Leben zu 100 % verlassen k\u00f6nnen.<\/p>\n<p>Spezifikationen:<br \/>\nKlingenmaterial: M390<\/p>\n<p>Oberfl\u00e4chenbehandlung der Klinge: Satin<\/p>\n<p>Verriegelungsmechanismus: Rahmenschloss<\/p>\n<p>\u00d6ffnungsmechanismus: Fin<\/p>\n<p>Designer: Andr\u00e9 de Villiers<\/p>\n<p>Gewicht: 178 g<\/p>\n<p>Gesamtl\u00e4nge: 25 cm<\/p>\n<p>Klingenl\u00e4nge: 11 cm<\/p>\n<p>L\u00e4nge zusammengeklappt: 14 cm<\/p>\n<p>Klingenst\u00e4rke: 0,45 cm<\/p>\n<p>Herkunftsland: S\u00fcdafrika<\/p>\n","protected":false},"excerpt":{"rendered":"<p><strong>Das AdV Savage Messer hat eine glatte \u00d6ffnung mit einem Titan-Framelock.<\/strong><\/p>\n","protected":false},"featured_media":322327,"comment_status":"open","ping_status":"closed","template":"","meta":[],"pwb-brand":[3826],"product_brand":[],"product_cat":[3303,3285],"product_tag":[3669],"class_list":{"0":"post-322305","1":"product","2":"type-product","3":"status-publish","4":"has-post-thumbnail","6":"pwb-brand-andre-de-villiers-de","7":"product_cat-schliesmesser","8":"product_cat-messer","9":"product_tag-b2b-de","11":"first","12":"outofstock","13":"taxable","14":"shipping-taxable","15":"purchasable","16":"product-type-simple"},"brands":[{"id":3826,"name":"Andre De Villiers","slug":"andre-de-villiers-de"}],"_links":{"self":[{"href":"https:\/\/www.moskito.cz\/de\/wp-json\/wp\/v2\/product\/322305","targetHints":{"allow":["GET"]}}],"collection":[{"href":"https:\/\/www.moskito.cz\/de\/wp-json\/wp\/v2\/product"}],"about":[{"href":"https:\/\/www.moskito.cz\/de\/wp-json\/wp\/v2\/types\/product"}],"replies":[{"embeddable":true,"href":"https:\/\/www.moskito.cz\/de\/wp-json\/wp\/v2\/comments?post=322305"}],"wp:featuredmedia":[{"embeddable":true,"href":"https:\/\/www.moskito.cz\/de\/wp-json\/wp\/v2\/media\/322327"}],"wp:attachment":[{"href":"https:\/\/www.moskito.cz\/de\/wp-json\/wp\/v2\/media?parent=322305"}],"wp:term":[{"taxonomy":"pwb-brand","embeddable":true,"href":"https:\/\/www.moskito.cz\/de\/wp-json\/wp\/v2\/pwb-brand?post=322305"},{"taxonomy":"product_brand","embeddable":true,"href":"https:\/\/www.moskito.cz\/de\/wp-json\/wp\/v2\/product_brand?post=322305"},{"taxonomy":"product_cat","embeddable":true,"href":"https:\/\/www.moskito.cz\/de\/wp-json\/wp\/v2\/product_cat?post=322305"},{"taxonomy":"product_tag","embeddable":true,"href":"https:\/\/www.moskito.cz\/de\/wp-json\/wp\/v2\/product_tag?post=322305"}],"curies":[{"name":"wp","href":"https:\/\/api.w.org\/{rel}","templated":true}]}}