{"id":322461,"date":"2023-01-05T21:30:15","date_gmt":"2024-03-20T10:47:33","guid":{"rendered":"https:\/\/www.moskito.cz\/produkt\/andre-de-villiers-knives-battle-cleaver-rot-schwarz\/"},"modified":"2025-05-07T11:07:08","modified_gmt":"2025-05-07T10:07:08","slug":"andre-de-villiers-knives-battle-cleaver-rot-schwarz","status":"publish","type":"product","link":"https:\/\/www.moskito.cz\/de\/produkt\/andre-de-villiers-knives-battle-cleaver-rot-schwarz\/","title":{"rendered":"Andre De Villiers Knives BATTLE CLEAVER ROT\/SCHWARZ"},"content":{"rendered":"<p><strong>Andre De Villiers Knives<\/strong> BATTLE CLEAVER ROT\/SCHWARZ.<\/p>\n<p>Das Battle Cleaver ist die n\u00e4chste Weiterentwicklung des Mid-Tech-Butcher-Designs von Andre De Villiers, das im Laufe seines Bestehens viele Ver\u00e4nderungen erfahren hat. Zuerst war es nur ein Einzelst\u00fcck, dann wurde es zu einem Mid-Tech-Modell, dann war es ein Tac-Modell, bevor es zu dem wurde, was es heute ist: der Classic Butcher. Dieses Battle Cleaver ist dem klassischen Metzger in Bezug auf Gr\u00f6\u00dfe, Haptik, Gewicht usw. sehr \u00e4hnlich. alles au\u00dfer der Form der Klinge. Dieses Exemplar verf\u00fcgt \u00fcber ein 10 cm langes taktisches Hackmesser vom Typ CPM-S35VN mit einer Blutrille, einem Aufh\u00e4ngeloch, das normalerweise bei Hackmessern zu finden ist, und einer schwarzen zweifarbigen Cerakoted-Oberfl\u00e4che. Der Griff besteht aus schwarzem Cerakoted-Titan mit einem gro\u00dfen, auf jeder Seite eingefr\u00e4sten quadratischen Muster, das Ihren Fingern zus\u00e4tzlichen Halt bietet.<\/p>\n<p>Der Drehpunkt ist das, was dieses Messer und alle ADV-Klingen auszeichnet. Es verf\u00fcgt \u00fcber eine versenkte Torx-Schraube, die in den Stift passt und es Ihnen erm\u00f6glicht, den Stift festzuziehen und gleichzeitig die Zentrierung oder die allgemeine Laufruhe anzupassen. Diese Aktion ist gelinde gesagt sehr reibungslos. Die Riffelung an der Flossenlasche ist klar und funktionell; Bei diesem erstaunlichen Design wurde wirklich nichts \u00fcbersehen. Um das Schlie\u00dfen des Messers zu erleichtern, hat Andre eine gro\u00dfe Aussparung eingebaut und einen austauschbaren Verriegelungsstangeneinsatz eingebaut, der gleichzeitig als \u00dcberlaufsicherung dient. Der gefr\u00e4ste Titan-Taschenclip am Battle Cleaver sorgt f\u00fcr hervorragenden Halt in dicken Hosentaschen und verf\u00fcgt \u00fcber ein Rollball-Design f\u00fcr einfacheres Ziehen. Es ist vielleicht kein typisches Messer, aber wenn Sie es in die Hand nehmen, werden Sie es finden<\/p>\n<p>Spezifikationen<br \/>\nKlingenl\u00e4nge: 10 cm<br \/>\nGesamtl\u00e4nge: 23 cm<br \/>\nKlingenmaterial: S35VN-Edelstahl<br \/>\nKlingenst\u00e4rke: 0,44 cm<br \/>\nKlingenstil: Hackmesser<br \/>\nKlingenschliff: Flach<br \/>\nKlingenoberfl\u00e4che: Black Cerakote Two-Tone<br \/>\nGriffmaterial: gefr\u00e4stes Titan<br \/>\nGriffst\u00e4rke: 1,35 cm<br \/>\nVerriegelungsmechanismus: Rahmen<br \/>\nStiftbaugruppe: Lager<br \/>\nTaschenclip: Titan (klappbar, rechter Verschlei\u00df)<br \/>\nGewicht: 9,1 Unzen.<br \/>\nDesigner: Andre De Villiers<br \/>\nHergestellt in S\u00fcdafrika<\/p>\n","protected":false},"excerpt":{"rendered":"<p><strong>Der Battle Cleaver<\/strong> ist die n\u00e4chste Weiterentwicklung des Mid-Tech-Designs Butcher von Andre De Villiers.<\/p>\n","protected":false},"featured_media":322462,"comment_status":"open","ping_status":"closed","template":"","meta":[],"pwb-brand":[3826],"product_brand":[],"product_cat":[3285,3303],"product_tag":[3669],"class_list":{"0":"post-322461","1":"product","2":"type-product","3":"status-publish","4":"has-post-thumbnail","6":"pwb-brand-andre-de-villiers-de","7":"product_cat-messer","8":"product_cat-schliesmesser","9":"product_tag-b2b-de","11":"first","12":"instock","13":"taxable","14":"shipping-taxable","15":"purchasable","16":"product-type-simple"},"brands":[{"id":3826,"name":"Andre De Villiers","slug":"andre-de-villiers-de"}],"_links":{"self":[{"href":"https:\/\/www.moskito.cz\/de\/wp-json\/wp\/v2\/product\/322461","targetHints":{"allow":["GET"]}}],"collection":[{"href":"https:\/\/www.moskito.cz\/de\/wp-json\/wp\/v2\/product"}],"about":[{"href":"https:\/\/www.moskito.cz\/de\/wp-json\/wp\/v2\/types\/product"}],"replies":[{"embeddable":true,"href":"https:\/\/www.moskito.cz\/de\/wp-json\/wp\/v2\/comments?post=322461"}],"wp:featuredmedia":[{"embeddable":true,"href":"https:\/\/www.moskito.cz\/de\/wp-json\/wp\/v2\/media\/322462"}],"wp:attachment":[{"href":"https:\/\/www.moskito.cz\/de\/wp-json\/wp\/v2\/media?parent=322461"}],"wp:term":[{"taxonomy":"pwb-brand","embeddable":true,"href":"https:\/\/www.moskito.cz\/de\/wp-json\/wp\/v2\/pwb-brand?post=322461"},{"taxonomy":"product_brand","embeddable":true,"href":"https:\/\/www.moskito.cz\/de\/wp-json\/wp\/v2\/product_brand?post=322461"},{"taxonomy":"product_cat","embeddable":true,"href":"https:\/\/www.moskito.cz\/de\/wp-json\/wp\/v2\/product_cat?post=322461"},{"taxonomy":"product_tag","embeddable":true,"href":"https:\/\/www.moskito.cz\/de\/wp-json\/wp\/v2\/product_tag?post=322461"}],"curies":[{"name":"wp","href":"https:\/\/api.w.org\/{rel}","templated":true}]}}