{"id":322490,"date":"2022-12-08T21:59:03","date_gmt":"2024-03-20T10:59:31","guid":{"rendered":"https:\/\/www.moskito.cz\/produkt\/andre-de-villiers-trailboss-2-s35vn-black-springfield-fde-titan-klappmesser\/"},"modified":"2025-05-07T11:07:10","modified_gmt":"2025-05-07T10:07:10","slug":"andre-de-villiers-trailboss-2-s35vn-black-springfield-fde-titan-klappmesser","status":"publish","type":"product","link":"https:\/\/www.moskito.cz\/de\/produkt\/andre-de-villiers-trailboss-2-s35vn-black-springfield-fde-titan-klappmesser\/","title":{"rendered":"Andre De Villiers Trailboss 2 S35VN Black Springfield FDE Titan Klappmesser"},"content":{"rendered":"<p><strong>Andre De Villiers<\/strong> Trailboss 2 S35VN Black Springfield FDE Titan Klappmesser.<\/p>\n<p>Der Trailboss war im Jahr 2016 die erste Faltmaschine von Andre De Villiers, die einen internen, in den austauschbaren Stahleinsatz integrierten Sperrstangen-Kreuzungsstopper verwendete. Es wurde auf der Grundlage des Butcher-Modells gebaut, mit dem Hauptunterschied, dass es \u00fcber eine vollst\u00e4ndig flachgeschliffene Klinge verf\u00fcgt, die f\u00fcr besseres Schneiden, Enth\u00e4uten und eine bessere Allround-Nutzleistung sorgt. Jetzt gibt es den Trailboss 2 mit einem leicht \u00fcberarbeiteten Griff, einer markanteren Klinge mit Speerspitze und einer M\u00f6glichkeit, zus\u00e4tzlich zur Flossen\u00f6se auch das Daumenloch zu \u00f6ffnen. Es f\u00fchlt sich besser an, sieht besser aus und ist wirklich eines der besten Messer, die ADV je geliefert hat. Ob im Busch, auf dem Schlachtfeld oder sogar am Strand, wenn Sie Andre sind, dieses Messer ist so gebaut, dass es fast alles bew\u00e4ltigen und \u00fcbertreffen kann.<\/p>\n<p>Spezifikationen<br \/>\nKlingenl\u00e4nge: 10 cm<br \/>\nGesamtl\u00e4nge: 23 cm<br \/>\nKlingenmaterial: CPM-S35VN Edelstahl<br \/>\nKlingenst\u00e4rke: 0,51 cm<br \/>\nKlingenstil: Speerspitze<br \/>\nKlingenschliff: V\u00f6llig flach<br \/>\nKlingenoberfl\u00e4chenbehandlung: braunes Cerakote<br \/>\nGriffmaterial: Acid Rain Titan<br \/>\nGriffst\u00e4rke: 1,4 cm<br \/>\nVerriegelungsmechanismus: Rahmenschloss<br \/>\nStiftbaugruppe: Lager<br \/>\nTaschenclip: Titan (nach oben klappbar, rechts\/links zu tragen und nach unten klappbar, rechts zu tragen)<br \/>\nGewicht: 7,70 Unzen.<br \/>\nDesigner: Andre De Villiers<br \/>\nTitan-Backspacer<br \/>\nHergestellt in S\u00fcdafrika<\/p>\n<p>&nbsp;<\/p>\n<p>&nbsp;<\/p>\n","protected":false},"excerpt":{"rendered":"<p><strong>Das Trailboss<\/strong> war das erste Klappmesser von Andre De Villiers.<\/p>\n","protected":false},"featured_media":322491,"comment_status":"open","ping_status":"closed","template":"","meta":[],"pwb-brand":[3826],"product_brand":[],"product_cat":[3285,3303],"product_tag":[3669],"class_list":{"0":"post-322490","1":"product","2":"type-product","3":"status-publish","4":"has-post-thumbnail","6":"pwb-brand-andre-de-villiers-de","7":"product_cat-messer","8":"product_cat-schliesmesser","9":"product_tag-b2b-de","11":"first","12":"instock","13":"taxable","14":"shipping-taxable","15":"purchasable","16":"product-type-simple"},"brands":[{"id":3826,"name":"Andre De Villiers","slug":"andre-de-villiers-de"}],"_links":{"self":[{"href":"https:\/\/www.moskito.cz\/de\/wp-json\/wp\/v2\/product\/322490","targetHints":{"allow":["GET"]}}],"collection":[{"href":"https:\/\/www.moskito.cz\/de\/wp-json\/wp\/v2\/product"}],"about":[{"href":"https:\/\/www.moskito.cz\/de\/wp-json\/wp\/v2\/types\/product"}],"replies":[{"embeddable":true,"href":"https:\/\/www.moskito.cz\/de\/wp-json\/wp\/v2\/comments?post=322490"}],"wp:featuredmedia":[{"embeddable":true,"href":"https:\/\/www.moskito.cz\/de\/wp-json\/wp\/v2\/media\/322491"}],"wp:attachment":[{"href":"https:\/\/www.moskito.cz\/de\/wp-json\/wp\/v2\/media?parent=322490"}],"wp:term":[{"taxonomy":"pwb-brand","embeddable":true,"href":"https:\/\/www.moskito.cz\/de\/wp-json\/wp\/v2\/pwb-brand?post=322490"},{"taxonomy":"product_brand","embeddable":true,"href":"https:\/\/www.moskito.cz\/de\/wp-json\/wp\/v2\/product_brand?post=322490"},{"taxonomy":"product_cat","embeddable":true,"href":"https:\/\/www.moskito.cz\/de\/wp-json\/wp\/v2\/product_cat?post=322490"},{"taxonomy":"product_tag","embeddable":true,"href":"https:\/\/www.moskito.cz\/de\/wp-json\/wp\/v2\/product_tag?post=322490"}],"curies":[{"name":"wp","href":"https:\/\/api.w.org\/{rel}","templated":true}]}}