{"id":322492,"date":"2023-01-05T22:31:16","date_gmt":"2024-03-20T11:00:25","guid":{"rendered":"https:\/\/www.moskito.cz\/produkt\/verschlussmesser-andre-de-villiers-bowie-copper-acid-rain-frag\/"},"modified":"2025-05-07T11:07:10","modified_gmt":"2025-05-07T10:07:10","slug":"verschlussmesser-andre-de-villiers-bowie-copper-acid-rain-frag","status":"publish","type":"product","link":"https:\/\/www.moskito.cz\/de\/produkt\/verschlussmesser-andre-de-villiers-bowie-copper-acid-rain-frag\/","title":{"rendered":"Verschlussmesser Andre De Villiers BOWIE COPPER ACID RAIN FRAG"},"content":{"rendered":"<p>Verschlussmesser <strong>Andre De Villiers<\/strong> BOWIE COPPER ACID RAIN FRAG.<\/p>\n<p>Bowie ist so bedrohlich, wie ein Klappmesser nur sein kann. Es hat nicht nur ein einsch\u00fcchterndes Aussehen, sondern auch eine Reihe von Funktionen, die es als taktisches und\/oder \u00dcberlebenswerkzeug gl\u00e4nzen lassen. Sobald Sie die Bowie-Klinge hinter sich gelassen haben, die dem Badlands seinen Namen gibt, verf\u00fcgen Sie \u00fcber einen Satz Doppelflossen, genau wie beim DF Pathfinder, was es zu einem echten Kampfmesser macht. Wie beim Emerson Wave \u00f6ffnet die Flosse am Klingenr\u00fccken das Messer automatisch, wenn es aus der Tasche gezogen wird, ist aber nicht daf\u00fcr konzipiert. Die Welle war urspr\u00fcnglich f\u00fcr den echten Messerkampf gedacht und sch\u00fctzte Ihren Handr\u00fccken, wenn die Klinge Ihres Gegners Ihrer Wirbels\u00e4ule folgt.<\/p>\n<p>Ein weiterer Punkt, der dieses Messer von anderen taktischen Designs unterscheidet, ist die Ergonomie. Zugegeben, viele ADV-Griffe sind \u00e4hnlich, aber dieser ist bei weitem der bequemste, den wir je gef\u00fchlt haben. Die Hinzuf\u00fcgung einer zweiten Fingerrille und einer leichten Kr\u00fcmmung der Gesamtform (beides nicht beim Original-Butcher zu finden) machen dieses Messer \u00e4u\u00dferst angenehm zu halten und zu verwenden. Es verf\u00fcgt \u00fcber einen Kugellagerstift, einen Rollkugel-Taschenclip, einen austauschbaren Verriegelungseinsatz\/Reised\u00e4mpfer und einen eingesetzten Torx-Schraubstift, ein charakteristisches Merkmal von Andres Arbeit. Paul Hogan w\u00fcrde zustimmen; \u201eDas ist ein Messer!\u201c<\/p>\n<p>Spezifikationen<br \/>\nGesamtl\u00e4nge: 23 cm<br \/>\nKlingenl\u00e4nge: 10 cm<br \/>\nKlingenst\u00e4rke: 0,5 cm<br \/>\nKlingenmaterial: CPM S35VN<br \/>\nGriffmaterial: Titan<br \/>\nGewicht: 8,62 Unzen.<br \/>\nBenutzer: Rechte Hand, linke Hand<br \/>\nTaschenclip: 3-fach umkehrbar<br \/>\nMessertyp: Manuell<br \/>\nOpener: Flipper, Nail Nick<br \/>\nSchlosstyp: Rahmenschloss<br \/>\nMarke: Andr\u00e9 de Villiers<br \/>\nBeste Verwendung: Alltagstragen, taktisch<\/p>\n<p>&nbsp;<\/p>\n","protected":false},"excerpt":{"rendered":"<p>Das <strong>AdV-<\/strong> Messer verf\u00fcgt \u00fcber eine glatte \u00d6ffnung mit einem Titan-Framelock.<\/p>\n","protected":false},"featured_media":322498,"comment_status":"open","ping_status":"closed","template":"","meta":[],"pwb-brand":[3826],"product_brand":[],"product_cat":[3285,3303],"product_tag":[3669],"class_list":{"0":"post-322492","1":"product","2":"type-product","3":"status-publish","4":"has-post-thumbnail","6":"pwb-brand-andre-de-villiers-de","7":"product_cat-messer","8":"product_cat-schliesmesser","9":"product_tag-b2b-de","11":"first","12":"instock","13":"taxable","14":"shipping-taxable","15":"purchasable","16":"product-type-simple"},"brands":[{"id":3826,"name":"Andre De Villiers","slug":"andre-de-villiers-de"}],"_links":{"self":[{"href":"https:\/\/www.moskito.cz\/de\/wp-json\/wp\/v2\/product\/322492","targetHints":{"allow":["GET"]}}],"collection":[{"href":"https:\/\/www.moskito.cz\/de\/wp-json\/wp\/v2\/product"}],"about":[{"href":"https:\/\/www.moskito.cz\/de\/wp-json\/wp\/v2\/types\/product"}],"replies":[{"embeddable":true,"href":"https:\/\/www.moskito.cz\/de\/wp-json\/wp\/v2\/comments?post=322492"}],"wp:featuredmedia":[{"embeddable":true,"href":"https:\/\/www.moskito.cz\/de\/wp-json\/wp\/v2\/media\/322498"}],"wp:attachment":[{"href":"https:\/\/www.moskito.cz\/de\/wp-json\/wp\/v2\/media?parent=322492"}],"wp:term":[{"taxonomy":"pwb-brand","embeddable":true,"href":"https:\/\/www.moskito.cz\/de\/wp-json\/wp\/v2\/pwb-brand?post=322492"},{"taxonomy":"product_brand","embeddable":true,"href":"https:\/\/www.moskito.cz\/de\/wp-json\/wp\/v2\/product_brand?post=322492"},{"taxonomy":"product_cat","embeddable":true,"href":"https:\/\/www.moskito.cz\/de\/wp-json\/wp\/v2\/product_cat?post=322492"},{"taxonomy":"product_tag","embeddable":true,"href":"https:\/\/www.moskito.cz\/de\/wp-json\/wp\/v2\/product_tag?post=322492"}],"curies":[{"name":"wp","href":"https:\/\/api.w.org\/{rel}","templated":true}]}}