{"id":322514,"date":"2023-01-04T21:01:16","date_gmt":"2024-03-20T11:00:43","guid":{"rendered":"https:\/\/www.moskito.cz\/produkt\/andre-de-villiers-tanto-s35vn-satin-tanto-blade-acid-rain-frag-gefraestes-titan-klappmesser\/"},"modified":"2025-05-07T11:07:12","modified_gmt":"2025-05-07T10:07:12","slug":"andre-de-villiers-tanto-s35vn-satin-tanto-blade-acid-rain-frag-gefraestes-titan-klappmesser","status":"publish","type":"product","link":"https:\/\/www.moskito.cz\/de\/produkt\/andre-de-villiers-tanto-s35vn-satin-tanto-blade-acid-rain-frag-gefraestes-titan-klappmesser\/","title":{"rendered":"Andre De Villiers Tanto S35VN Satin Tanto Blade Acid Rain Frag gefr\u00e4stes Titan-Klappmesser"},"content":{"rendered":"<p><strong>Andre De Villiers<\/strong> Tanto S35VN Satin Tanto Blade Acid Rain Frag gefr\u00e4stes Titan-Klappmesser.<\/p>\n<p>Beim Tanto handelt es sich nicht nur um eine \u00c4nderung der Klingenform gegen\u00fcber dem Butcher, sondern auch um ein anderes Griffdesign mit einer Rille f\u00fcr den zweiten Finger. Dieser Zusatz und die leichte Kr\u00fcmmung der Gesamtform (beides nicht beim Original-Butcher zu finden) sorgen daf\u00fcr, dass dieses Messer \u00e4u\u00dferst angenehm zu halten und zu verwenden ist. Es hat nicht nur ein einsch\u00fcchterndes Aussehen, sondern auch eine Reihe von Funktionen, die es als taktisches und\/oder \u00dcberlebenswerkzeug gl\u00e4nzen lassen. Die japanische Tanto-Form gibt Ihnen an der Spitze etwas Bauch zum Schneiden, w\u00e4hrend sich die flache Hauptkante hervorragend zum Hacken und Schlagen eignet. Es verf\u00fcgt \u00fcber einen kugelgelagerten Drehpunkt, einen Titan-Taschenclip an der rechten Rollkugel, einen austauschbaren Verriegelungseinsatz\/Fahrwegd\u00e4mpfer und einen eingesetzten Torx-Schraubstift, ein charakteristisches Merkmal von Andres Arbeit. Wir lieben diese Weiterentwicklung des Butcher-Designs.<\/p>\n<p>Spezifikationen<br \/>\nKlingenl\u00e4nge: 10 cm<br \/>\nGesamtl\u00e4nge: 22 cm<br \/>\nKlingenmaterial: CPM-S35VN Edelstahl<br \/>\nKlingenst\u00e4rke: 0,47<br \/>\nKlingenstil: Tanto<br \/>\nKlingenschliff: Flach<br \/>\nOberfl\u00e4chenbehandlung der Klinge: satiniert<br \/>\nGriffmaterial: Acid Rain Milled Titanium<br \/>\nGriffst\u00e4rke: 1,275 cm<br \/>\nVerriegelungsmechanismus: Rahmenschloss<br \/>\nStiftbaugruppe: Lager<br \/>\nTaschenclip: Titan (klappbar, rechts\/links tragbar)<br \/>\nGewicht: 7,4 Unzen.<br \/>\nDesigner: Andre De Villiers<br \/>\nTitan-Backspacer<br \/>\nHergestellt in S\u00fcdafrika<\/p>\n","protected":false},"excerpt":{"rendered":"<p>Ich bin <strong>Andre de Villiers<\/strong> , ADV Tactical. Seit 1990 hauptberuflich Messermacher. Alle Messer werden von SOB Mid-tech von Hand gefertigt. Meine Designs sind meine eigenen, f\u00fcr die Arbeit gebaut, super langlebig mit extremer Funktion und Zweck. Ich verwende die besten Materialien, die ich bekommen kann, Titan, D2, S35vn, N690 und mehr.<\/p>\n","protected":false},"featured_media":322518,"comment_status":"open","ping_status":"closed","template":"","meta":[],"pwb-brand":[3826],"product_brand":[],"product_cat":[3285,3303],"product_tag":[3669],"class_list":{"0":"post-322514","1":"product","2":"type-product","3":"status-publish","4":"has-post-thumbnail","6":"pwb-brand-andre-de-villiers-de","7":"product_cat-messer","8":"product_cat-schliesmesser","9":"product_tag-b2b-de","11":"first","12":"instock","13":"taxable","14":"shipping-taxable","15":"purchasable","16":"product-type-simple"},"brands":[{"id":3826,"name":"Andre De Villiers","slug":"andre-de-villiers-de"}],"_links":{"self":[{"href":"https:\/\/www.moskito.cz\/de\/wp-json\/wp\/v2\/product\/322514","targetHints":{"allow":["GET"]}}],"collection":[{"href":"https:\/\/www.moskito.cz\/de\/wp-json\/wp\/v2\/product"}],"about":[{"href":"https:\/\/www.moskito.cz\/de\/wp-json\/wp\/v2\/types\/product"}],"replies":[{"embeddable":true,"href":"https:\/\/www.moskito.cz\/de\/wp-json\/wp\/v2\/comments?post=322514"}],"wp:featuredmedia":[{"embeddable":true,"href":"https:\/\/www.moskito.cz\/de\/wp-json\/wp\/v2\/media\/322518"}],"wp:attachment":[{"href":"https:\/\/www.moskito.cz\/de\/wp-json\/wp\/v2\/media?parent=322514"}],"wp:term":[{"taxonomy":"pwb-brand","embeddable":true,"href":"https:\/\/www.moskito.cz\/de\/wp-json\/wp\/v2\/pwb-brand?post=322514"},{"taxonomy":"product_brand","embeddable":true,"href":"https:\/\/www.moskito.cz\/de\/wp-json\/wp\/v2\/product_brand?post=322514"},{"taxonomy":"product_cat","embeddable":true,"href":"https:\/\/www.moskito.cz\/de\/wp-json\/wp\/v2\/product_cat?post=322514"},{"taxonomy":"product_tag","embeddable":true,"href":"https:\/\/www.moskito.cz\/de\/wp-json\/wp\/v2\/product_tag?post=322514"}],"curies":[{"name":"wp","href":"https:\/\/api.w.org\/{rel}","templated":true}]}}