{"id":322552,"date":"2022-12-08T22:22:39","date_gmt":"2024-03-20T11:06:57","guid":{"rendered":"https:\/\/www.moskito.cz\/produkt\/andre-de-villiers-messer-battle-cleaver-flame-anno-titangriffe\/"},"modified":"2025-05-07T11:07:14","modified_gmt":"2025-05-07T10:07:14","slug":"andre-de-villiers-messer-battle-cleaver-flame-anno-titangriffe","status":"publish","type":"product","link":"https:\/\/www.moskito.cz\/de\/produkt\/andre-de-villiers-messer-battle-cleaver-flame-anno-titangriffe\/","title":{"rendered":"Andre De Villiers Messer BATTLE CLEAVER-FLAME ANNO Titangriffe"},"content":{"rendered":"<p><strong>Andre De Villiers<\/strong> Messer BATTLE CLEAVER-FLAME ANNO Titangriffe.<\/p>\n<p>Das Battle Cleaver ist die n\u00e4chste Weiterentwicklung des Mid-Tech-Butcher-Designs von Andre De Villiers, das im Laufe seines Bestehens viele Ver\u00e4nderungen erfahren hat. Zuerst war es nur ein Einzelst\u00fcck, dann wurde daraus ein Mid-Tech-Modell, dann ein Tac-Modell, dann ein Classic-Modell und so weiter. Dieses Battle Cleaver ist dem Tac Butcher in Bezug auf Gr\u00f6\u00dfe, Haptik und Gewicht sehr \u00e4hnlich. alles au\u00dfer der Form der Klinge. Dieser verf\u00fcgt \u00fcber einen gebogenen 4-Zoll-Bohler-M390-Mei\u00dfel mit einer blutigen Rille, einem Duplex-Schliff und einem zweifarbigen Finish. Der Griff besteht aus k\u00fchlem, zweifarbigem S\u00e4ureregen-Titan mit Kupfereins\u00e4tzen auf jeder Seite und drehbaren Kupfermanschetten.<\/p>\n<p>Der Drehpunkt ist das, was dieses Messer und alle ADV-Klingen auszeichnet. Es verf\u00fcgt \u00fcber eine versenkte Torx-Schraube, die in den Stift passt und es Ihnen erm\u00f6glicht, den Stift festzuziehen und gleichzeitig die Zentrierung oder die allgemeine Laufruhe anzupassen. Diese Aktion ist gelinde gesagt sehr reibungslos. Die Riffelung an der Flossenlasche ist klar und funktionell; Bei diesem erstaunlichen Design wurde wirklich nichts \u00fcbersehen. Um das Schlie\u00dfen des Messers zu erleichtern, hat Andre eine gro\u00dfe Aussparung eingebaut und einen austauschbaren Verriegelungsstangeneinsatz eingebaut, der gleichzeitig als \u00dcberlaufsicherung dient. Der gefr\u00e4ste Titan-Taschenclip am Battle Cleaver sorgt f\u00fcr hervorragenden Halt in dicken Hosentaschen und verf\u00fcgt \u00fcber ein Rollball-Design f\u00fcr einfacheres Ziehen. Es ist vielleicht kein typisches Messer, aber nehmen Sie es in die Hand und Sie werden es sehen.<\/p>\n<p>Klingenl\u00e4nge: 10 cm<br \/>\nGesamtl\u00e4nge: 23 cm<br \/>\nKlingenmaterial: B\u00f6hler M390 Edelstahl<br \/>\nKlingenst\u00e4rke: 0,44 cm<br \/>\nKlingenstil: Recurve-Hackmesser<br \/>\nKlingenschliff: Duplex<br \/>\nOberfl\u00e4chenbehandlung der Klinge: zweifarbig<br \/>\nGriffmaterial: FLAME ANNO mit Kupfereinlagen<br \/>\nGriffst\u00e4rke: 1,35 cm<br \/>\nVerriegelungsmechanismus: Rahmenschloss<br \/>\nStiftbaugruppe: Lager<br \/>\nTaschenclip: Titan (klappbar, rechter Verschlei\u00df)<br \/>\nGewicht: 9,2 Unzen.<br \/>\nDesigner: Andre De Villiers<br \/>\nTitan-Backspacer mit Kupfereinlage<br \/>\nHergestellt in S\u00fcdafrika<\/p>\n","protected":false},"excerpt":{"rendered":"<p><strong>Der BATTLE CLEAVER-FLAME ANNO<\/strong> ist die n\u00e4chste Weiterentwicklung des Mid-Tech-Butcher-Designs von Andre De Villiers.<\/p>\n","protected":false},"featured_media":322553,"comment_status":"open","ping_status":"closed","template":"","meta":[],"pwb-brand":[3826],"product_brand":[],"product_cat":[3285,3303],"product_tag":[3669],"class_list":{"0":"post-322552","1":"product","2":"type-product","3":"status-publish","4":"has-post-thumbnail","6":"pwb-brand-andre-de-villiers-de","7":"product_cat-messer","8":"product_cat-schliesmesser","9":"product_tag-b2b-de","11":"first","12":"instock","13":"taxable","14":"shipping-taxable","15":"purchasable","16":"product-type-simple"},"brands":[{"id":3826,"name":"Andre De Villiers","slug":"andre-de-villiers-de"}],"_links":{"self":[{"href":"https:\/\/www.moskito.cz\/de\/wp-json\/wp\/v2\/product\/322552","targetHints":{"allow":["GET"]}}],"collection":[{"href":"https:\/\/www.moskito.cz\/de\/wp-json\/wp\/v2\/product"}],"about":[{"href":"https:\/\/www.moskito.cz\/de\/wp-json\/wp\/v2\/types\/product"}],"replies":[{"embeddable":true,"href":"https:\/\/www.moskito.cz\/de\/wp-json\/wp\/v2\/comments?post=322552"}],"wp:featuredmedia":[{"embeddable":true,"href":"https:\/\/www.moskito.cz\/de\/wp-json\/wp\/v2\/media\/322553"}],"wp:attachment":[{"href":"https:\/\/www.moskito.cz\/de\/wp-json\/wp\/v2\/media?parent=322552"}],"wp:term":[{"taxonomy":"pwb-brand","embeddable":true,"href":"https:\/\/www.moskito.cz\/de\/wp-json\/wp\/v2\/pwb-brand?post=322552"},{"taxonomy":"product_brand","embeddable":true,"href":"https:\/\/www.moskito.cz\/de\/wp-json\/wp\/v2\/product_brand?post=322552"},{"taxonomy":"product_cat","embeddable":true,"href":"https:\/\/www.moskito.cz\/de\/wp-json\/wp\/v2\/product_cat?post=322552"},{"taxonomy":"product_tag","embeddable":true,"href":"https:\/\/www.moskito.cz\/de\/wp-json\/wp\/v2\/product_tag?post=322552"}],"curies":[{"name":"wp","href":"https:\/\/api.w.org\/{rel}","templated":true}]}}