{"id":322579,"date":"2022-12-07T22:09:43","date_gmt":"2024-03-20T11:26:11","guid":{"rendered":"https:\/\/www.moskito.cz\/produkt\/andre-de-villiers-savage-s35vn-klappmesser-titangriffe\/"},"modified":"2025-05-07T11:07:15","modified_gmt":"2025-05-07T10:07:15","slug":"andre-de-villiers-savage-s35vn-klappmesser-titangriffe","status":"publish","type":"product","link":"https:\/\/www.moskito.cz\/de\/produkt\/andre-de-villiers-savage-s35vn-klappmesser-titangriffe\/","title":{"rendered":"Andre De Villiers Savage S35VN Klappmesser \u2013 Titangriffe"},"content":{"rendered":"<p><strong>Andre De Villiers<\/strong> Savage S35VN Klappmesser \u2013 Titangriffe.<\/p>\n<p>Das AdV Savage Messer hat eine glatte \u00d6ffnung mit einem Titan-Framelock. Die Paspelierung auf der R\u00fcckseite sorgt dort, wo der Daumen aufliegt, f\u00fcr mehr Kontrolle beim Gebrauch. Der solide Griff dieses Messers hat eine attraktive silberne, glatte Oberfl\u00e4che. Es ist ideal f\u00fcr den Einsatz im Freien wie Wandern, Camping und Angeln, aber es ist auch ein tolles Werkzeug, das Sie in Ihrem Handschuhfach, Nachttisch, Werkzeugkasten oder K\u00fcchenschublade aufbewahren k\u00f6nnen, sodass es beim t\u00e4glichen Schneiden immer griffbereit ist.<\/p>\n<p>Clip-Point-Stahlklinge CPM-S35VN mit schwarzem Finish.<br \/>\nCamo-Titangriff und Rahmenschloss.<br \/>\nEntriegelung des Rahmenschlosses aus Titan.<br \/>\n3-Wege-doppelseitiger Taschenclip f\u00fcr herunterklappbares\/herunterklappbares Tragen.<\/p>\n<p>Spezifikationen<br \/>\nGesamtl\u00e4nge: 23 cm<br \/>\nKlingenl\u00e4nge: 10 cm<br \/>\nKlingenst\u00e4rke: 0,5 cm<br \/>\nKlingenmaterial: CPM S35VN<br \/>\nGriffmaterial: Titan<br \/>\nFarbe: Camo<br \/>\nGewicht: 8,62 Unzen.<br \/>\nBenutzer: Rechte Hand, linke Hand<br \/>\nTaschenclip: 3-fach umkehrbar<br \/>\nMessertyp: Manuell<br \/>\nOpener: Flipper, Nail Nick<br \/>\nSchlosstyp: Rahmenschloss<br \/>\nMarke: Andr\u00e9 de Villiers<br \/>\nBeste Verwendung: Alltagstragen, taktisch<\/p>\n","protected":false},"excerpt":{"rendered":"<p>Das AdV Savage Messer hat eine glatte \u00d6ffnung mit einem Titan-Framelock.<\/p>\n","protected":false},"featured_media":322580,"comment_status":"open","ping_status":"closed","template":"","meta":[],"pwb-brand":[3826],"product_brand":[],"product_cat":[3303,3285],"product_tag":[3669],"class_list":{"0":"post-322579","1":"product","2":"type-product","3":"status-publish","4":"has-post-thumbnail","6":"pwb-brand-andre-de-villiers-de","7":"product_cat-schliesmesser","8":"product_cat-messer","9":"product_tag-b2b-de","11":"first","12":"outofstock","13":"taxable","14":"shipping-taxable","15":"purchasable","16":"product-type-simple"},"brands":[{"id":3826,"name":"Andre De Villiers","slug":"andre-de-villiers-de"}],"_links":{"self":[{"href":"https:\/\/www.moskito.cz\/de\/wp-json\/wp\/v2\/product\/322579","targetHints":{"allow":["GET"]}}],"collection":[{"href":"https:\/\/www.moskito.cz\/de\/wp-json\/wp\/v2\/product"}],"about":[{"href":"https:\/\/www.moskito.cz\/de\/wp-json\/wp\/v2\/types\/product"}],"replies":[{"embeddable":true,"href":"https:\/\/www.moskito.cz\/de\/wp-json\/wp\/v2\/comments?post=322579"}],"wp:featuredmedia":[{"embeddable":true,"href":"https:\/\/www.moskito.cz\/de\/wp-json\/wp\/v2\/media\/322580"}],"wp:attachment":[{"href":"https:\/\/www.moskito.cz\/de\/wp-json\/wp\/v2\/media?parent=322579"}],"wp:term":[{"taxonomy":"pwb-brand","embeddable":true,"href":"https:\/\/www.moskito.cz\/de\/wp-json\/wp\/v2\/pwb-brand?post=322579"},{"taxonomy":"product_brand","embeddable":true,"href":"https:\/\/www.moskito.cz\/de\/wp-json\/wp\/v2\/product_brand?post=322579"},{"taxonomy":"product_cat","embeddable":true,"href":"https:\/\/www.moskito.cz\/de\/wp-json\/wp\/v2\/product_cat?post=322579"},{"taxonomy":"product_tag","embeddable":true,"href":"https:\/\/www.moskito.cz\/de\/wp-json\/wp\/v2\/product_tag?post=322579"}],"curies":[{"name":"wp","href":"https:\/\/api.w.org\/{rel}","templated":true}]}}