{"id":322741,"date":"2023-04-17T19:39:33","date_gmt":"2024-03-20T12:24:38","guid":{"rendered":"https:\/\/www.moskito.cz\/produkt\/schliessmesser-chaves-knives-ultramar-sangre-229-sw-bg10-bf\/"},"modified":"2025-05-07T11:07:20","modified_gmt":"2025-05-07T10:07:20","slug":"schliessmesser-chaves-knives-ultramar-sangre-229-sw-bg10-bf","status":"publish","type":"product","link":"https:\/\/www.moskito.cz\/de\/produkt\/schliessmesser-chaves-knives-ultramar-sangre-229-sw-bg10-bf\/","title":{"rendered":"Schlie\u00dfmesser Chaves Knives Ultramar Sangre 229\/SW\/BG10\/BF"},"content":{"rendered":"<p>Schlie\u00dfmesser <strong>Chaves Knives<\/strong> Ultramar Sangre 229\/SW\/BG10\/BF<\/p>\n<p>Die <strong>Chaves Ultramar-<\/strong> Messer von Ramon Chavez werden von Reate Knives hergestellt, das sich zum Ziel gesetzt hat, seine erstaunlichen Messer einem breiteren Publikum zug\u00e4nglich zu machen. Es gibt eine Reihe verschiedener Modelle, darunter die Serienversion seines ber\u00fchmten Redencion-Messers, das in der Messerwelt eine Ikone ist. Jedes hat seinen charakteristischen Titan-Totenkopf-Taschenclip, einen austauschbaren Schlosseinsatz und eine Bohler M390-Satinklinge am G\u00fcrtel. Sie eignen sich perfekt f\u00fcr den Alltag und Reate hat Ramons unglaubliche Aktion perfekt nachgebildet, sodass sie sich wie das Original drehen!<\/p>\n<p>Der Sangre 229 ist ein v\u00f6llig anderes Tier als der Ramon Chavez, bei dessen Design die praktische Funktionalit\u00e4t im Vordergrund steht. Wenn Sie etwas von Ramon suchen, aber nicht seinen Redencion oder seinen \u00e4hnlichen Bruder Lib\u00e9ration, ist der Sangre das richtige Modell f\u00fcr Sie. Es kombiniert eine Wharncliffe-Klinge mit einem schlanken, abgeschr\u00e4gten Titangriff, der an Ramons ber\u00fchmtes 228-Design erinnert. Trotz der kastenf\u00f6rmigen Kanten ist es \u00e4u\u00dferst bequem und Sie haben diesen robusten Ordner \u00e4u\u00dferst fest im Griff. Das Rahmenschloss ist mit einem austauschbaren Lockbar-Einsatz\/Override-D\u00e4mpfer ausgestattet und das Messer ist mit einem teilweisen Backspacer aus Titan ausgestattet. Wenn Ramon Chavez schon seit einiger Zeit auf Ihrer Wunschliste steht, aber immer noch au\u00dferhalb Ihrer Preisspanne liegt, dann schauen Sie sich den Chaves Ultramar an. F\u00fcr das Geld k\u00f6nnen wir uns kein besseres Serienmesser der Mittelklasse vorstellen.<\/p>\n<p>Spezifikationen<br \/>\nKlingenl\u00e4nge: 9,37 cm<br \/>\nSchnittkante: 8,43 cm<br \/>\nL\u00e4nge geschlossen: 11,25 cm<br \/>\nGesamtl\u00e4nge: 20,62 cm<br \/>\nKlingenmaterial: B\u00f6hler M390 Edelstahl<br \/>\nKlingenst\u00e4rke: 0,39 cm<br \/>\nKlingenstil: Wharncliffe<br \/>\nKlingenschliff: Flach<br \/>\nKlingenoberfl\u00e4che: Belt Satin<br \/>\nGriffmaterial: Schwarzes G10 und Stonewashed-Titan<br \/>\nGriffst\u00e4rke: 1,35 cm<br \/>\nVerriegelungsmechanismus: Rahmenschloss<br \/>\nStiftbaugruppe: Lager<br \/>\nTaschenclip: Titan (klappbar, rechter Verschlei\u00df)<br \/>\nGewicht: 4,80 Unzen.<br \/>\nDesigner: Ramon Chavez<br \/>\nTitan-Backspacer<\/p>\n","protected":false},"excerpt":{"rendered":"<p><strong>Chaves-Messer sind f\u00fcr den harten Einsatz konzipiert und bestehen aus den besten Materialien f\u00fcr Langlebigkeit und Schnitthaltigkeit. Mehr als nur ein funktionelles Messer, ein ernstzunehmendes Schneidwerkzeug, das ein Leben lang h\u00e4lt.<\/strong><\/p>\n<p><strong>Ramon und Lorrie Chavez.<\/strong><\/p>\n","protected":false},"featured_media":322747,"comment_status":"open","ping_status":"closed","template":"","meta":[],"pwb-brand":[3828],"product_brand":[],"product_cat":[3285,3303],"product_tag":[3669],"class_list":{"0":"post-322741","1":"product","2":"type-product","3":"status-publish","4":"has-post-thumbnail","6":"pwb-brand-chavez-messer","7":"product_cat-messer","8":"product_cat-schliesmesser","9":"product_tag-b2b-de","11":"first","12":"instock","13":"taxable","14":"shipping-taxable","15":"purchasable","16":"product-type-simple"},"brands":[{"id":3828,"name":"Ch\u00e1vez-Messer","slug":"chavez-messer"}],"_links":{"self":[{"href":"https:\/\/www.moskito.cz\/de\/wp-json\/wp\/v2\/product\/322741","targetHints":{"allow":["GET"]}}],"collection":[{"href":"https:\/\/www.moskito.cz\/de\/wp-json\/wp\/v2\/product"}],"about":[{"href":"https:\/\/www.moskito.cz\/de\/wp-json\/wp\/v2\/types\/product"}],"replies":[{"embeddable":true,"href":"https:\/\/www.moskito.cz\/de\/wp-json\/wp\/v2\/comments?post=322741"}],"wp:featuredmedia":[{"embeddable":true,"href":"https:\/\/www.moskito.cz\/de\/wp-json\/wp\/v2\/media\/322747"}],"wp:attachment":[{"href":"https:\/\/www.moskito.cz\/de\/wp-json\/wp\/v2\/media?parent=322741"}],"wp:term":[{"taxonomy":"pwb-brand","embeddable":true,"href":"https:\/\/www.moskito.cz\/de\/wp-json\/wp\/v2\/pwb-brand?post=322741"},{"taxonomy":"product_brand","embeddable":true,"href":"https:\/\/www.moskito.cz\/de\/wp-json\/wp\/v2\/product_brand?post=322741"},{"taxonomy":"product_cat","embeddable":true,"href":"https:\/\/www.moskito.cz\/de\/wp-json\/wp\/v2\/product_cat?post=322741"},{"taxonomy":"product_tag","embeddable":true,"href":"https:\/\/www.moskito.cz\/de\/wp-json\/wp\/v2\/product_tag?post=322741"}],"curies":[{"name":"wp","href":"https:\/\/api.w.org\/{rel}","templated":true}]}}