{"id":322902,"date":"2023-04-18T20:54:11","date_gmt":"2024-03-20T12:25:54","guid":{"rendered":"https:\/\/www.moskito.cz\/produkt\/chaves-knives-ultramar-titanium-twist-cap-pen-pen-t\/"},"modified":"2025-05-07T11:07:23","modified_gmt":"2025-05-07T10:07:23","slug":"chaves-knives-ultramar-titanium-twist-cap-pen-pen-t","status":"publish","type":"product","link":"https:\/\/www.moskito.cz\/de\/produkt\/chaves-knives-ultramar-titanium-twist-cap-pen-pen-t\/","title":{"rendered":"Chaves Knives Ultramar Titanium Twist Cap Pen PEN\/T"},"content":{"rendered":"<p><strong>Chaves Knives<\/strong> Ultramar Titanium Twist Cap Pen PEN\/T<\/p>\n<p>Der Chaves Twist Cap Pen besteht aus massivem Titan und hat eine sch\u00f6ne Form f\u00fcr Ihre Finger, die eine ergonomische Verwendung unterst\u00fctzt. Die Schmidt easyFLOW 9000 M-Mine schreibt \u00e4u\u00dferst reibungslos und Ramon&#8217;s hat am hinteren Ende des Stifts einen Platz, an dem Sie die Kappe aufbewahren k\u00f6nnen, w\u00e4hrend Sie schreiben. Sie werden vielleicht spotten, aber das ist nicht immer der Fall, und wir freuen uns, dies hier zu sehen. Der Chaves-Kugelschreiber mit Drehkappe f\u00fchlt sich \u00e4u\u00dferst solide an \u2013 als k\u00f6nnte er mit absolut allem umgehen und trotzdem mit einer sch\u00f6nen Unterschrift unterschreiben. Ausgestattet mit Ramons charakteristischer Titan-Totenkopftasche, die eine der besten, wenn nicht sogar die beste in der Branche ist, wurde sie mit Stolz von Reate Knives hergestellt.<\/p>\n<p>Spezifikationen<br \/>\nMaterial: Titan<br \/>\nGesamtl\u00e4nge: 12,29 cm<br \/>\nOffene Gesamtl\u00e4nge: 16,40 cm<br \/>\nDicke: 1,27 cm<br \/>\nGewicht: 1,83 Unzen. (52g)<br \/>\nNachf\u00fcllung: Schmidt easyFLOW 9000 M<br \/>\nDesigner: Ramon Chavez<\/p>\n","protected":false},"excerpt":{"rendered":"<p><strong>Chaves-Messer sind f\u00fcr den harten Einsatz konzipiert und bestehen aus den besten Materialien f\u00fcr Langlebigkeit und Schnitthaltigkeit. Mehr als nur ein funktionelles Messer, ein ernstzunehmendes Schneidwerkzeug, das ein Leben lang h\u00e4lt.<\/strong><\/p>\n<p><strong>Ramon und Lorrie Chavez.<\/strong><\/p>\n","protected":false},"featured_media":322915,"comment_status":"open","ping_status":"closed","template":"","meta":[],"pwb-brand":[3828],"product_brand":[],"product_cat":[3285,3303],"product_tag":[3669],"class_list":{"0":"post-322902","1":"product","2":"type-product","3":"status-publish","4":"has-post-thumbnail","6":"pwb-brand-chavez-messer","7":"product_cat-messer","8":"product_cat-schliesmesser","9":"product_tag-b2b-de","11":"first","12":"outofstock","13":"taxable","14":"shipping-taxable","15":"purchasable","16":"product-type-simple"},"brands":[{"id":3828,"name":"Ch\u00e1vez-Messer","slug":"chavez-messer"}],"_links":{"self":[{"href":"https:\/\/www.moskito.cz\/de\/wp-json\/wp\/v2\/product\/322902","targetHints":{"allow":["GET"]}}],"collection":[{"href":"https:\/\/www.moskito.cz\/de\/wp-json\/wp\/v2\/product"}],"about":[{"href":"https:\/\/www.moskito.cz\/de\/wp-json\/wp\/v2\/types\/product"}],"replies":[{"embeddable":true,"href":"https:\/\/www.moskito.cz\/de\/wp-json\/wp\/v2\/comments?post=322902"}],"wp:featuredmedia":[{"embeddable":true,"href":"https:\/\/www.moskito.cz\/de\/wp-json\/wp\/v2\/media\/322915"}],"wp:attachment":[{"href":"https:\/\/www.moskito.cz\/de\/wp-json\/wp\/v2\/media?parent=322902"}],"wp:term":[{"taxonomy":"pwb-brand","embeddable":true,"href":"https:\/\/www.moskito.cz\/de\/wp-json\/wp\/v2\/pwb-brand?post=322902"},{"taxonomy":"product_brand","embeddable":true,"href":"https:\/\/www.moskito.cz\/de\/wp-json\/wp\/v2\/product_brand?post=322902"},{"taxonomy":"product_cat","embeddable":true,"href":"https:\/\/www.moskito.cz\/de\/wp-json\/wp\/v2\/product_cat?post=322902"},{"taxonomy":"product_tag","embeddable":true,"href":"https:\/\/www.moskito.cz\/de\/wp-json\/wp\/v2\/product_tag?post=322902"}],"curies":[{"name":"wp","href":"https:\/\/api.w.org\/{rel}","templated":true}]}}