{"id":322921,"date":"2023-04-18T19:45:44","date_gmt":"2024-03-20T12:26:00","guid":{"rendered":"https:\/\/www.moskito.cz\/produkt\/chaves-knives-ultramar-liberation-stonewashed-titanium-st-ldp-bg10-bf-klappmesser\/"},"modified":"2025-05-07T11:07:24","modified_gmt":"2025-05-07T10:07:24","slug":"chaves-knives-ultramar-liberation-stonewashed-titanium-st-ldp-bg10-bf-klappmesser","status":"publish","type":"product","link":"https:\/\/www.moskito.cz\/de\/produkt\/chaves-knives-ultramar-liberation-stonewashed-titanium-st-ldp-bg10-bf-klappmesser\/","title":{"rendered":"Chaves Knives Ultramar Liberation Stonewashed Titanium ST\/LDP\/BG10\/BF Klappmesser"},"content":{"rendered":"<p><strong>Chaves Knives<\/strong> Ultramar Liberation Stonewashed Titanium ST\/LDP\/BG10\/BF Klappmesser<\/p>\n<p>Die Chaves Ultramar- Messer von Ramon Chavez werden von Reate Knives hergestellt, das sich zum Ziel gesetzt hat, seine erstaunlichen Messer einem breiteren Publikum zug\u00e4nglich zu machen. Es gibt eine Reihe verschiedener Modelle, darunter die Serienversion seines ber\u00fchmten Redencion-Messers, das in der Messerwelt eine Ikone ist. Jeder f\u00fchlt sich wie einer seiner Mid-Techs und verf\u00fcgt \u00fcber seinen charakteristischen Titan-Totenkopf-Taschenclip. Sie eignen sich perfekt f\u00fcr den Alltag und Reate hat Ramons unglaubliche Aktion perfekt nachgebildet, sodass sie sich wie das Original drehen!<\/p>\n<p>Dieses Liberation Street ist eine Variation des Redencion-Modells, jedoch mit einem schlankeren Klingen- und Griffprofil. Es verf\u00fcgt \u00fcber eine gerippte Oberfl\u00e4che f\u00fcr eine schnellere und intuitivere Entfaltung, die in ge\u00f6ffneter Position auch als Fingerschutz fungiert. Die schlanke Drop-Point-Klinge ist mit einem eckigen Griff aus G10 und Titan ausgestattet, der f\u00fcr einfaches Tragen konzipiert ist. Der Framelock ist mit einem austauschbaren Lockbar-Einsatz ausgestattet und das Messer wird durch einen partiellen Backspacer aus Titan abgerundet. Wenn Ramon Chavez schon seit einiger Zeit auf Ihrer Wunschliste steht, aber immer noch au\u00dferhalb Ihrer Preisspanne liegt, dann schauen Sie sich den Chaves Ultramar an. F\u00fcr das Geld k\u00f6nnen wir uns kein besseres Serienmesser der Mittelklasse vorstellen.<\/p>\n<p>Spezifikationen<br \/>\nKlingenl\u00e4nge: 8,43 cm<br \/>\nSchnittkante: 7,37 cm<br \/>\nL\u00e4nge geschlossen: 10,5 cm<br \/>\nGesamtl\u00e4nge: 18,75 cm<br \/>\nKlingenmaterial: Edelstahl M390<br \/>\nKlingenst\u00e4rke: 0,4 cm<br \/>\nKlingenstil: Drop Point<br \/>\nKlingenschliff: Hohl<br \/>\nKlingenoberfl\u00e4che: Belt Satin<br \/>\nGriffmaterial: Schwarzes G10 und Stonewashed-Titan<br \/>\nGriffst\u00e4rke: 1,36 cm<br \/>\nVerriegelungsmechanismus: Rahmenschloss<br \/>\nStiftbaugruppe: Lager<br \/>\nTaschenclip: Stonewashed-Titan (Tip-Up, rechte Trageweise)<br \/>\nGewicht: 4,09 Unzen<br \/>\nDesigner: Ramon Chavez<br \/>\nTitan-Backspacer<\/p>\n","protected":false},"excerpt":{"rendered":"<p><strong>Chaves-Messer sind f\u00fcr den harten Einsatz konzipiert und bestehen aus den besten Materialien f\u00fcr Langlebigkeit und Schnitthaltigkeit. Mehr als nur ein funktionelles Messer, ein ernstzunehmendes Schneidwerkzeug, das ein Leben lang h\u00e4lt.<\/strong><\/p>\n<p><strong>Ramon und Lorrie Chavez.<\/strong><\/p>\n","protected":false},"featured_media":322926,"comment_status":"open","ping_status":"closed","template":"","meta":[],"pwb-brand":[3828],"product_brand":[],"product_cat":[3285,3303],"product_tag":[3669],"class_list":{"0":"post-322921","1":"product","2":"type-product","3":"status-publish","4":"has-post-thumbnail","6":"pwb-brand-chavez-messer","7":"product_cat-messer","8":"product_cat-schliesmesser","9":"product_tag-b2b-de","11":"first","12":"instock","13":"taxable","14":"shipping-taxable","15":"purchasable","16":"product-type-simple"},"brands":[{"id":3828,"name":"Ch\u00e1vez-Messer","slug":"chavez-messer"}],"_links":{"self":[{"href":"https:\/\/www.moskito.cz\/de\/wp-json\/wp\/v2\/product\/322921","targetHints":{"allow":["GET"]}}],"collection":[{"href":"https:\/\/www.moskito.cz\/de\/wp-json\/wp\/v2\/product"}],"about":[{"href":"https:\/\/www.moskito.cz\/de\/wp-json\/wp\/v2\/types\/product"}],"replies":[{"embeddable":true,"href":"https:\/\/www.moskito.cz\/de\/wp-json\/wp\/v2\/comments?post=322921"}],"wp:featuredmedia":[{"embeddable":true,"href":"https:\/\/www.moskito.cz\/de\/wp-json\/wp\/v2\/media\/322926"}],"wp:attachment":[{"href":"https:\/\/www.moskito.cz\/de\/wp-json\/wp\/v2\/media?parent=322921"}],"wp:term":[{"taxonomy":"pwb-brand","embeddable":true,"href":"https:\/\/www.moskito.cz\/de\/wp-json\/wp\/v2\/pwb-brand?post=322921"},{"taxonomy":"product_brand","embeddable":true,"href":"https:\/\/www.moskito.cz\/de\/wp-json\/wp\/v2\/product_brand?post=322921"},{"taxonomy":"product_cat","embeddable":true,"href":"https:\/\/www.moskito.cz\/de\/wp-json\/wp\/v2\/product_cat?post=322921"},{"taxonomy":"product_tag","embeddable":true,"href":"https:\/\/www.moskito.cz\/de\/wp-json\/wp\/v2\/product_tag?post=322921"}],"curies":[{"name":"wp","href":"https:\/\/api.w.org\/{rel}","templated":true}]}}